{"id":1080,"date":"2015-06-08T17:02:27","date_gmt":"2015-06-08T17:02:27","guid":{"rendered":"https:\/\/ebrav.wordpress.com\/?page_id=1080"},"modified":"2015-06-08T17:02:27","modified_gmt":"2015-06-08T17:02:27","slug":"sortie-juin-2015-la-convergence-francilienne","status":"publish","type":"page","link":"https:\/\/rueilavelo.fr\/rav\/photos\/sortie-juin-2015-la-convergence-francilienne\/","title":{"rendered":"Sortie Juin 2015 : la convergence francilienne"},"content":{"rendered":"<p>Nous avons particip\u00e9 \u00e0 la convergence 2015 : des cort\u00e8ges de cyclistes venant de toute l&rsquo;ile de France se retrouvent \u00e0 Paris pour un pique nique g\u00e9ant aux Invalides.( plus d&rsquo;info : <a href=\"http:\/\/www.mdb-idf.org\/spip\/spip.php?article55\">ici<\/a> )<\/p>\n<p>Le temps \u00e9tait superbe, l\u2019ambiance conviviale\u00a0 et l&rsquo;organisation au top.<\/p>\n<p>Voici quelques photos de cette belle journ\u00e9e:<\/p>\n<p>D\u00e9part du pont de Chatou :<\/p>\n<p><a href=\"https:\/\/rueilavelo.fr\/rav\/wp-content\/uploads\/2015\/06\/dsc02674.jpg\"><img loading=\"lazy\" decoding=\"async\" class=\"alignnone size-medium wp-image-1073\" src=\"https:\/\/rueilavelo.fr\/rav\/wp-content\/uploads\/2015\/06\/dsc02674.jpg?w=300\" alt=\"DSC02674\" width=\"300\" height=\"225\" srcset=\"https:\/\/rueilavelo.fr\/rav\/wp-content\/uploads\/2015\/06\/dsc02674.jpg 640w, https:\/\/rueilavelo.fr\/rav\/wp-content\/uploads\/2015\/06\/dsc02674-300x225.jpg 300w\" sizes=\"auto, (max-width: 300px) 100vw, 300px\" \/><\/a><\/p>\n<p>Point de rassemblement et collation \u00e0 la mairie de Houilles :<\/p>\n<p><a href=\"https:\/\/rueilavelo.fr\/rav\/wp-content\/uploads\/2015\/06\/dsc02675.jpg\"><img loading=\"lazy\" decoding=\"async\" class=\"alignnone size-medium wp-image-1074\" src=\"https:\/\/rueilavelo.fr\/rav\/wp-content\/uploads\/2015\/06\/dsc02675.jpg?w=300\" alt=\"DSC02675\" width=\"300\" height=\"225\" srcset=\"https:\/\/rueilavelo.fr\/rav\/wp-content\/uploads\/2015\/06\/dsc02675.jpg 640w, https:\/\/rueilavelo.fr\/rav\/wp-content\/uploads\/2015\/06\/dsc02675-300x225.jpg 300w\" sizes=\"auto, (max-width: 300px) 100vw, 300px\" \/><\/a><\/p>\n<p>Regroupement des tous les cort\u00e8ges devant le Louvre :<\/p>\n<p><a href=\"https:\/\/rueilavelo.fr\/rav\/wp-content\/uploads\/2015\/06\/dsc02689.jpg\"><img loading=\"lazy\" decoding=\"async\" class=\"alignnone size-medium wp-image-1076\" src=\"https:\/\/rueilavelo.fr\/rav\/wp-content\/uploads\/2015\/06\/dsc02689.jpg?w=300\" alt=\"DSC02689\" width=\"300\" height=\"225\" srcset=\"https:\/\/rueilavelo.fr\/rav\/wp-content\/uploads\/2015\/06\/dsc02689.jpg 640w, https:\/\/rueilavelo.fr\/rav\/wp-content\/uploads\/2015\/06\/dsc02689-300x225.jpg 300w\" sizes=\"auto, (max-width: 300px) 100vw, 300px\" \/><\/a> <a href=\"https:\/\/rueilavelo.fr\/rav\/wp-content\/uploads\/2015\/06\/dsc02686.jpg\"><img loading=\"lazy\" decoding=\"async\" class=\"alignnone size-medium wp-image-1075\" src=\"https:\/\/rueilavelo.fr\/rav\/wp-content\/uploads\/2015\/06\/dsc02686.jpg?w=300\" alt=\"DSC02686\" width=\"300\" height=\"225\" srcset=\"https:\/\/rueilavelo.fr\/rav\/wp-content\/uploads\/2015\/06\/dsc02686.jpg 640w, https:\/\/rueilavelo.fr\/rav\/wp-content\/uploads\/2015\/06\/dsc02686-300x225.jpg 300w\" sizes=\"auto, (max-width: 300px) 100vw, 300px\" \/><\/a><\/p>\n<p>La place de la Concorde :<\/p>\n<p><a href=\"https:\/\/rueilavelo.fr\/rav\/wp-content\/uploads\/2015\/06\/dsc02694.jpg\"><img loading=\"lazy\" decoding=\"async\" class=\"alignnone size-medium wp-image-1077\" src=\"https:\/\/rueilavelo.fr\/rav\/wp-content\/uploads\/2015\/06\/dsc02694.jpg?w=300\" alt=\"DSC02694\" width=\"300\" height=\"225\" srcset=\"https:\/\/rueilavelo.fr\/rav\/wp-content\/uploads\/2015\/06\/dsc02694.jpg 640w, https:\/\/rueilavelo.fr\/rav\/wp-content\/uploads\/2015\/06\/dsc02694-300x225.jpg 300w\" sizes=\"auto, (max-width: 300px) 100vw, 300px\" \/><\/a><\/p>\n<p>&nbsp;<\/p>\n<p>enfin, le pique nique bien m\u00e9rit\u00e9 &#8230;..<\/p>\n<p><a href=\"https:\/\/rueilavelo.fr\/rav\/wp-content\/uploads\/2015\/06\/dsc02696.jpg\"><img loading=\"lazy\" decoding=\"async\" class=\"alignnone size-medium wp-image-1078\" src=\"https:\/\/rueilavelo.fr\/rav\/wp-content\/uploads\/2015\/06\/dsc02696.jpg?w=300\" alt=\"DSC02696\" width=\"300\" height=\"225\" srcset=\"https:\/\/rueilavelo.fr\/rav\/wp-content\/uploads\/2015\/06\/dsc02696.jpg 640w, https:\/\/rueilavelo.fr\/rav\/wp-content\/uploads\/2015\/06\/dsc02696-300x225.jpg 300w\" sizes=\"auto, (max-width: 300px) 100vw, 300px\" \/><\/a><\/p>\n<p>Retour par les Champs \u00c9lys\u00e9es et la D\u00e9fense ( ouverte aux v\u00e9los)<\/p>\n<p><a href=\"https:\/\/rueilavelo.fr\/rav\/wp-content\/uploads\/2015\/06\/dsc02704.jpg\"><img loading=\"lazy\" decoding=\"async\" class=\"alignnone size-medium wp-image-1079\" src=\"https:\/\/rueilavelo.fr\/rav\/wp-content\/uploads\/2015\/06\/dsc02704.jpg?w=300\" alt=\"DSC02704\" width=\"300\" height=\"225\" srcset=\"https:\/\/rueilavelo.fr\/rav\/wp-content\/uploads\/2015\/06\/dsc02704.jpg 640w, https:\/\/rueilavelo.fr\/rav\/wp-content\/uploads\/2015\/06\/dsc02704-300x225.jpg 300w\" sizes=\"auto, (max-width: 300px) 100vw, 300px\" \/><\/a><\/p>\n<p>&nbsp;<\/p>\n","protected":false},"excerpt":{"rendered":"<p>Nous avons particip\u00e9 \u00e0 la convergence 2015 : des cort\u00e8ges de cyclistes venant de toute l&rsquo;ile de France se retrouvent &hellip; <a href=\"https:\/\/rueilavelo.fr\/rav\/photos\/sortie-juin-2015-la-convergence-francilienne\/\" class=\"more-link\">Plus <span class=\"screen-reader-text\">Sortie Juin 2015 : la convergence francilienne<\/span> <span class=\"meta-nav\">&rarr;<\/span><\/a><\/p>\n","protected":false},"author":5,"featured_media":0,"parent":54,"menu_order":28,"comment_status":"closed","ping_status":"open","template":"","meta":{"footnotes":""},"class_list":["post-1080","page","type-page","status-publish","hentry"],"_links":{"self":[{"href":"https:\/\/rueilavelo.fr\/rav\/wp-json\/wp\/v2\/pages\/1080","targetHints":{"allow":["GET"]}}],"collection":[{"href":"https:\/\/rueilavelo.fr\/rav\/wp-json\/wp\/v2\/pages"}],"about":[{"href":"https:\/\/rueilavelo.fr\/rav\/wp-json\/wp\/v2\/types\/page"}],"author":[{"embeddable":true,"href":"https:\/\/rueilavelo.fr\/rav\/wp-json\/wp\/v2\/users\/5"}],"replies":[{"embeddable":true,"href":"https:\/\/rueilavelo.fr\/rav\/wp-json\/wp\/v2\/comments?post=1080"}],"version-history":[{"count":0,"href":"https:\/\/rueilavelo.fr\/rav\/wp-json\/wp\/v2\/pages\/1080\/revisions"}],"up":[{"embeddable":true,"href":"https:\/\/rueilavelo.fr\/rav\/wp-json\/wp\/v2\/pages\/54"}],"wp:attachment":[{"href":"https:\/\/rueilavelo.fr\/rav\/wp-json\/wp\/v2\/media?parent=1080"}],"curies":[{"name":"wp","href":"https:\/\/api.w.org\/{rel}","templated":true}]}}