{"id":1134,"date":"2015-10-06T15:57:07","date_gmt":"2015-10-06T15:57:07","guid":{"rendered":"https:\/\/ebrav.wordpress.com\/?page_id=1134"},"modified":"2025-12-31T17:12:36","modified_gmt":"2025-12-31T16:12:36","slug":"sortie-octobre-2015","status":"publish","type":"page","link":"https:\/\/rueilavelo.fr\/rav\/photos\/sortie-octobre-2015\/","title":{"rendered":"Sortie octobre 2015"},"content":{"rendered":"<p>Notre sortie du mois d&rsquo;Octobre s&rsquo;est d\u00e9roul\u00e9e sous un beau soleil et nous a amen\u00e9 jusqu&rsquo;\u00e0 Maisons-Laffitte .<\/p>\n<p><img loading=\"lazy\" decoding=\"async\" class=\"aligncenter wp-image-1132 size-large\" src=\"https:\/\/rueilavelo.fr\/rav\/wp-content\/uploads\/2015\/10\/sortie-oct2015_3-e1747302415956-1024x768.jpg\" alt=\"\" width=\"825\" height=\"619\" srcset=\"https:\/\/rueilavelo.fr\/rav\/wp-content\/uploads\/2015\/10\/sortie-oct2015_3-e1747302415956-1024x768.jpg 1024w, https:\/\/rueilavelo.fr\/rav\/wp-content\/uploads\/2015\/10\/sortie-oct2015_3-e1747302415956-300x225.jpg 300w, https:\/\/rueilavelo.fr\/rav\/wp-content\/uploads\/2015\/10\/sortie-oct2015_3-e1747302415956-768x576.jpg 768w, https:\/\/rueilavelo.fr\/rav\/wp-content\/uploads\/2015\/10\/sortie-oct2015_3-e1747302415956-1536x1152.jpg 1536w, https:\/\/rueilavelo.fr\/rav\/wp-content\/uploads\/2015\/10\/sortie-oct2015_3-e1747302415956.jpg 2000w\" sizes=\"auto, (max-width: 825px) 100vw, 825px\" \/><\/p>\n<p><a href=\"https:\/\/rueilavelo.fr\/rav\/wp-content\/uploads\/2015\/10\/sortie-oct2015_4.jpg\"><img loading=\"lazy\" decoding=\"async\" class=\"aligncenter wp-image-1133 size-large\" src=\"https:\/\/rueilavelo.fr\/rav\/wp-content\/uploads\/2015\/10\/sortie-oct2015_4-e1747302403514-1024x768.jpg\" alt=\"sortie oct2015_4\" width=\"825\" height=\"619\" srcset=\"https:\/\/rueilavelo.fr\/rav\/wp-content\/uploads\/2015\/10\/sortie-oct2015_4-e1747302403514-1024x768.jpg 1024w, https:\/\/rueilavelo.fr\/rav\/wp-content\/uploads\/2015\/10\/sortie-oct2015_4-e1747302403514-300x225.jpg 300w, https:\/\/rueilavelo.fr\/rav\/wp-content\/uploads\/2015\/10\/sortie-oct2015_4-e1747302403514-768x576.jpg 768w, https:\/\/rueilavelo.fr\/rav\/wp-content\/uploads\/2015\/10\/sortie-oct2015_4-e1747302403514-1536x1152.jpg 1536w, https:\/\/rueilavelo.fr\/rav\/wp-content\/uploads\/2015\/10\/sortie-oct2015_4-e1747302403514.jpg 2000w\" sizes=\"auto, (max-width: 825px) 100vw, 825px\" \/><\/a><\/p>\n","protected":false},"excerpt":{"rendered":"<p>Notre sortie du mois d&rsquo;Octobre s&rsquo;est d\u00e9roul\u00e9e sous un beau soleil et nous a amen\u00e9 jusqu&rsquo;\u00e0 Maisons-Laffitte .<\/p>\n","protected":false},"author":5,"featured_media":0,"parent":54,"menu_order":19,"comment_status":"closed","ping_status":"closed","template":"","meta":{"footnotes":""},"class_list":["post-1134","page","type-page","status-publish","hentry"],"_links":{"self":[{"href":"https:\/\/rueilavelo.fr\/rav\/wp-json\/wp\/v2\/pages\/1134","targetHints":{"allow":["GET"]}}],"collection":[{"href":"https:\/\/rueilavelo.fr\/rav\/wp-json\/wp\/v2\/pages"}],"about":[{"href":"https:\/\/rueilavelo.fr\/rav\/wp-json\/wp\/v2\/types\/page"}],"author":[{"embeddable":true,"href":"https:\/\/rueilavelo.fr\/rav\/wp-json\/wp\/v2\/users\/5"}],"replies":[{"embeddable":true,"href":"https:\/\/rueilavelo.fr\/rav\/wp-json\/wp\/v2\/comments?post=1134"}],"version-history":[{"count":1,"href":"https:\/\/rueilavelo.fr\/rav\/wp-json\/wp\/v2\/pages\/1134\/revisions"}],"predecessor-version":[{"id":5257,"href":"https:\/\/rueilavelo.fr\/rav\/wp-json\/wp\/v2\/pages\/1134\/revisions\/5257"}],"up":[{"embeddable":true,"href":"https:\/\/rueilavelo.fr\/rav\/wp-json\/wp\/v2\/pages\/54"}],"wp:attachment":[{"href":"https:\/\/rueilavelo.fr\/rav\/wp-json\/wp\/v2\/media?parent=1134"}],"curies":[{"name":"wp","href":"https:\/\/api.w.org\/{rel}","templated":true}]}}