{"id":1173,"date":"2015-12-07T18:24:37","date_gmt":"2015-12-07T18:24:37","guid":{"rendered":"https:\/\/ebrav.wordpress.com\/?page_id=1173"},"modified":"2015-12-07T18:24:37","modified_gmt":"2015-12-07T18:24:37","slug":"sortie-decembre-2015","status":"publish","type":"page","link":"https:\/\/rueilavelo.fr\/rav\/photos\/sortie-decembre-2015\/","title":{"rendered":"Sortie D\u00e9cembre 2015"},"content":{"rendered":"<p>Jolie petite balade ( 30Km tout de m\u00eame !) au V\u00e9sinet et jusqu&rsquo;\u00e0 Montesson<\/p>\n<p><a href=\"https:\/\/rueilavelo.fr\/rav\/wp-content\/uploads\/2015\/12\/20151206_100101.jpg\" rel=\"attachment wp-att-1174\"><img loading=\"lazy\" decoding=\"async\" class=\"alignnone size-medium wp-image-1174\" src=\"https:\/\/rueilavelo.fr\/rav\/wp-content\/uploads\/2015\/12\/20151206_100101.jpg?w=300\" alt=\"20151206_100101\" width=\"300\" height=\"225\" srcset=\"https:\/\/rueilavelo.fr\/rav\/wp-content\/uploads\/2015\/12\/20151206_100101.jpg 964w, https:\/\/rueilavelo.fr\/rav\/wp-content\/uploads\/2015\/12\/20151206_100101-300x225.jpg 300w, https:\/\/rueilavelo.fr\/rav\/wp-content\/uploads\/2015\/12\/20151206_100101-768x576.jpg 768w\" sizes=\"auto, (max-width: 300px) 100vw, 300px\" \/><\/a> <a href=\"https:\/\/rueilavelo.fr\/rav\/wp-content\/uploads\/2015\/12\/20151206_102546.jpg\" rel=\"attachment wp-att-1179\"><img loading=\"lazy\" decoding=\"async\" class=\"alignnone size-medium wp-image-1179\" src=\"https:\/\/rueilavelo.fr\/rav\/wp-content\/uploads\/2015\/12\/20151206_102546.jpg?w=300\" alt=\"20151206_102546\" width=\"300\" height=\"225\" srcset=\"https:\/\/rueilavelo.fr\/rav\/wp-content\/uploads\/2015\/12\/20151206_102546.jpg 964w, https:\/\/rueilavelo.fr\/rav\/wp-content\/uploads\/2015\/12\/20151206_102546-300x225.jpg 300w, https:\/\/rueilavelo.fr\/rav\/wp-content\/uploads\/2015\/12\/20151206_102546-768x576.jpg 768w\" sizes=\"auto, (max-width: 300px) 100vw, 300px\" \/><\/a> <a href=\"https:\/\/rueilavelo.fr\/rav\/wp-content\/uploads\/2015\/12\/20151206_102810.jpg\" rel=\"attachment wp-att-1180\"><img loading=\"lazy\" decoding=\"async\" class=\"alignnone size-medium wp-image-1180\" src=\"https:\/\/rueilavelo.fr\/rav\/wp-content\/uploads\/2015\/12\/20151206_102810.jpg?w=300\" alt=\"20151206_102810\" width=\"300\" height=\"225\" srcset=\"https:\/\/rueilavelo.fr\/rav\/wp-content\/uploads\/2015\/12\/20151206_102810.jpg 964w, https:\/\/rueilavelo.fr\/rav\/wp-content\/uploads\/2015\/12\/20151206_102810-300x225.jpg 300w, https:\/\/rueilavelo.fr\/rav\/wp-content\/uploads\/2015\/12\/20151206_102810-768x576.jpg 768w\" sizes=\"auto, (max-width: 300px) 100vw, 300px\" \/><\/a> <a href=\"https:\/\/rueilavelo.fr\/rav\/wp-content\/uploads\/2015\/12\/20151206_103024.jpg\" rel=\"attachment wp-att-1181\"><img loading=\"lazy\" decoding=\"async\" class=\"alignnone size-medium wp-image-1181\" src=\"https:\/\/rueilavelo.fr\/rav\/wp-content\/uploads\/2015\/12\/20151206_103024.jpg?w=225\" alt=\"20151206_103024\" width=\"225\" height=\"300\" srcset=\"https:\/\/rueilavelo.fr\/rav\/wp-content\/uploads\/2015\/12\/20151206_103024.jpg 542w, https:\/\/rueilavelo.fr\/rav\/wp-content\/uploads\/2015\/12\/20151206_103024-225x300.jpg 225w\" sizes=\"auto, (max-width: 225px) 100vw, 225px\" \/><\/a> <a href=\"https:\/\/rueilavelo.fr\/rav\/wp-content\/uploads\/2015\/12\/20151206_104403.jpg\" rel=\"attachment wp-att-1189\"><img loading=\"lazy\" decoding=\"async\" class=\"alignnone size-medium wp-image-1189\" src=\"https:\/\/rueilavelo.fr\/rav\/wp-content\/uploads\/2015\/12\/20151206_104403.jpg?w=300\" alt=\"20151206_104403\" width=\"300\" height=\"225\" srcset=\"https:\/\/rueilavelo.fr\/rav\/wp-content\/uploads\/2015\/12\/20151206_104403.jpg 964w, https:\/\/rueilavelo.fr\/rav\/wp-content\/uploads\/2015\/12\/20151206_104403-300x225.jpg 300w, https:\/\/rueilavelo.fr\/rav\/wp-content\/uploads\/2015\/12\/20151206_104403-768x576.jpg 768w\" sizes=\"auto, (max-width: 300px) 100vw, 300px\" \/><\/a> <a href=\"https:\/\/rueilavelo.fr\/rav\/wp-content\/uploads\/2015\/12\/20151206_110608.jpg\" rel=\"attachment wp-att-1191\"><img loading=\"lazy\" decoding=\"async\" class=\"alignnone size-medium wp-image-1191\" src=\"https:\/\/rueilavelo.fr\/rav\/wp-content\/uploads\/2015\/12\/20151206_110608.jpg?w=300\" alt=\"20151206_110608\" width=\"300\" height=\"225\" srcset=\"https:\/\/rueilavelo.fr\/rav\/wp-content\/uploads\/2015\/12\/20151206_110608.jpg 964w, https:\/\/rueilavelo.fr\/rav\/wp-content\/uploads\/2015\/12\/20151206_110608-300x225.jpg 300w, https:\/\/rueilavelo.fr\/rav\/wp-content\/uploads\/2015\/12\/20151206_110608-768x576.jpg 768w\" sizes=\"auto, (max-width: 300px) 100vw, 300px\" \/><\/a> <a href=\"https:\/\/rueilavelo.fr\/rav\/wp-content\/uploads\/2015\/12\/20151206_112119.jpg\" rel=\"attachment wp-att-1193\"><img loading=\"lazy\" decoding=\"async\" class=\"alignnone size-medium wp-image-1193\" src=\"https:\/\/rueilavelo.fr\/rav\/wp-content\/uploads\/2015\/12\/20151206_112119.jpg?w=300\" alt=\"20151206_112119\" width=\"300\" height=\"225\" srcset=\"https:\/\/rueilavelo.fr\/rav\/wp-content\/uploads\/2015\/12\/20151206_112119.jpg 964w, https:\/\/rueilavelo.fr\/rav\/wp-content\/uploads\/2015\/12\/20151206_112119-300x225.jpg 300w, https:\/\/rueilavelo.fr\/rav\/wp-content\/uploads\/2015\/12\/20151206_112119-768x576.jpg 768w\" sizes=\"auto, (max-width: 300px) 100vw, 300px\" \/><\/a> <a href=\"https:\/\/rueilavelo.fr\/rav\/wp-content\/uploads\/2015\/12\/20151206_112322.jpg\" rel=\"attachment wp-att-1194\"><img loading=\"lazy\" decoding=\"async\" class=\"alignnone size-medium wp-image-1194\" src=\"https:\/\/rueilavelo.fr\/rav\/wp-content\/uploads\/2015\/12\/20151206_112322.jpg?w=300\" alt=\"20151206_112322\" width=\"300\" height=\"225\" srcset=\"https:\/\/rueilavelo.fr\/rav\/wp-content\/uploads\/2015\/12\/20151206_112322.jpg 964w, https:\/\/rueilavelo.fr\/rav\/wp-content\/uploads\/2015\/12\/20151206_112322-300x225.jpg 300w, https:\/\/rueilavelo.fr\/rav\/wp-content\/uploads\/2015\/12\/20151206_112322-768x576.jpg 768w\" sizes=\"auto, (max-width: 300px) 100vw, 300px\" \/><\/a> <a href=\"https:\/\/rueilavelo.fr\/rav\/wp-content\/uploads\/2015\/12\/20151206_112516.jpg\" rel=\"attachment wp-att-1197\"><img loading=\"lazy\" decoding=\"async\" class=\"alignnone size-medium wp-image-1197\" src=\"https:\/\/rueilavelo.fr\/rav\/wp-content\/uploads\/2015\/12\/20151206_112516.jpg?w=300\" alt=\"20151206_112516\" width=\"300\" height=\"225\" srcset=\"https:\/\/rueilavelo.fr\/rav\/wp-content\/uploads\/2015\/12\/20151206_112516.jpg 964w, https:\/\/rueilavelo.fr\/rav\/wp-content\/uploads\/2015\/12\/20151206_112516-300x225.jpg 300w, https:\/\/rueilavelo.fr\/rav\/wp-content\/uploads\/2015\/12\/20151206_112516-768x576.jpg 768w\" sizes=\"auto, (max-width: 300px) 100vw, 300px\" \/><\/a><\/p>\n<p>&nbsp;<\/p>\n","protected":false},"excerpt":{"rendered":"<p>Jolie petite balade ( 30Km tout de m\u00eame !) au V\u00e9sinet et jusqu&rsquo;\u00e0 Montesson &nbsp;<\/p>\n","protected":false},"author":5,"featured_media":0,"parent":54,"menu_order":0,"comment_status":"closed","ping_status":"closed","template":"","meta":{"footnotes":""},"class_list":["post-1173","page","type-page","status-publish","hentry"],"_links":{"self":[{"href":"https:\/\/rueilavelo.fr\/rav\/wp-json\/wp\/v2\/pages\/1173","targetHints":{"allow":["GET"]}}],"collection":[{"href":"https:\/\/rueilavelo.fr\/rav\/wp-json\/wp\/v2\/pages"}],"about":[{"href":"https:\/\/rueilavelo.fr\/rav\/wp-json\/wp\/v2\/types\/page"}],"author":[{"embeddable":true,"href":"https:\/\/rueilavelo.fr\/rav\/wp-json\/wp\/v2\/users\/5"}],"replies":[{"embeddable":true,"href":"https:\/\/rueilavelo.fr\/rav\/wp-json\/wp\/v2\/comments?post=1173"}],"version-history":[{"count":0,"href":"https:\/\/rueilavelo.fr\/rav\/wp-json\/wp\/v2\/pages\/1173\/revisions"}],"up":[{"embeddable":true,"href":"https:\/\/rueilavelo.fr\/rav\/wp-json\/wp\/v2\/pages\/54"}],"wp:attachment":[{"href":"https:\/\/rueilavelo.fr\/rav\/wp-json\/wp\/v2\/media?parent=1173"}],"curies":[{"name":"wp","href":"https:\/\/api.w.org\/{rel}","templated":true}]}}