{"id":1211,"date":"2016-01-07T20:57:07","date_gmt":"2016-01-07T20:57:07","guid":{"rendered":"https:\/\/ebrav.wordpress.com\/?page_id=1211"},"modified":"2025-12-31T17:15:43","modified_gmt":"2025-12-31T16:15:43","slug":"3-janvier-2016","status":"publish","type":"page","link":"https:\/\/rueilavelo.fr\/rav\/photos\/3-janvier-2016\/","title":{"rendered":"3 Janvier 2016"},"content":{"rendered":"<p>20 Km sous un ciel mena\u00e7ant :<\/p>\n<p>Suresnes, bois de Boulogne et retour par la D\u00e9fense et les rives de la Seine \u00e0 Nanterre o\u00f9 nous avons crois\u00e9 un h\u00e9ron.<\/p>\n<p><a href=\"https:\/\/rueilavelo.fr\/rav\/wp-content\/uploads\/2016\/01\/dsc04158.jpg\" rel=\"attachment wp-att-1218\"><img loading=\"lazy\" decoding=\"async\" class=\"aligncenter wp-image-1218 size-large\" src=\"https:\/\/rueilavelo.fr\/rav\/wp-content\/uploads\/2016\/01\/dsc04158-e1747296773646-1024x768.jpg\" alt=\"DSC04158\" width=\"825\" height=\"619\" srcset=\"https:\/\/rueilavelo.fr\/rav\/wp-content\/uploads\/2016\/01\/dsc04158-e1747296773646-1024x768.jpg 1024w, https:\/\/rueilavelo.fr\/rav\/wp-content\/uploads\/2016\/01\/dsc04158-e1747296773646-300x225.jpg 300w, https:\/\/rueilavelo.fr\/rav\/wp-content\/uploads\/2016\/01\/dsc04158-e1747296773646-768x576.jpg 768w, https:\/\/rueilavelo.fr\/rav\/wp-content\/uploads\/2016\/01\/dsc04158-e1747296773646-1536x1152.jpg 1536w, https:\/\/rueilavelo.fr\/rav\/wp-content\/uploads\/2016\/01\/dsc04158-e1747296773646.jpg 2000w\" sizes=\"auto, (max-width: 825px) 100vw, 825px\" \/><\/a><img loading=\"lazy\" decoding=\"async\" class=\"aligncenter wp-image-1216 size-large\" src=\"https:\/\/rueilavelo.fr\/rav\/wp-content\/uploads\/2016\/01\/dsc04152-e1747296597305-1024x768.jpg\" alt=\"\" width=\"825\" height=\"619\" srcset=\"https:\/\/rueilavelo.fr\/rav\/wp-content\/uploads\/2016\/01\/dsc04152-e1747296597305-1024x768.jpg 1024w, https:\/\/rueilavelo.fr\/rav\/wp-content\/uploads\/2016\/01\/dsc04152-e1747296597305-300x225.jpg 300w, https:\/\/rueilavelo.fr\/rav\/wp-content\/uploads\/2016\/01\/dsc04152-e1747296597305-768x576.jpg 768w, https:\/\/rueilavelo.fr\/rav\/wp-content\/uploads\/2016\/01\/dsc04152-e1747296597305-1536x1152.jpg 1536w, https:\/\/rueilavelo.fr\/rav\/wp-content\/uploads\/2016\/01\/dsc04152-e1747296597305.jpg 2000w\" sizes=\"auto, (max-width: 825px) 100vw, 825px\" \/> <a href=\"https:\/\/rueilavelo.fr\/rav\/wp-content\/uploads\/2016\/01\/dsc041511.jpg\" rel=\"attachment wp-att-1215\"><img loading=\"lazy\" decoding=\"async\" class=\"aligncenter wp-image-1215 size-large\" src=\"https:\/\/rueilavelo.fr\/rav\/wp-content\/uploads\/2016\/01\/dsc041511-e1747296747732-1024x768.jpg\" alt=\"DSC04151\" width=\"825\" height=\"619\" srcset=\"https:\/\/rueilavelo.fr\/rav\/wp-content\/uploads\/2016\/01\/dsc041511-e1747296747732-1024x768.jpg 1024w, https:\/\/rueilavelo.fr\/rav\/wp-content\/uploads\/2016\/01\/dsc041511-e1747296747732-300x225.jpg 300w, https:\/\/rueilavelo.fr\/rav\/wp-content\/uploads\/2016\/01\/dsc041511-e1747296747732-768x576.jpg 768w, https:\/\/rueilavelo.fr\/rav\/wp-content\/uploads\/2016\/01\/dsc041511-e1747296747732-1536x1152.jpg 1536w, https:\/\/rueilavelo.fr\/rav\/wp-content\/uploads\/2016\/01\/dsc041511-e1747296747732.jpg 2000w\" sizes=\"auto, (max-width: 825px) 100vw, 825px\" \/><\/a><\/p>\n<p>&nbsp;<\/p>\n<p>&nbsp;<\/p>\n<p>&nbsp;<\/p>\n","protected":false},"excerpt":{"rendered":"<p>20 Km sous un ciel mena\u00e7ant : Suresnes, bois de Boulogne et retour par la D\u00e9fense et les rives de &hellip; <a href=\"https:\/\/rueilavelo.fr\/rav\/photos\/3-janvier-2016\/\" class=\"more-link\">Plus <span class=\"screen-reader-text\">3 Janvier 2016<\/span> <span class=\"meta-nav\">&rarr;<\/span><\/a><\/p>\n","protected":false},"author":5,"featured_media":0,"parent":54,"menu_order":10,"comment_status":"closed","ping_status":"closed","template":"","meta":{"footnotes":""},"class_list":["post-1211","page","type-page","status-publish","hentry"],"_links":{"self":[{"href":"https:\/\/rueilavelo.fr\/rav\/wp-json\/wp\/v2\/pages\/1211","targetHints":{"allow":["GET"]}}],"collection":[{"href":"https:\/\/rueilavelo.fr\/rav\/wp-json\/wp\/v2\/pages"}],"about":[{"href":"https:\/\/rueilavelo.fr\/rav\/wp-json\/wp\/v2\/types\/page"}],"author":[{"embeddable":true,"href":"https:\/\/rueilavelo.fr\/rav\/wp-json\/wp\/v2\/users\/5"}],"replies":[{"embeddable":true,"href":"https:\/\/rueilavelo.fr\/rav\/wp-json\/wp\/v2\/comments?post=1211"}],"version-history":[{"count":1,"href":"https:\/\/rueilavelo.fr\/rav\/wp-json\/wp\/v2\/pages\/1211\/revisions"}],"predecessor-version":[{"id":5258,"href":"https:\/\/rueilavelo.fr\/rav\/wp-json\/wp\/v2\/pages\/1211\/revisions\/5258"}],"up":[{"embeddable":true,"href":"https:\/\/rueilavelo.fr\/rav\/wp-json\/wp\/v2\/pages\/54"}],"wp:attachment":[{"href":"https:\/\/rueilavelo.fr\/rav\/wp-json\/wp\/v2\/media?parent=1211"}],"curies":[{"name":"wp","href":"https:\/\/api.w.org\/{rel}","templated":true}]}}