{"id":1235,"date":"2016-03-07T16:58:31","date_gmt":"2016-03-07T16:58:31","guid":{"rendered":"https:\/\/ebrav.wordpress.com\/?page_id=1235"},"modified":"2025-12-31T17:17:22","modified_gmt":"2025-12-31T16:17:22","slug":"6-mars-2016","status":"publish","type":"page","link":"https:\/\/rueilavelo.fr\/rav\/photos\/6-mars-2016\/","title":{"rendered":"6 Mars 2016"},"content":{"rendered":"<p>Belle balade jusqu&rsquo;\u00e0 Versailles sous un beau soleil . 24 Km parsem\u00e9s de\u00a0\u00bb jolies\u00a0\u00bb mont\u00e9es et descentes.<\/p>\n<p>L&rsquo;\u00e9quip\u00e9e dans les rues de Versailles, devant le Trianon puis le hameau de la Reine ( en travaux) :<\/p>\n<p><img loading=\"lazy\" decoding=\"async\" class=\"aligncenter wp-image-1230 size-large\" src=\"https:\/\/rueilavelo.fr\/rav\/wp-content\/uploads\/2016\/03\/dsc04454-e1747296976260-768x1024.jpg\" alt=\"\" width=\"768\" height=\"1024\" srcset=\"https:\/\/rueilavelo.fr\/rav\/wp-content\/uploads\/2016\/03\/dsc04454-e1747296976260-768x1024.jpg 768w, https:\/\/rueilavelo.fr\/rav\/wp-content\/uploads\/2016\/03\/dsc04454-e1747296976260-225x300.jpg 225w, https:\/\/rueilavelo.fr\/rav\/wp-content\/uploads\/2016\/03\/dsc04454-e1747296976260-1152x1536.jpg 1152w, https:\/\/rueilavelo.fr\/rav\/wp-content\/uploads\/2016\/03\/dsc04454-e1747296976260.jpg 1500w\" sizes=\"auto, (max-width: 768px) 100vw, 768px\" \/> <img loading=\"lazy\" decoding=\"async\" class=\"aligncenter wp-image-1233 size-large\" src=\"https:\/\/rueilavelo.fr\/rav\/wp-content\/uploads\/2016\/03\/dsc04457-e1747296911472-1024x768.jpg\" alt=\"\" width=\"825\" height=\"619\" srcset=\"https:\/\/rueilavelo.fr\/rav\/wp-content\/uploads\/2016\/03\/dsc04457-e1747296911472-1024x768.jpg 1024w, https:\/\/rueilavelo.fr\/rav\/wp-content\/uploads\/2016\/03\/dsc04457-e1747296911472-300x225.jpg 300w, https:\/\/rueilavelo.fr\/rav\/wp-content\/uploads\/2016\/03\/dsc04457-e1747296911472-768x576.jpg 768w, https:\/\/rueilavelo.fr\/rav\/wp-content\/uploads\/2016\/03\/dsc04457-e1747296911472-1536x1152.jpg 1536w, https:\/\/rueilavelo.fr\/rav\/wp-content\/uploads\/2016\/03\/dsc04457-e1747296911472.jpg 2000w\" sizes=\"auto, (max-width: 825px) 100vw, 825px\" \/> <img loading=\"lazy\" decoding=\"async\" class=\"aligncenter wp-image-1234 size-large\" src=\"https:\/\/rueilavelo.fr\/rav\/wp-content\/uploads\/2016\/03\/dsc04458-e1747296895829-1024x768.jpg\" alt=\"\" width=\"825\" height=\"619\" srcset=\"https:\/\/rueilavelo.fr\/rav\/wp-content\/uploads\/2016\/03\/dsc04458-e1747296895829-1024x768.jpg 1024w, https:\/\/rueilavelo.fr\/rav\/wp-content\/uploads\/2016\/03\/dsc04458-e1747296895829-300x225.jpg 300w, https:\/\/rueilavelo.fr\/rav\/wp-content\/uploads\/2016\/03\/dsc04458-e1747296895829-768x576.jpg 768w, https:\/\/rueilavelo.fr\/rav\/wp-content\/uploads\/2016\/03\/dsc04458-e1747296895829-1536x1152.jpg 1536w, https:\/\/rueilavelo.fr\/rav\/wp-content\/uploads\/2016\/03\/dsc04458-e1747296895829.jpg 2000w\" sizes=\"auto, (max-width: 825px) 100vw, 825px\" \/><\/p>\n<p>&nbsp;<\/p>\n","protected":false},"excerpt":{"rendered":"<p>Belle balade jusqu&rsquo;\u00e0 Versailles sous un beau soleil . 24 Km parsem\u00e9s de\u00a0\u00bb jolies\u00a0\u00bb mont\u00e9es et descentes. L&rsquo;\u00e9quip\u00e9e dans les &hellip; <a href=\"https:\/\/rueilavelo.fr\/rav\/photos\/6-mars-2016\/\" class=\"more-link\">Plus <span class=\"screen-reader-text\">6 Mars 2016<\/span> <span class=\"meta-nav\">&rarr;<\/span><\/a><\/p>\n","protected":false},"author":5,"featured_media":0,"parent":54,"menu_order":0,"comment_status":"closed","ping_status":"closed","template":"","meta":{"footnotes":""},"class_list":["post-1235","page","type-page","status-publish","hentry"],"_links":{"self":[{"href":"https:\/\/rueilavelo.fr\/rav\/wp-json\/wp\/v2\/pages\/1235","targetHints":{"allow":["GET"]}}],"collection":[{"href":"https:\/\/rueilavelo.fr\/rav\/wp-json\/wp\/v2\/pages"}],"about":[{"href":"https:\/\/rueilavelo.fr\/rav\/wp-json\/wp\/v2\/types\/page"}],"author":[{"embeddable":true,"href":"https:\/\/rueilavelo.fr\/rav\/wp-json\/wp\/v2\/users\/5"}],"replies":[{"embeddable":true,"href":"https:\/\/rueilavelo.fr\/rav\/wp-json\/wp\/v2\/comments?post=1235"}],"version-history":[{"count":1,"href":"https:\/\/rueilavelo.fr\/rav\/wp-json\/wp\/v2\/pages\/1235\/revisions"}],"predecessor-version":[{"id":5259,"href":"https:\/\/rueilavelo.fr\/rav\/wp-json\/wp\/v2\/pages\/1235\/revisions\/5259"}],"up":[{"embeddable":true,"href":"https:\/\/rueilavelo.fr\/rav\/wp-json\/wp\/v2\/pages\/54"}],"wp:attachment":[{"href":"https:\/\/rueilavelo.fr\/rav\/wp-json\/wp\/v2\/media?parent=1235"}],"curies":[{"name":"wp","href":"https:\/\/api.w.org\/{rel}","templated":true}]}}