{"id":1291,"date":"2016-04-03T19:19:51","date_gmt":"2016-04-03T19:19:51","guid":{"rendered":"https:\/\/ebrav.wordpress.com\/?page_id=1291"},"modified":"2025-12-31T17:19:53","modified_gmt":"2025-12-31T16:19:53","slug":"3-avril-2016","status":"publish","type":"page","link":"https:\/\/rueilavelo.fr\/rav\/photos\/3-avril-2016\/","title":{"rendered":"3 Avril 2016"},"content":{"rendered":"<p>Belle boucle de 30Km sous un soleil printanier qui nous a amen\u00e9s du cot\u00e9 des derniers kilom\u00e8tres du marathon de Paris&#8230;.<\/p>\n<p>Le bois de Boulogne :<\/p>\n<p><img loading=\"lazy\" decoding=\"async\" class=\"aligncenter wp-image-1283 size-large\" src=\"https:\/\/rueilavelo.fr\/rav\/wp-content\/uploads\/2016\/04\/dsc04684-e1747297383851-1024x768.jpg\" alt=\"\" width=\"825\" height=\"619\" srcset=\"https:\/\/rueilavelo.fr\/rav\/wp-content\/uploads\/2016\/04\/dsc04684-e1747297383851-1024x768.jpg 1024w, https:\/\/rueilavelo.fr\/rav\/wp-content\/uploads\/2016\/04\/dsc04684-e1747297383851-300x225.jpg 300w, https:\/\/rueilavelo.fr\/rav\/wp-content\/uploads\/2016\/04\/dsc04684-e1747297383851-768x576.jpg 768w, https:\/\/rueilavelo.fr\/rav\/wp-content\/uploads\/2016\/04\/dsc04684-e1747297383851-1536x1152.jpg 1536w, https:\/\/rueilavelo.fr\/rav\/wp-content\/uploads\/2016\/04\/dsc04684-e1747297383851.jpg 2000w\" sizes=\"auto, (max-width: 825px) 100vw, 825px\" \/><\/p>\n<p>Le Trocad\u00e9ro et sa vue sur la tour Eiffel :<\/p>\n<p style=\"text-align: center;\"><img loading=\"lazy\" decoding=\"async\" class=\"aligncenter wp-image-1286 size-large\" src=\"https:\/\/rueilavelo.fr\/rav\/wp-content\/uploads\/2016\/04\/dsc04691-e1747297321947-768x1024.jpg\" alt=\"\" width=\"768\" height=\"1024\" srcset=\"https:\/\/rueilavelo.fr\/rav\/wp-content\/uploads\/2016\/04\/dsc04691-e1747297321947-768x1024.jpg 768w, https:\/\/rueilavelo.fr\/rav\/wp-content\/uploads\/2016\/04\/dsc04691-e1747297321947-225x300.jpg 225w, https:\/\/rueilavelo.fr\/rav\/wp-content\/uploads\/2016\/04\/dsc04691-e1747297321947-1152x1536.jpg 1152w, https:\/\/rueilavelo.fr\/rav\/wp-content\/uploads\/2016\/04\/dsc04691-e1747297321947.jpg 1500w\" sizes=\"auto, (max-width: 768px) 100vw, 768px\" \/><\/p>\n<p style=\"text-align: left;\">Le Marathon de Paris et ses animations :<\/p>\n<p style=\"text-align: center;\"><img loading=\"lazy\" decoding=\"async\" class=\"alignnone wp-image-1292 size-large\" src=\"https:\/\/rueilavelo.fr\/rav\/wp-content\/uploads\/2016\/04\/dsc046881-e1747297033563-1024x768.jpg\" alt=\"\" width=\"825\" height=\"619\" srcset=\"https:\/\/rueilavelo.fr\/rav\/wp-content\/uploads\/2016\/04\/dsc046881-e1747297033563-1024x768.jpg 1024w, https:\/\/rueilavelo.fr\/rav\/wp-content\/uploads\/2016\/04\/dsc046881-e1747297033563-300x225.jpg 300w, https:\/\/rueilavelo.fr\/rav\/wp-content\/uploads\/2016\/04\/dsc046881-e1747297033563-768x576.jpg 768w, https:\/\/rueilavelo.fr\/rav\/wp-content\/uploads\/2016\/04\/dsc046881-e1747297033563-1536x1152.jpg 1536w, https:\/\/rueilavelo.fr\/rav\/wp-content\/uploads\/2016\/04\/dsc046881-e1747297033563.jpg 2000w\" sizes=\"auto, (max-width: 825px) 100vw, 825px\" \/><\/p>\n<p style=\"text-align: left;\"><img loading=\"lazy\" decoding=\"async\" class=\"aligncenter wp-image-1293 size-large\" src=\"https:\/\/rueilavelo.fr\/rav\/wp-content\/uploads\/2016\/04\/dsc046931-e1747297010692-1024x768.jpg\" alt=\"\" width=\"825\" height=\"619\" srcset=\"https:\/\/rueilavelo.fr\/rav\/wp-content\/uploads\/2016\/04\/dsc046931-e1747297010692-1024x768.jpg 1024w, https:\/\/rueilavelo.fr\/rav\/wp-content\/uploads\/2016\/04\/dsc046931-e1747297010692-300x225.jpg 300w, https:\/\/rueilavelo.fr\/rav\/wp-content\/uploads\/2016\/04\/dsc046931-e1747297010692-768x576.jpg 768w, https:\/\/rueilavelo.fr\/rav\/wp-content\/uploads\/2016\/04\/dsc046931-e1747297010692-1536x1152.jpg 1536w, https:\/\/rueilavelo.fr\/rav\/wp-content\/uploads\/2016\/04\/dsc046931-e1747297010692.jpg 2000w\" sizes=\"auto, (max-width: 825px) 100vw, 825px\" \/><\/p>\n<p style=\"text-align: left;\">La fondation Vuitton :<\/p>\n<p style=\"text-align: center;\"><img loading=\"lazy\" decoding=\"async\" class=\"aligncenter wp-image-1288 size-large\" src=\"https:\/\/rueilavelo.fr\/rav\/wp-content\/uploads\/2016\/04\/dsc04705-e1747297187803-1024x768.jpg\" alt=\"\" width=\"825\" height=\"619\" srcset=\"https:\/\/rueilavelo.fr\/rav\/wp-content\/uploads\/2016\/04\/dsc04705-e1747297187803-1024x768.jpg 1024w, https:\/\/rueilavelo.fr\/rav\/wp-content\/uploads\/2016\/04\/dsc04705-e1747297187803-300x225.jpg 300w, https:\/\/rueilavelo.fr\/rav\/wp-content\/uploads\/2016\/04\/dsc04705-e1747297187803-768x576.jpg 768w, https:\/\/rueilavelo.fr\/rav\/wp-content\/uploads\/2016\/04\/dsc04705-e1747297187803-1536x1152.jpg 1536w, https:\/\/rueilavelo.fr\/rav\/wp-content\/uploads\/2016\/04\/dsc04705-e1747297187803.jpg 2000w\" sizes=\"auto, (max-width: 825px) 100vw, 825px\" \/><\/p>\n<p style=\"text-align: left;\">Le chantier de l&rsquo;Arena :<\/p>\n<p style=\"text-align: center;\"><img loading=\"lazy\" decoding=\"async\" class=\"aligncenter wp-image-1289 size-large\" src=\"https:\/\/rueilavelo.fr\/rav\/wp-content\/uploads\/2016\/04\/dsc04708-e1747297101716-1024x768.jpg\" alt=\"\" width=\"825\" height=\"619\" srcset=\"https:\/\/rueilavelo.fr\/rav\/wp-content\/uploads\/2016\/04\/dsc04708-e1747297101716-1024x768.jpg 1024w, https:\/\/rueilavelo.fr\/rav\/wp-content\/uploads\/2016\/04\/dsc04708-e1747297101716-300x225.jpg 300w, https:\/\/rueilavelo.fr\/rav\/wp-content\/uploads\/2016\/04\/dsc04708-e1747297101716-768x576.jpg 768w, https:\/\/rueilavelo.fr\/rav\/wp-content\/uploads\/2016\/04\/dsc04708-e1747297101716-1536x1152.jpg 1536w, https:\/\/rueilavelo.fr\/rav\/wp-content\/uploads\/2016\/04\/dsc04708-e1747297101716.jpg 2000w\" sizes=\"auto, (max-width: 825px) 100vw, 825px\" \/><\/p>\n<p style=\"text-align: left;\">La nouvelle gare RER de Nanterre Universit\u00e9 :<\/p>\n<p style=\"text-align: center;\"><img loading=\"lazy\" decoding=\"async\" class=\"aligncenter wp-image-1290 size-large\" src=\"https:\/\/rueilavelo.fr\/rav\/wp-content\/uploads\/2016\/04\/dsc04711-e1747297064754-1024x768.jpg\" alt=\"\" width=\"825\" height=\"619\" srcset=\"https:\/\/rueilavelo.fr\/rav\/wp-content\/uploads\/2016\/04\/dsc04711-e1747297064754-1024x768.jpg 1024w, https:\/\/rueilavelo.fr\/rav\/wp-content\/uploads\/2016\/04\/dsc04711-e1747297064754-300x225.jpg 300w, https:\/\/rueilavelo.fr\/rav\/wp-content\/uploads\/2016\/04\/dsc04711-e1747297064754-768x576.jpg 768w, https:\/\/rueilavelo.fr\/rav\/wp-content\/uploads\/2016\/04\/dsc04711-e1747297064754-1536x1152.jpg 1536w, https:\/\/rueilavelo.fr\/rav\/wp-content\/uploads\/2016\/04\/dsc04711-e1747297064754.jpg 2000w\" sizes=\"auto, (max-width: 825px) 100vw, 825px\" \/><\/p>\n<p style=\"text-align: left;\">\n","protected":false},"excerpt":{"rendered":"<p>Belle boucle de 30Km sous un soleil printanier qui nous a amen\u00e9s du cot\u00e9 des derniers kilom\u00e8tres du marathon de &hellip; <a href=\"https:\/\/rueilavelo.fr\/rav\/photos\/3-avril-2016\/\" class=\"more-link\">Plus <span class=\"screen-reader-text\">3 Avril 2016<\/span> <span class=\"meta-nav\">&rarr;<\/span><\/a><\/p>\n","protected":false},"author":5,"featured_media":0,"parent":54,"menu_order":0,"comment_status":"closed","ping_status":"closed","template":"","meta":{"footnotes":""},"class_list":["post-1291","page","type-page","status-publish","hentry"],"_links":{"self":[{"href":"https:\/\/rueilavelo.fr\/rav\/wp-json\/wp\/v2\/pages\/1291","targetHints":{"allow":["GET"]}}],"collection":[{"href":"https:\/\/rueilavelo.fr\/rav\/wp-json\/wp\/v2\/pages"}],"about":[{"href":"https:\/\/rueilavelo.fr\/rav\/wp-json\/wp\/v2\/types\/page"}],"author":[{"embeddable":true,"href":"https:\/\/rueilavelo.fr\/rav\/wp-json\/wp\/v2\/users\/5"}],"replies":[{"embeddable":true,"href":"https:\/\/rueilavelo.fr\/rav\/wp-json\/wp\/v2\/comments?post=1291"}],"version-history":[{"count":1,"href":"https:\/\/rueilavelo.fr\/rav\/wp-json\/wp\/v2\/pages\/1291\/revisions"}],"predecessor-version":[{"id":5260,"href":"https:\/\/rueilavelo.fr\/rav\/wp-json\/wp\/v2\/pages\/1291\/revisions\/5260"}],"up":[{"embeddable":true,"href":"https:\/\/rueilavelo.fr\/rav\/wp-json\/wp\/v2\/pages\/54"}],"wp:attachment":[{"href":"https:\/\/rueilavelo.fr\/rav\/wp-json\/wp\/v2\/media?parent=1291"}],"curies":[{"name":"wp","href":"https:\/\/api.w.org\/{rel}","templated":true}]}}