{"id":1367,"date":"2016-06-05T17:20:20","date_gmt":"2016-06-05T17:20:20","guid":{"rendered":"https:\/\/ebrav.wordpress.com\/?page_id=1367"},"modified":"2016-06-05T17:20:20","modified_gmt":"2016-06-05T17:20:20","slug":"bourse-aux-velos-2016","status":"publish","type":"page","link":"https:\/\/rueilavelo.fr\/rav\/evenements-2\/bourse-aux-velos-2016\/","title":{"rendered":"Bourse aux v\u00e9los 2016"},"content":{"rendered":"<p>Lors de la bourse aux v\u00e9los 2016 organis\u00e9e par Rueil \u00e0 v\u00e9lo dans le cadre des rendez-vous du d\u00e9veloppement durable a permis \u00e0 39 v\u00e9los de changer de propri\u00e9taire sur les 48 v\u00e9los d\u00e9pos\u00e9s.<\/p>\n<p>&nbsp;<\/p>\n","protected":false},"excerpt":{"rendered":"<p>Lors de la bourse aux v\u00e9los 2016 organis\u00e9e par Rueil \u00e0 v\u00e9lo dans le cadre des rendez-vous du d\u00e9veloppement durable &hellip; <a href=\"https:\/\/rueilavelo.fr\/rav\/evenements-2\/bourse-aux-velos-2016\/\" class=\"more-link\">Plus <span class=\"screen-reader-text\">Bourse aux v\u00e9los 2016<\/span> <span class=\"meta-nav\">&rarr;<\/span><\/a><\/p>\n","protected":false},"author":5,"featured_media":0,"parent":254,"menu_order":4,"comment_status":"closed","ping_status":"closed","template":"","meta":{"footnotes":""},"class_list":["post-1367","page","type-page","status-publish","hentry"],"_links":{"self":[{"href":"https:\/\/rueilavelo.fr\/rav\/wp-json\/wp\/v2\/pages\/1367","targetHints":{"allow":["GET"]}}],"collection":[{"href":"https:\/\/rueilavelo.fr\/rav\/wp-json\/wp\/v2\/pages"}],"about":[{"href":"https:\/\/rueilavelo.fr\/rav\/wp-json\/wp\/v2\/types\/page"}],"author":[{"embeddable":true,"href":"https:\/\/rueilavelo.fr\/rav\/wp-json\/wp\/v2\/users\/5"}],"replies":[{"embeddable":true,"href":"https:\/\/rueilavelo.fr\/rav\/wp-json\/wp\/v2\/comments?post=1367"}],"version-history":[{"count":0,"href":"https:\/\/rueilavelo.fr\/rav\/wp-json\/wp\/v2\/pages\/1367\/revisions"}],"up":[{"embeddable":true,"href":"https:\/\/rueilavelo.fr\/rav\/wp-json\/wp\/v2\/pages\/254"}],"wp:attachment":[{"href":"https:\/\/rueilavelo.fr\/rav\/wp-json\/wp\/v2\/media?parent=1367"}],"curies":[{"name":"wp","href":"https:\/\/api.w.org\/{rel}","templated":true}]}}