{"id":1380,"date":"2016-06-05T19:24:37","date_gmt":"2016-06-05T19:24:37","guid":{"rendered":"https:\/\/ebrav.wordpress.com\/?page_id=1380"},"modified":"2025-12-31T17:24:04","modified_gmt":"2025-12-31T16:24:04","slug":"5-juin-2016","status":"publish","type":"page","link":"https:\/\/rueilavelo.fr\/rav\/photos\/5-juin-2016\/","title":{"rendered":"5 juin 2016"},"content":{"rendered":"<p>Voici quelques photos de la <a href=\"http:\/\/www.mdb-idf.org\/spip\/spip.php?article55\">convergence 2016<\/a> qui a amen\u00e9 les cyclistes d&rsquo;ile de France \u00e0 un pique nique sur l&rsquo;esplanade des Invalides malgr\u00e9 le temps maussade.<\/p>\n<p style=\"text-align: center;\">La mairie de Houilles<\/p>\n<p style=\"text-align: center;\"><img loading=\"lazy\" decoding=\"async\" class=\"aligncenter wp-image-1381 size-large\" src=\"https:\/\/rueilavelo.fr\/rav\/wp-content\/uploads\/2016\/06\/dsc05004-e1747297887961-1024x768.jpg\" alt=\"\" width=\"825\" height=\"619\" srcset=\"https:\/\/rueilavelo.fr\/rav\/wp-content\/uploads\/2016\/06\/dsc05004-e1747297887961-1024x768.jpg 1024w, https:\/\/rueilavelo.fr\/rav\/wp-content\/uploads\/2016\/06\/dsc05004-e1747297887961-300x225.jpg 300w, https:\/\/rueilavelo.fr\/rav\/wp-content\/uploads\/2016\/06\/dsc05004-e1747297887961-768x576.jpg 768w, https:\/\/rueilavelo.fr\/rav\/wp-content\/uploads\/2016\/06\/dsc05004-e1747297887961-1536x1152.jpg 1536w, https:\/\/rueilavelo.fr\/rav\/wp-content\/uploads\/2016\/06\/dsc05004-e1747297887961.jpg 2000w\" sizes=\"auto, (max-width: 825px) 100vw, 825px\" \/>Le pont de Bezons<\/p>\n<p><img loading=\"lazy\" decoding=\"async\" class=\"aligncenter wp-image-1385 size-large\" src=\"https:\/\/rueilavelo.fr\/rav\/wp-content\/uploads\/2016\/06\/dsc05008-e1747297809168-768x1024.jpg\" alt=\"\" width=\"768\" height=\"1024\" srcset=\"https:\/\/rueilavelo.fr\/rav\/wp-content\/uploads\/2016\/06\/dsc05008-e1747297809168-768x1024.jpg 768w, https:\/\/rueilavelo.fr\/rav\/wp-content\/uploads\/2016\/06\/dsc05008-e1747297809168-225x300.jpg 225w, https:\/\/rueilavelo.fr\/rav\/wp-content\/uploads\/2016\/06\/dsc05008-e1747297809168-1152x1536.jpg 1152w, https:\/\/rueilavelo.fr\/rav\/wp-content\/uploads\/2016\/06\/dsc05008-e1747297809168.jpg 1500w\" sizes=\"auto, (max-width: 768px) 100vw, 768px\" \/><\/p>\n<p style=\"text-align: center;\">La rue Royale , le Louvre et la rue de Rivoli<\/p>\n<p><img loading=\"lazy\" decoding=\"async\" class=\"aligncenter wp-image-1387 size-large\" src=\"https:\/\/rueilavelo.fr\/rav\/wp-content\/uploads\/2016\/06\/dsc05012-e1747297770626-768x1024.jpg\" alt=\"DSC05012\" width=\"768\" height=\"1024\" srcset=\"https:\/\/rueilavelo.fr\/rav\/wp-content\/uploads\/2016\/06\/dsc05012-e1747297770626-768x1024.jpg 768w, https:\/\/rueilavelo.fr\/rav\/wp-content\/uploads\/2016\/06\/dsc05012-e1747297770626-225x300.jpg 225w, https:\/\/rueilavelo.fr\/rav\/wp-content\/uploads\/2016\/06\/dsc05012-e1747297770626-1152x1536.jpg 1152w, https:\/\/rueilavelo.fr\/rav\/wp-content\/uploads\/2016\/06\/dsc05012-e1747297770626.jpg 1500w\" sizes=\"auto, (max-width: 768px) 100vw, 768px\" \/> <img loading=\"lazy\" decoding=\"async\" class=\"aligncenter wp-image-1391 size-large\" src=\"https:\/\/rueilavelo.fr\/rav\/wp-content\/uploads\/2016\/06\/dsc05016-e1747297691392-1024x768.jpg\" alt=\"DSC05016\" width=\"825\" height=\"619\" srcset=\"https:\/\/rueilavelo.fr\/rav\/wp-content\/uploads\/2016\/06\/dsc05016-e1747297691392-1024x768.jpg 1024w, https:\/\/rueilavelo.fr\/rav\/wp-content\/uploads\/2016\/06\/dsc05016-e1747297691392-300x225.jpg 300w, https:\/\/rueilavelo.fr\/rav\/wp-content\/uploads\/2016\/06\/dsc05016-e1747297691392-768x576.jpg 768w, https:\/\/rueilavelo.fr\/rav\/wp-content\/uploads\/2016\/06\/dsc05016-e1747297691392-1536x1152.jpg 1536w, https:\/\/rueilavelo.fr\/rav\/wp-content\/uploads\/2016\/06\/dsc05016-e1747297691392.jpg 2000w\" sizes=\"auto, (max-width: 825px) 100vw, 825px\" \/><\/p>\n<p><img loading=\"lazy\" decoding=\"async\" class=\"aligncenter wp-image-1392 size-large\" src=\"https:\/\/rueilavelo.fr\/rav\/wp-content\/uploads\/2016\/06\/dsc05017-e1747297674993-1024x768.jpg\" alt=\"DSC05017\" width=\"825\" height=\"619\" srcset=\"https:\/\/rueilavelo.fr\/rav\/wp-content\/uploads\/2016\/06\/dsc05017-e1747297674993-1024x768.jpg 1024w, https:\/\/rueilavelo.fr\/rav\/wp-content\/uploads\/2016\/06\/dsc05017-e1747297674993-300x225.jpg 300w, https:\/\/rueilavelo.fr\/rav\/wp-content\/uploads\/2016\/06\/dsc05017-e1747297674993-768x576.jpg 768w, https:\/\/rueilavelo.fr\/rav\/wp-content\/uploads\/2016\/06\/dsc05017-e1747297674993-1536x1152.jpg 1536w, https:\/\/rueilavelo.fr\/rav\/wp-content\/uploads\/2016\/06\/dsc05017-e1747297674993.jpg 2000w\" sizes=\"auto, (max-width: 825px) 100vw, 825px\" \/><\/p>\n<p>Et les\u00a0 Invalides<\/p>\n<p><img loading=\"lazy\" decoding=\"async\" class=\"aligncenter wp-image-1394 size-large\" src=\"https:\/\/rueilavelo.fr\/rav\/wp-content\/uploads\/2016\/06\/dsc05022-e1747297566455-1024x768.jpg\" alt=\"DSC05022\" width=\"825\" height=\"619\" srcset=\"https:\/\/rueilavelo.fr\/rav\/wp-content\/uploads\/2016\/06\/dsc05022-e1747297566455-1024x768.jpg 1024w, https:\/\/rueilavelo.fr\/rav\/wp-content\/uploads\/2016\/06\/dsc05022-e1747297566455-300x225.jpg 300w, https:\/\/rueilavelo.fr\/rav\/wp-content\/uploads\/2016\/06\/dsc05022-e1747297566455-768x576.jpg 768w, https:\/\/rueilavelo.fr\/rav\/wp-content\/uploads\/2016\/06\/dsc05022-e1747297566455-1536x1152.jpg 1536w, https:\/\/rueilavelo.fr\/rav\/wp-content\/uploads\/2016\/06\/dsc05022-e1747297566455.jpg 2000w\" sizes=\"auto, (max-width: 825px) 100vw, 825px\" \/> <img loading=\"lazy\" decoding=\"async\" class=\"aligncenter wp-image-1396 size-large\" src=\"https:\/\/rueilavelo.fr\/rav\/wp-content\/uploads\/2016\/06\/dsc05024-e1747297539523-1024x768.jpg\" alt=\"DSC05024\" width=\"825\" height=\"619\" srcset=\"https:\/\/rueilavelo.fr\/rav\/wp-content\/uploads\/2016\/06\/dsc05024-e1747297539523-1024x768.jpg 1024w, https:\/\/rueilavelo.fr\/rav\/wp-content\/uploads\/2016\/06\/dsc05024-e1747297539523-300x225.jpg 300w, https:\/\/rueilavelo.fr\/rav\/wp-content\/uploads\/2016\/06\/dsc05024-e1747297539523-768x576.jpg 768w, https:\/\/rueilavelo.fr\/rav\/wp-content\/uploads\/2016\/06\/dsc05024-e1747297539523-1536x1152.jpg 1536w, https:\/\/rueilavelo.fr\/rav\/wp-content\/uploads\/2016\/06\/dsc05024-e1747297539523.jpg 2000w\" sizes=\"auto, (max-width: 825px) 100vw, 825px\" \/> <img loading=\"lazy\" decoding=\"async\" class=\"aligncenter wp-image-1397 size-large\" src=\"https:\/\/rueilavelo.fr\/rav\/wp-content\/uploads\/2016\/06\/dsc05025-e1747297521557-1024x768.jpg\" alt=\"DSC05025\" width=\"825\" height=\"619\" srcset=\"https:\/\/rueilavelo.fr\/rav\/wp-content\/uploads\/2016\/06\/dsc05025-e1747297521557-1024x768.jpg 1024w, https:\/\/rueilavelo.fr\/rav\/wp-content\/uploads\/2016\/06\/dsc05025-e1747297521557-300x225.jpg 300w, https:\/\/rueilavelo.fr\/rav\/wp-content\/uploads\/2016\/06\/dsc05025-e1747297521557-768x576.jpg 768w, https:\/\/rueilavelo.fr\/rav\/wp-content\/uploads\/2016\/06\/dsc05025-e1747297521557-1536x1152.jpg 1536w, https:\/\/rueilavelo.fr\/rav\/wp-content\/uploads\/2016\/06\/dsc05025-e1747297521557.jpg 2000w\" sizes=\"auto, (max-width: 825px) 100vw, 825px\" \/><\/p>\n<p>&nbsp;<\/p>\n","protected":false},"excerpt":{"rendered":"<p>Voici quelques photos de la convergence 2016 qui a amen\u00e9 les cyclistes d&rsquo;ile de France \u00e0 un pique nique sur &hellip; <a href=\"https:\/\/rueilavelo.fr\/rav\/photos\/5-juin-2016\/\" class=\"more-link\">Plus <span class=\"screen-reader-text\">5 juin 2016<\/span> <span class=\"meta-nav\">&rarr;<\/span><\/a><\/p>\n","protected":false},"author":5,"featured_media":0,"parent":54,"menu_order":0,"comment_status":"closed","ping_status":"closed","template":"","meta":{"footnotes":""},"class_list":["post-1380","page","type-page","status-publish","hentry"],"_links":{"self":[{"href":"https:\/\/rueilavelo.fr\/rav\/wp-json\/wp\/v2\/pages\/1380","targetHints":{"allow":["GET"]}}],"collection":[{"href":"https:\/\/rueilavelo.fr\/rav\/wp-json\/wp\/v2\/pages"}],"about":[{"href":"https:\/\/rueilavelo.fr\/rav\/wp-json\/wp\/v2\/types\/page"}],"author":[{"embeddable":true,"href":"https:\/\/rueilavelo.fr\/rav\/wp-json\/wp\/v2\/users\/5"}],"replies":[{"embeddable":true,"href":"https:\/\/rueilavelo.fr\/rav\/wp-json\/wp\/v2\/comments?post=1380"}],"version-history":[{"count":1,"href":"https:\/\/rueilavelo.fr\/rav\/wp-json\/wp\/v2\/pages\/1380\/revisions"}],"predecessor-version":[{"id":5262,"href":"https:\/\/rueilavelo.fr\/rav\/wp-json\/wp\/v2\/pages\/1380\/revisions\/5262"}],"up":[{"embeddable":true,"href":"https:\/\/rueilavelo.fr\/rav\/wp-json\/wp\/v2\/pages\/54"}],"wp:attachment":[{"href":"https:\/\/rueilavelo.fr\/rav\/wp-json\/wp\/v2\/media?parent=1380"}],"curies":[{"name":"wp","href":"https:\/\/api.w.org\/{rel}","templated":true}]}}