{"id":1492,"date":"2016-11-13T13:37:11","date_gmt":"2016-11-13T13:37:11","guid":{"rendered":"https:\/\/ebrav.wordpress.com\/?page_id=1492"},"modified":"2025-12-31T16:05:48","modified_gmt":"2025-12-31T15:05:48","slug":"6-novembre-2016","status":"publish","type":"page","link":"https:\/\/rueilavelo.fr\/rav\/photos\/6-novembre-2016\/","title":{"rendered":"6 Novembre 2016"},"content":{"rendered":"<p>Nous avons pass\u00e9 le pont de Chatou puis long\u00e9 la Seine jusqu&rsquo;\u00e0 Sartrouville.<\/p>\n<p>Pour le retour, travers\u00e9e de la plaine de Montesson .<\/p>\n<p>Le tout sous un beau grand soleil ! . Total : 25 Km<\/p>\n<p>Croissy :<\/p>\n<p><img loading=\"lazy\" decoding=\"async\" class=\"aligncenter wp-image-1478 size-large\" src=\"https:\/\/rueilavelo.fr\/rav\/wp-content\/uploads\/2016\/11\/dsc05413-e1747298464598-768x1024.jpg\" alt=\"\" width=\"768\" height=\"1024\" srcset=\"https:\/\/rueilavelo.fr\/rav\/wp-content\/uploads\/2016\/11\/dsc05413-e1747298464598-768x1024.jpg 768w, https:\/\/rueilavelo.fr\/rav\/wp-content\/uploads\/2016\/11\/dsc05413-e1747298464598-225x300.jpg 225w, https:\/\/rueilavelo.fr\/rav\/wp-content\/uploads\/2016\/11\/dsc05413-e1747298464598-1152x1536.jpg 1152w, https:\/\/rueilavelo.fr\/rav\/wp-content\/uploads\/2016\/11\/dsc05413-e1747298464598.jpg 1500w\" sizes=\"auto, (max-width: 768px) 100vw, 768px\" \/> <img loading=\"lazy\" decoding=\"async\" class=\"aligncenter wp-image-1479 size-large\" src=\"https:\/\/rueilavelo.fr\/rav\/wp-content\/uploads\/2016\/11\/dsc05414-e1747298449268-1024x768.jpg\" alt=\"\" width=\"825\" height=\"619\" srcset=\"https:\/\/rueilavelo.fr\/rav\/wp-content\/uploads\/2016\/11\/dsc05414-e1747298449268-1024x768.jpg 1024w, https:\/\/rueilavelo.fr\/rav\/wp-content\/uploads\/2016\/11\/dsc05414-e1747298449268-300x225.jpg 300w, https:\/\/rueilavelo.fr\/rav\/wp-content\/uploads\/2016\/11\/dsc05414-e1747298449268-768x576.jpg 768w, https:\/\/rueilavelo.fr\/rav\/wp-content\/uploads\/2016\/11\/dsc05414-e1747298449268-1536x1152.jpg 1536w, https:\/\/rueilavelo.fr\/rav\/wp-content\/uploads\/2016\/11\/dsc05414-e1747298449268.jpg 2000w\" sizes=\"auto, (max-width: 825px) 100vw, 825px\" \/><\/p>\n<p>Montesson cot\u00e9 Seine vers Sartrouville :<\/p>\n<p><img loading=\"lazy\" decoding=\"async\" class=\"aligncenter wp-image-1488 size-large\" src=\"https:\/\/rueilavelo.fr\/rav\/wp-content\/uploads\/2016\/11\/dsc05423-e1747298327283-1024x768.jpg\" alt=\"\" width=\"825\" height=\"619\" srcset=\"https:\/\/rueilavelo.fr\/rav\/wp-content\/uploads\/2016\/11\/dsc05423-e1747298327283-1024x768.jpg 1024w, https:\/\/rueilavelo.fr\/rav\/wp-content\/uploads\/2016\/11\/dsc05423-e1747298327283-300x225.jpg 300w, https:\/\/rueilavelo.fr\/rav\/wp-content\/uploads\/2016\/11\/dsc05423-e1747298327283-768x576.jpg 768w, https:\/\/rueilavelo.fr\/rav\/wp-content\/uploads\/2016\/11\/dsc05423-e1747298327283-1536x1152.jpg 1536w, https:\/\/rueilavelo.fr\/rav\/wp-content\/uploads\/2016\/11\/dsc05423-e1747298327283.jpg 2000w\" sizes=\"auto, (max-width: 825px) 100vw, 825px\" \/><img loading=\"lazy\" decoding=\"async\" class=\"aligncenter wp-image-1485 size-large\" src=\"https:\/\/rueilavelo.fr\/rav\/wp-content\/uploads\/2016\/11\/dsc05420-e1747298371170-1024x768.jpg\" alt=\"\" width=\"825\" height=\"619\" srcset=\"https:\/\/rueilavelo.fr\/rav\/wp-content\/uploads\/2016\/11\/dsc05420-e1747298371170-1024x768.jpg 1024w, https:\/\/rueilavelo.fr\/rav\/wp-content\/uploads\/2016\/11\/dsc05420-e1747298371170-300x225.jpg 300w, https:\/\/rueilavelo.fr\/rav\/wp-content\/uploads\/2016\/11\/dsc05420-e1747298371170-768x576.jpg 768w, https:\/\/rueilavelo.fr\/rav\/wp-content\/uploads\/2016\/11\/dsc05420-e1747298371170-1536x1152.jpg 1536w, https:\/\/rueilavelo.fr\/rav\/wp-content\/uploads\/2016\/11\/dsc05420-e1747298371170.jpg 2000w\" sizes=\"auto, (max-width: 825px) 100vw, 825px\" \/><\/p>\n<p><img loading=\"lazy\" decoding=\"async\" class=\"aligncenter wp-image-1481 size-large\" src=\"https:\/\/rueilavelo.fr\/rav\/wp-content\/uploads\/2016\/11\/dsc05416-e1747298420617-1024x768.jpg\" alt=\"\" width=\"825\" height=\"619\" srcset=\"https:\/\/rueilavelo.fr\/rav\/wp-content\/uploads\/2016\/11\/dsc05416-e1747298420617-1024x768.jpg 1024w, https:\/\/rueilavelo.fr\/rav\/wp-content\/uploads\/2016\/11\/dsc05416-e1747298420617-300x225.jpg 300w, https:\/\/rueilavelo.fr\/rav\/wp-content\/uploads\/2016\/11\/dsc05416-e1747298420617-768x576.jpg 768w, https:\/\/rueilavelo.fr\/rav\/wp-content\/uploads\/2016\/11\/dsc05416-e1747298420617-1536x1152.jpg 1536w, https:\/\/rueilavelo.fr\/rav\/wp-content\/uploads\/2016\/11\/dsc05416-e1747298420617.jpg 2000w\" sizes=\"auto, (max-width: 825px) 100vw, 825px\" \/><\/p>\n<p>Montesson cot\u00e9 champs<\/p>\n<p><img loading=\"lazy\" decoding=\"async\" class=\"aligncenter wp-image-1490 size-large\" src=\"https:\/\/rueilavelo.fr\/rav\/wp-content\/uploads\/2016\/11\/dsc05426-e1747298293453-1024x768.jpg\" alt=\"\" width=\"825\" height=\"619\" srcset=\"https:\/\/rueilavelo.fr\/rav\/wp-content\/uploads\/2016\/11\/dsc05426-e1747298293453-1024x768.jpg 1024w, https:\/\/rueilavelo.fr\/rav\/wp-content\/uploads\/2016\/11\/dsc05426-e1747298293453-300x225.jpg 300w, https:\/\/rueilavelo.fr\/rav\/wp-content\/uploads\/2016\/11\/dsc05426-e1747298293453-768x576.jpg 768w, https:\/\/rueilavelo.fr\/rav\/wp-content\/uploads\/2016\/11\/dsc05426-e1747298293453-1536x1152.jpg 1536w, https:\/\/rueilavelo.fr\/rav\/wp-content\/uploads\/2016\/11\/dsc05426-e1747298293453.jpg 2000w\" sizes=\"auto, (max-width: 825px) 100vw, 825px\" \/> <img loading=\"lazy\" decoding=\"async\" class=\"aligncenter wp-image-1489 size-large\" src=\"https:\/\/rueilavelo.fr\/rav\/wp-content\/uploads\/2016\/11\/dsc05424-e1747298306237-1024x768.jpg\" alt=\"\" width=\"825\" height=\"619\" srcset=\"https:\/\/rueilavelo.fr\/rav\/wp-content\/uploads\/2016\/11\/dsc05424-e1747298306237-1024x768.jpg 1024w, https:\/\/rueilavelo.fr\/rav\/wp-content\/uploads\/2016\/11\/dsc05424-e1747298306237-300x225.jpg 300w, https:\/\/rueilavelo.fr\/rav\/wp-content\/uploads\/2016\/11\/dsc05424-e1747298306237-768x576.jpg 768w, https:\/\/rueilavelo.fr\/rav\/wp-content\/uploads\/2016\/11\/dsc05424-e1747298306237-1536x1152.jpg 1536w, https:\/\/rueilavelo.fr\/rav\/wp-content\/uploads\/2016\/11\/dsc05424-e1747298306237.jpg 2000w\" sizes=\"auto, (max-width: 825px) 100vw, 825px\" \/><\/p>\n","protected":false},"excerpt":{"rendered":"<p>Nous avons pass\u00e9 le pont de Chatou puis long\u00e9 la Seine jusqu&rsquo;\u00e0 Sartrouville. Pour le retour, travers\u00e9e de la plaine &hellip; <a href=\"https:\/\/rueilavelo.fr\/rav\/photos\/6-novembre-2016\/\" class=\"more-link\">Plus <span class=\"screen-reader-text\">6 Novembre 2016<\/span> <span class=\"meta-nav\">&rarr;<\/span><\/a><\/p>\n","protected":false},"author":5,"featured_media":0,"parent":54,"menu_order":0,"comment_status":"closed","ping_status":"closed","template":"","meta":{"footnotes":""},"class_list":["post-1492","page","type-page","status-publish","hentry"],"_links":{"self":[{"href":"https:\/\/rueilavelo.fr\/rav\/wp-json\/wp\/v2\/pages\/1492","targetHints":{"allow":["GET"]}}],"collection":[{"href":"https:\/\/rueilavelo.fr\/rav\/wp-json\/wp\/v2\/pages"}],"about":[{"href":"https:\/\/rueilavelo.fr\/rav\/wp-json\/wp\/v2\/types\/page"}],"author":[{"embeddable":true,"href":"https:\/\/rueilavelo.fr\/rav\/wp-json\/wp\/v2\/users\/5"}],"replies":[{"embeddable":true,"href":"https:\/\/rueilavelo.fr\/rav\/wp-json\/wp\/v2\/comments?post=1492"}],"version-history":[{"count":1,"href":"https:\/\/rueilavelo.fr\/rav\/wp-json\/wp\/v2\/pages\/1492\/revisions"}],"predecessor-version":[{"id":5239,"href":"https:\/\/rueilavelo.fr\/rav\/wp-json\/wp\/v2\/pages\/1492\/revisions\/5239"}],"up":[{"embeddable":true,"href":"https:\/\/rueilavelo.fr\/rav\/wp-json\/wp\/v2\/pages\/54"}],"wp:attachment":[{"href":"https:\/\/rueilavelo.fr\/rav\/wp-json\/wp\/v2\/media?parent=1492"}],"curies":[{"name":"wp","href":"https:\/\/api.w.org\/{rel}","templated":true}]}}