{"id":163,"date":"2012-02-15T20:41:56","date_gmt":"2012-02-15T20:41:56","guid":{"rendered":"http:\/\/rueilavelo.fr\/rav\/?page_id=163"},"modified":"2025-12-01T11:59:48","modified_gmt":"2025-12-01T10:59:48","slug":"calendrier-des-sorties-du-dimanche","status":"publish","type":"page","link":"https:\/\/rueilavelo.fr\/rav\/evenements-2\/calendrier-des-sorties-du-dimanche\/","title":{"rendered":"Sorties du dimanche"},"content":{"rendered":"<p><em><strong>Les sorties d\u00e9couvertes se d\u00e9roulent chaque 1er dimanche du mois.<\/strong>\u00a0Le rendez-vous est fix\u00e9 \u00e0 10h devant l&rsquo;\u00e9glise du centre-ville et la balade dure 2h \u00e0 2h30. Aucune inscription n&rsquo;est n\u00e9cessaire.\u00a0<a href=\"https:\/\/rueilavelo.fr\/rav\/wp-content\/uploads\/2014\/02\/20140202_100534_resized-2.jpg\"><img loading=\"lazy\" decoding=\"async\" class=\" size-medium wp-image-771 alignright\" src=\"https:\/\/rueilavelo.fr\/rav\/wp-content\/uploads\/2014\/02\/20140202_100534_resized-2.jpg?w=300\" alt=\"20140202_100534_resized (2)\" width=\"300\" height=\"225\" srcset=\"https:\/\/rueilavelo.fr\/rav\/wp-content\/uploads\/2014\/02\/20140202_100534_resized-2.jpg 448w, https:\/\/rueilavelo.fr\/rav\/wp-content\/uploads\/2014\/02\/20140202_100534_resized-2-300x225.jpg 300w\" sizes=\"auto, (max-width: 300px) 100vw, 300px\" \/><\/a><br \/><\/em><\/p>\n<p><em>L&rsquo;itin\u00e9raire est d\u00e9cid\u00e9 sur place en fonction du nombre de participants, de la m\u00e9t\u00e9o&#8230;etc : \u00a0direction Versailles, Paris, Marly, bords de Seine&#8230;, les parcours sont vari\u00e9s et toujours dans une ambiance conviviale. Quel que soit votre niveau sportif, venez y go\u00fbter !<\/em><\/p>\n<p>\u00a0<\/p>\n<p><span style=\"color: initial\">Vous pouvez voir des photos de nos sorties\u00a0 <\/span><a href=\"https:\/\/rueilavelo.fr\/rav\/photos\/\">par ici<\/a><span style=\"color: initial\"> .<\/span><\/p>\n\n\n<p>Mise \u00e0 jour le 07\/11\/2021<\/p>\n\n\n\n<p><\/p>\n","protected":false},"excerpt":{"rendered":"<p>Les sorties d\u00e9couvertes se d\u00e9roulent chaque 1er dimanche du mois.\u00a0Le rendez-vous est fix\u00e9 \u00e0 10h devant l&rsquo;\u00e9glise du centre-ville et &hellip; <a href=\"https:\/\/rueilavelo.fr\/rav\/evenements-2\/calendrier-des-sorties-du-dimanche\/\" class=\"more-link\">Plus <span class=\"screen-reader-text\">Sorties du dimanche<\/span> <span class=\"meta-nav\">&rarr;<\/span><\/a><\/p>\n","protected":false},"author":2,"featured_media":0,"parent":254,"menu_order":0,"comment_status":"closed","ping_status":"open","template":"","meta":{"footnotes":""},"class_list":["post-163","page","type-page","status-publish","hentry"],"_links":{"self":[{"href":"https:\/\/rueilavelo.fr\/rav\/wp-json\/wp\/v2\/pages\/163","targetHints":{"allow":["GET"]}}],"collection":[{"href":"https:\/\/rueilavelo.fr\/rav\/wp-json\/wp\/v2\/pages"}],"about":[{"href":"https:\/\/rueilavelo.fr\/rav\/wp-json\/wp\/v2\/types\/page"}],"author":[{"embeddable":true,"href":"https:\/\/rueilavelo.fr\/rav\/wp-json\/wp\/v2\/users\/2"}],"replies":[{"embeddable":true,"href":"https:\/\/rueilavelo.fr\/rav\/wp-json\/wp\/v2\/comments?post=163"}],"version-history":[{"count":1,"href":"https:\/\/rueilavelo.fr\/rav\/wp-json\/wp\/v2\/pages\/163\/revisions"}],"predecessor-version":[{"id":5154,"href":"https:\/\/rueilavelo.fr\/rav\/wp-json\/wp\/v2\/pages\/163\/revisions\/5154"}],"up":[{"embeddable":true,"href":"https:\/\/rueilavelo.fr\/rav\/wp-json\/wp\/v2\/pages\/254"}],"wp:attachment":[{"href":"https:\/\/rueilavelo.fr\/rav\/wp-json\/wp\/v2\/media?parent=163"}],"curies":[{"name":"wp","href":"https:\/\/api.w.org\/{rel}","templated":true}]}}