{"id":1651,"date":"2017-05-24T06:40:45","date_gmt":"2017-05-24T06:40:45","guid":{"rendered":"https:\/\/ebrav.wordpress.com\/?page_id=1651"},"modified":"2017-05-24T06:40:45","modified_gmt":"2017-05-24T06:40:45","slug":"bourse-aux-velos-2017","status":"publish","type":"page","link":"https:\/\/rueilavelo.fr\/rav\/evenements-2\/bourse-aux-velos-2017\/","title":{"rendered":"Bourse aux v\u00e9los 2017"},"content":{"rendered":"<p>La bourse aux v\u00e9los 2017 s&rsquo;est d\u00e9roul\u00e9e les 20 et 21 Mai 2017 dans le cadre des rendez-vous du d\u00e9veloppement durable \u00e0 Rueil Malmaison sous un magnifique soleil .<\/p>\n<p>58 v\u00e9los nous ont \u00e9t\u00e9 confi\u00e9s et 48 d&rsquo;entre eux ont trouv\u00e9 preneur.<\/p>\n<p>Quelques photos :<\/p>\n<p><a href=\"https:\/\/rueilavelo.fr\/rav\/wp-content\/uploads\/2017\/05\/img_20170521_162532.jpg\"><img loading=\"lazy\" decoding=\"async\" class=\"wp-image-1647 aligncenter\" src=\"https:\/\/rueilavelo.fr\/rav\/wp-content\/uploads\/2017\/05\/img_20170521_162532.jpg?w=225\" alt=\"\" width=\"344\" height=\"459\" \/><\/a> <a href=\"https:\/\/rueilavelo.fr\/rav\/wp-content\/uploads\/2017\/05\/img_20170521_162433.jpg\"><img loading=\"lazy\" decoding=\"async\" class=\"wp-image-1646 aligncenter\" src=\"https:\/\/rueilavelo.fr\/rav\/wp-content\/uploads\/2017\/05\/img_20170521_162433.jpg?w=225\" alt=\"\" width=\"342\" height=\"456\" \/><\/a> <a href=\"https:\/\/rueilavelo.fr\/rav\/wp-content\/uploads\/2017\/05\/img_20170521_162320.jpg\"><img loading=\"lazy\" decoding=\"async\" class=\"wp-image-1645 aligncenter\" src=\"https:\/\/rueilavelo.fr\/rav\/wp-content\/uploads\/2017\/05\/img_20170521_162320.jpg?w=300\" alt=\"\" width=\"589\" height=\"442\" \/><\/a><\/p>\n","protected":false},"excerpt":{"rendered":"<p>La bourse aux v\u00e9los 2017 s&rsquo;est d\u00e9roul\u00e9e les 20 et 21 Mai 2017 dans le cadre des rendez-vous du d\u00e9veloppement &hellip; <a href=\"https:\/\/rueilavelo.fr\/rav\/evenements-2\/bourse-aux-velos-2017\/\" class=\"more-link\">Plus <span class=\"screen-reader-text\">Bourse aux v\u00e9los 2017<\/span> <span class=\"meta-nav\">&rarr;<\/span><\/a><\/p>\n","protected":false},"author":5,"featured_media":0,"parent":254,"menu_order":3,"comment_status":"closed","ping_status":"closed","template":"","meta":{"footnotes":""},"class_list":["post-1651","page","type-page","status-publish","hentry"],"_links":{"self":[{"href":"https:\/\/rueilavelo.fr\/rav\/wp-json\/wp\/v2\/pages\/1651","targetHints":{"allow":["GET"]}}],"collection":[{"href":"https:\/\/rueilavelo.fr\/rav\/wp-json\/wp\/v2\/pages"}],"about":[{"href":"https:\/\/rueilavelo.fr\/rav\/wp-json\/wp\/v2\/types\/page"}],"author":[{"embeddable":true,"href":"https:\/\/rueilavelo.fr\/rav\/wp-json\/wp\/v2\/users\/5"}],"replies":[{"embeddable":true,"href":"https:\/\/rueilavelo.fr\/rav\/wp-json\/wp\/v2\/comments?post=1651"}],"version-history":[{"count":0,"href":"https:\/\/rueilavelo.fr\/rav\/wp-json\/wp\/v2\/pages\/1651\/revisions"}],"up":[{"embeddable":true,"href":"https:\/\/rueilavelo.fr\/rav\/wp-json\/wp\/v2\/pages\/254"}],"wp:attachment":[{"href":"https:\/\/rueilavelo.fr\/rav\/wp-json\/wp\/v2\/media?parent=1651"}],"curies":[{"name":"wp","href":"https:\/\/api.w.org\/{rel}","templated":true}]}}