{"id":1673,"date":"2017-06-05T17:43:04","date_gmt":"2017-06-05T17:43:04","guid":{"rendered":"https:\/\/ebrav.wordpress.com\/?page_id=1673"},"modified":"2017-06-05T17:43:04","modified_gmt":"2017-06-05T17:43:04","slug":"juin-2017-la-convergence","status":"publish","type":"page","link":"https:\/\/rueilavelo.fr\/rav\/photos\/sorties-2017\/juin-2017-la-convergence\/","title":{"rendered":"Juin 2017 : la convergence"},"content":{"rendered":"<p>En ce dimanche 4 juin 2017,nous avons particip\u00e9 \u00e0 la convergence francilienne dans le cadre de la f\u00eate du v\u00e9lo .<\/p>\n<p>Quelques photos :<\/p>\n<p>D\u00e9part de Rueil<\/p>\n<p style=\"text-align:center;\"><a href=\"https:\/\/rueilavelo.fr\/rav\/wp-content\/uploads\/2017\/06\/img_20170604_095254.jpg\"><img loading=\"lazy\" decoding=\"async\" class=\"alignnone  wp-image-1674\" src=\"https:\/\/rueilavelo.fr\/rav\/wp-content\/uploads\/2017\/06\/img_20170604_095254.jpg?w=225\" alt=\"\" width=\"396\" height=\"528\" \/><\/a><\/p>\n<p>En route vers le point de rendez-vous de Colombes :<\/p>\n<p><a href=\"https:\/\/rueilavelo.fr\/rav\/wp-content\/uploads\/2017\/06\/img_20170604_104721.jpg\"><img loading=\"lazy\" decoding=\"async\" class=\"wp-image-1675 aligncenter\" src=\"https:\/\/rueilavelo.fr\/rav\/wp-content\/uploads\/2017\/06\/img_20170604_104721.jpg?w=225\" alt=\"\" width=\"465\" height=\"620\" \/><\/a><\/p>\n<p>Colombes : on se rassemble. Tous en vert !<\/p>\n<p><a href=\"https:\/\/rueilavelo.fr\/rav\/wp-content\/uploads\/2017\/06\/img_20170604_111532.jpg\"><img loading=\"lazy\" decoding=\"async\" class=\"wp-image-1676 aligncenter\" src=\"https:\/\/rueilavelo.fr\/rav\/wp-content\/uploads\/2017\/06\/img_20170604_111532.jpg?w=225\" alt=\"\" width=\"501\" height=\"668\" \/><\/a><a href=\"https:\/\/rueilavelo.fr\/rav\/wp-content\/uploads\/2017\/06\/img_20170604_111641.jpg\"><img loading=\"lazy\" decoding=\"async\" class=\"wp-image-1677 alignright\" src=\"https:\/\/rueilavelo.fr\/rav\/wp-content\/uploads\/2017\/06\/img_20170604_111641.jpg?w=225\" alt=\"\" width=\"438\" height=\"584\" \/><\/a><\/p>\n<p>&nbsp;<\/p>\n<p>&nbsp;<\/p>\n<p>&nbsp;<\/p>\n<p>&nbsp;<\/p>\n<p>&nbsp;<\/p>\n<p>&nbsp;<\/p>\n<p>&nbsp;<\/p>\n<p>&nbsp;<\/p>\n<p>&nbsp;<\/p>\n<p>&nbsp;<\/p>\n<p>&nbsp;<\/p>\n<p>&nbsp;<\/p>\n<p>On file vers Paris &#8230;.<\/p>\n<p style=\"text-align:center;\"><a href=\"https:\/\/rueilavelo.fr\/rav\/wp-content\/uploads\/2017\/06\/img_20170604_114947.jpg\"><img loading=\"lazy\" decoding=\"async\" class=\"alignnone  wp-image-1678\" src=\"https:\/\/rueilavelo.fr\/rav\/wp-content\/uploads\/2017\/06\/img_20170604_114947.jpg?w=225\" alt=\"\" width=\"414\" height=\"552\" \/><\/a><\/p>\n<p>La Bastille<\/p>\n<p><a href=\"https:\/\/rueilavelo.fr\/rav\/wp-content\/uploads\/2017\/06\/img_20170604_130136.jpg\"><img loading=\"lazy\" decoding=\"async\" class=\"wp-image-1679 aligncenter\" src=\"https:\/\/rueilavelo.fr\/rav\/wp-content\/uploads\/2017\/06\/img_20170604_130136.jpg?w=225\" alt=\"\" width=\"382\" height=\"509\" \/><\/a>La rue de Rivoli<\/p>\n<p><a href=\"https:\/\/rueilavelo.fr\/rav\/wp-content\/uploads\/2017\/06\/img_20170604_132037.jpg\"><img loading=\"lazy\" decoding=\"async\" class=\" wp-image-1680 aligncenter\" src=\"https:\/\/rueilavelo.fr\/rav\/wp-content\/uploads\/2017\/06\/img_20170604_132037.jpg?w=225\" alt=\"\" width=\"376\" height=\"501\" \/><\/a>Les Invalides et un pique-nique bien m\u00e9rit\u00e9 !!!<\/p>\n<p><a href=\"https:\/\/rueilavelo.fr\/rav\/wp-content\/uploads\/2017\/06\/img_20170604_135127.jpg\"><img loading=\"lazy\" decoding=\"async\" class=\"wp-image-1682 aligncenter\" src=\"https:\/\/rueilavelo.fr\/rav\/wp-content\/uploads\/2017\/06\/img_20170604_135127.jpg?w=300\" alt=\"\" width=\"812\" height=\"609\" \/><\/a><\/p>\n<p>&nbsp;<\/p>\n","protected":false},"excerpt":{"rendered":"<p>En ce dimanche 4 juin 2017,nous avons particip\u00e9 \u00e0 la convergence francilienne dans le cadre de la f\u00eate du v\u00e9lo &hellip; <a href=\"https:\/\/rueilavelo.fr\/rav\/photos\/sorties-2017\/juin-2017-la-convergence\/\" class=\"more-link\">Plus <span class=\"screen-reader-text\">Juin 2017 : la convergence<\/span> <span class=\"meta-nav\">&rarr;<\/span><\/a><\/p>\n","protected":false},"author":5,"featured_media":0,"parent":1523,"menu_order":0,"comment_status":"closed","ping_status":"closed","template":"","meta":{"footnotes":""},"class_list":["post-1673","page","type-page","status-publish","hentry"],"_links":{"self":[{"href":"https:\/\/rueilavelo.fr\/rav\/wp-json\/wp\/v2\/pages\/1673","targetHints":{"allow":["GET"]}}],"collection":[{"href":"https:\/\/rueilavelo.fr\/rav\/wp-json\/wp\/v2\/pages"}],"about":[{"href":"https:\/\/rueilavelo.fr\/rav\/wp-json\/wp\/v2\/types\/page"}],"author":[{"embeddable":true,"href":"https:\/\/rueilavelo.fr\/rav\/wp-json\/wp\/v2\/users\/5"}],"replies":[{"embeddable":true,"href":"https:\/\/rueilavelo.fr\/rav\/wp-json\/wp\/v2\/comments?post=1673"}],"version-history":[{"count":0,"href":"https:\/\/rueilavelo.fr\/rav\/wp-json\/wp\/v2\/pages\/1673\/revisions"}],"up":[{"embeddable":true,"href":"https:\/\/rueilavelo.fr\/rav\/wp-json\/wp\/v2\/pages\/1523"}],"wp:attachment":[{"href":"https:\/\/rueilavelo.fr\/rav\/wp-json\/wp\/v2\/media?parent=1673"}],"curies":[{"name":"wp","href":"https:\/\/api.w.org\/{rel}","templated":true}]}}