{"id":182,"date":"2012-02-15T21:13:38","date_gmt":"2012-02-15T21:13:38","guid":{"rendered":"http:\/\/rueilavelo.fr\/rav\/?page_id=182"},"modified":"2012-02-15T21:13:38","modified_gmt":"2012-02-15T21:13:38","slug":"extrait-des-statuts","status":"publish","type":"page","link":"https:\/\/rueilavelo.fr\/rav\/lassociation\/extrait-des-statuts\/","title":{"rendered":"Extrait des statuts"},"content":{"rendered":"<p>STATUTS DE L\u2019ASSOCIATION RUEIL A VELO ADOPTES PAR L\u2019ASSEMBLEE CONSTITUTIVE DU 10 DECEMBRE 1998 TENUE A RUEIL HAUTS DE SEINE<\/p>\n<p><strong>Titre premier : objet, d\u00e9nomination, si\u00e8ge, dur\u00e9e de l&rsquo;association<\/strong><\/p>\n<p>1.1.&nbsp; Conform\u00e9ment \u00e0 la loi du 1<sup>er<\/sup> juillet 1901 et aux statuts d\u2019Environnement 92 auxquels elle est affili\u00e9e, est form\u00e9e \u00e0 la date du 10 d\u00e9cembre 1998 l\u2019Association RUEIL A VELO.<\/p>\n<p>1.2.&nbsp; Elle a pour but&nbsp;:<\/p>\n<ul>\n<li>de favoriser le d\u00e9veloppement des circulations douces (v\u00e9lo, pi\u00e9ton) dans la ville de Rueil-Malmaison en liaison avec les communes voisines,<\/li>\n<li>de favoriser une plus grande information du public et une large participation \u00e0 la mise en place d\u2019un r\u00e9seau alternatif \u00e0 la voiture conciliant les besoins \u00e9conomiques et sociaux avec l\u2019am\u00e9lioration de la circulation dans la ville,<\/li>\n<li>de s\u2019assurer que les d\u00e9placements v\u00e9lo-pi\u00e9ton seront pris en compte dans les documents d\u2019urbanisme (P.O.S., S.D.A.U., P.D.U\u2026.),<\/li>\n<li>de faire respecter par tous les moyens l\u00e9gaux l\u2019application des lois et r\u00e8glements \u00e9dict\u00e9s.<\/li>\n<\/ul>\n<p>1.3.&nbsp; L\u2019association RUEIL A VELO est une association ouverte et pluraliste. Ind\u00e9pendante des partis politiques, elle est ouverte \u00e0 toutes les familles de pens\u00e9e.<\/p>\n<p>(&#8230;)<\/p>\n","protected":false},"excerpt":{"rendered":"<p>STATUTS DE L\u2019ASSOCIATION RUEIL A VELO ADOPTES PAR L\u2019ASSEMBLEE CONSTITUTIVE DU 10 DECEMBRE 1998 TENUE A RUEIL HAUTS DE SEINE &hellip; <a href=\"https:\/\/rueilavelo.fr\/rav\/lassociation\/extrait-des-statuts\/\" class=\"more-link\">Plus <span class=\"screen-reader-text\">Extrait des statuts<\/span> <span class=\"meta-nav\">&rarr;<\/span><\/a><\/p>\n","protected":false},"author":2,"featured_media":0,"parent":67,"menu_order":3,"comment_status":"closed","ping_status":"open","template":"","meta":{"footnotes":""},"class_list":["post-182","page","type-page","status-publish","hentry"],"_links":{"self":[{"href":"https:\/\/rueilavelo.fr\/rav\/wp-json\/wp\/v2\/pages\/182","targetHints":{"allow":["GET"]}}],"collection":[{"href":"https:\/\/rueilavelo.fr\/rav\/wp-json\/wp\/v2\/pages"}],"about":[{"href":"https:\/\/rueilavelo.fr\/rav\/wp-json\/wp\/v2\/types\/page"}],"author":[{"embeddable":true,"href":"https:\/\/rueilavelo.fr\/rav\/wp-json\/wp\/v2\/users\/2"}],"replies":[{"embeddable":true,"href":"https:\/\/rueilavelo.fr\/rav\/wp-json\/wp\/v2\/comments?post=182"}],"version-history":[{"count":0,"href":"https:\/\/rueilavelo.fr\/rav\/wp-json\/wp\/v2\/pages\/182\/revisions"}],"up":[{"embeddable":true,"href":"https:\/\/rueilavelo.fr\/rav\/wp-json\/wp\/v2\/pages\/67"}],"wp:attachment":[{"href":"https:\/\/rueilavelo.fr\/rav\/wp-json\/wp\/v2\/media?parent=182"}],"curies":[{"name":"wp","href":"https:\/\/api.w.org\/{rel}","templated":true}]}}