{"id":1909,"date":"2018-02-25T20:59:23","date_gmt":"2018-02-25T20:59:23","guid":{"rendered":"https:\/\/ebrav.wordpress.com\/?page_id=1909"},"modified":"2018-02-25T20:59:23","modified_gmt":"2018-02-25T20:59:23","slug":"fevrier-2018","status":"publish","type":"page","link":"https:\/\/rueilavelo.fr\/rav\/photos\/sorties-2018\/fevrier-2018\/","title":{"rendered":"F\u00e9vrier 2018"},"content":{"rendered":"<p>Petite tour vers Louveciennes :<\/p>\n<p>Les berges \u00e9taient inond\u00e9es \u00e0 Chatou:<\/p>\n<p style=\"text-align:center;\"><a href=\"https:\/\/rueilavelo.fr\/rav\/wp-content\/uploads\/2018\/02\/dsc06363.jpg\"><img loading=\"lazy\" decoding=\"async\" class=\"alignnone  wp-image-1910\" src=\"https:\/\/rueilavelo.fr\/rav\/wp-content\/uploads\/2018\/02\/dsc06363.jpg?w=300\" alt=\"\" width=\"445\" height=\"334\" \/><\/a><\/p>\n<p>Louveciennes :<\/p>\n<p style=\"text-align:center;\"><a href=\"https:\/\/rueilavelo.fr\/rav\/wp-content\/uploads\/2018\/02\/dsc06367.jpg\"><img loading=\"lazy\" decoding=\"async\" class=\"alignnone  wp-image-1912\" src=\"https:\/\/rueilavelo.fr\/rav\/wp-content\/uploads\/2018\/02\/dsc06367.jpg?w=225\" alt=\"\" width=\"360\" height=\"480\" \/><\/a>\u00a0 <a href=\"https:\/\/rueilavelo.fr\/rav\/wp-content\/uploads\/2018\/02\/dsc06369.jpg\"><img loading=\"lazy\" decoding=\"async\" class=\"alignnone  wp-image-1914\" src=\"https:\/\/rueilavelo.fr\/rav\/wp-content\/uploads\/2018\/02\/dsc06369.jpg?w=225\" alt=\"\" width=\"346\" height=\"461\" \/><\/a><\/p>\n<p>Du cot\u00e9\u00a0 de la Celle Saint Cloud :<\/p>\n<p style=\"text-align:center;\"><a href=\"https:\/\/rueilavelo.fr\/rav\/wp-content\/uploads\/2018\/02\/dsc06371.jpg\"><img loading=\"lazy\" decoding=\"async\" class=\"alignnone size-medium wp-image-1915\" src=\"https:\/\/rueilavelo.fr\/rav\/wp-content\/uploads\/2018\/02\/dsc06371.jpg?w=300\" alt=\"\" width=\"300\" height=\"225\" \/><\/a><\/p>\n","protected":false},"excerpt":{"rendered":"<p>Petite tour vers Louveciennes : Les berges \u00e9taient inond\u00e9es \u00e0 Chatou: Louveciennes : \u00a0 Du cot\u00e9\u00a0 de la Celle Saint &hellip; <a href=\"https:\/\/rueilavelo.fr\/rav\/photos\/sorties-2018\/fevrier-2018\/\" class=\"more-link\">Plus <span class=\"screen-reader-text\">F\u00e9vrier 2018<\/span> <span class=\"meta-nav\">&rarr;<\/span><\/a><\/p>\n","protected":false},"author":5,"featured_media":0,"parent":1894,"menu_order":0,"comment_status":"closed","ping_status":"closed","template":"","meta":{"footnotes":""},"class_list":["post-1909","page","type-page","status-publish","hentry"],"_links":{"self":[{"href":"https:\/\/rueilavelo.fr\/rav\/wp-json\/wp\/v2\/pages\/1909","targetHints":{"allow":["GET"]}}],"collection":[{"href":"https:\/\/rueilavelo.fr\/rav\/wp-json\/wp\/v2\/pages"}],"about":[{"href":"https:\/\/rueilavelo.fr\/rav\/wp-json\/wp\/v2\/types\/page"}],"author":[{"embeddable":true,"href":"https:\/\/rueilavelo.fr\/rav\/wp-json\/wp\/v2\/users\/5"}],"replies":[{"embeddable":true,"href":"https:\/\/rueilavelo.fr\/rav\/wp-json\/wp\/v2\/comments?post=1909"}],"version-history":[{"count":0,"href":"https:\/\/rueilavelo.fr\/rav\/wp-json\/wp\/v2\/pages\/1909\/revisions"}],"up":[{"embeddable":true,"href":"https:\/\/rueilavelo.fr\/rav\/wp-json\/wp\/v2\/pages\/1894"}],"wp:attachment":[{"href":"https:\/\/rueilavelo.fr\/rav\/wp-json\/wp\/v2\/media?parent=1909"}],"curies":[{"name":"wp","href":"https:\/\/api.w.org\/{rel}","templated":true}]}}