{"id":20,"date":"2012-01-30T13:06:06","date_gmt":"2012-01-30T13:06:06","guid":{"rendered":"http:\/\/rueilavelo.fr\/rav\/?page_id=20"},"modified":"2025-12-01T11:56:34","modified_gmt":"2025-12-01T10:56:34","slug":"action","status":"publish","type":"page","link":"https:\/\/rueilavelo.fr\/rav\/action\/","title":{"rendered":"Nos actions"},"content":{"rendered":"<p><em>Rueil \u00e0 V\u00e9lo agit sur plusieurs plans :<a href=\"http:\/\/rueilavelo.fr\/rav\/wp-content\/uploads\/2012\/01\/img_7908.jpg\"><img loading=\"lazy\" decoding=\"async\" class=\"alignright wp-image-143 size-medium\" title=\"IMG_7908\" src=\"https:\/\/rueilavelo.fr\/rav\/wp-content\/uploads\/2012\/02\/img_7908-200x300.jpg\" alt=\"\" width=\"200\" height=\"300\" srcset=\"https:\/\/rueilavelo.fr\/rav\/wp-content\/uploads\/2012\/02\/img_7908-200x300.jpg 200w, https:\/\/rueilavelo.fr\/rav\/wp-content\/uploads\/2012\/02\/img_7908.jpg 426w\" sizes=\"auto, (max-width: 200px) 100vw, 200px\" \/><\/a><\/em><\/p>\n<p>&#8211; <strong><span style=\"line-height: 24px;\">Demandes d&rsquo;am\u00e9nagements<\/span><\/strong>\u00a0aupr\u00e8s de la mairie ou des autorit\u00e9s d\u00e9partementales et r\u00e9gionales pour l&rsquo;am\u00e9lioration des acc\u00e8s et stationnements r\u00e9serv\u00e9s aux v\u00e9los : <a title=\"Am\u00e9nagements\" href=\"http:\/\/rueilavelo.fr\/rav\/action\/demandes-damenagements\/\">plus d&rsquo;infos<\/a><\/p>\n<p>&#8211; <strong>Sorties d\u00e9couverte du dimanche<\/strong> pour r\u00e9aliser que Rueil et ses environs ne manquent pas de chemins \u00ab\u00a0nature\u00a0\u00bb et qu&rsquo;en quelques heures, votre v\u00e9lo peut vous emmener loin : <a title=\"plus d'infos\" href=\"https:\/\/rueilavelo.fr\/rav\/action\/sorties-decouvertes-du-dimanche\/\">plus d&rsquo;infos<\/a><\/p>\n<p>&#8211; <strong>Organisation d&rsquo;\u00e9v\u00e9nements<\/strong> : bourses \u00e0 v\u00e9lo, marquage anti-vol, randonn\u00e9es famille&#8230;, \u00e0 suivre dans la rubrique Ev\u00e9nements <a title=\"ici\" href=\"https:\/\/rueilavelo.fr\/rav\/evenements-2\/\">ici<\/a><\/p>\n","protected":false},"excerpt":{"rendered":"<p>Rueil \u00e0 V\u00e9lo agit sur plusieurs plans : &#8211; Demandes d&rsquo;am\u00e9nagements\u00a0aupr\u00e8s de la mairie ou des autorit\u00e9s d\u00e9partementales et r\u00e9gionales &hellip; <a href=\"https:\/\/rueilavelo.fr\/rav\/action\/\" class=\"more-link\">Plus <span class=\"screen-reader-text\">Nos actions<\/span> <span class=\"meta-nav\">&rarr;<\/span><\/a><\/p>\n","protected":false},"author":2,"featured_media":0,"parent":0,"menu_order":2,"comment_status":"closed","ping_status":"closed","template":"","meta":{"footnotes":""},"class_list":["post-20","page","type-page","status-publish","hentry"],"_links":{"self":[{"href":"https:\/\/rueilavelo.fr\/rav\/wp-json\/wp\/v2\/pages\/20","targetHints":{"allow":["GET"]}}],"collection":[{"href":"https:\/\/rueilavelo.fr\/rav\/wp-json\/wp\/v2\/pages"}],"about":[{"href":"https:\/\/rueilavelo.fr\/rav\/wp-json\/wp\/v2\/types\/page"}],"author":[{"embeddable":true,"href":"https:\/\/rueilavelo.fr\/rav\/wp-json\/wp\/v2\/users\/2"}],"replies":[{"embeddable":true,"href":"https:\/\/rueilavelo.fr\/rav\/wp-json\/wp\/v2\/comments?post=20"}],"version-history":[{"count":4,"href":"https:\/\/rueilavelo.fr\/rav\/wp-json\/wp\/v2\/pages\/20\/revisions"}],"predecessor-version":[{"id":5152,"href":"https:\/\/rueilavelo.fr\/rav\/wp-json\/wp\/v2\/pages\/20\/revisions\/5152"}],"wp:attachment":[{"href":"https:\/\/rueilavelo.fr\/rav\/wp-json\/wp\/v2\/media?parent=20"}],"curies":[{"name":"wp","href":"https:\/\/api.w.org\/{rel}","templated":true}]}}