{"id":2018,"date":"2018-05-09T06:20:57","date_gmt":"2018-05-09T06:20:57","guid":{"rendered":"https:\/\/ebrav.wordpress.com\/?page_id=2018"},"modified":"2018-05-09T06:20:57","modified_gmt":"2018-05-09T06:20:57","slug":"sortie-exceptionnelle-du-8-mai-2018","status":"publish","type":"page","link":"https:\/\/rueilavelo.fr\/rav\/photos\/sorties-2018\/sortie-exceptionnelle-du-8-mai-2018\/","title":{"rendered":"Sortie Exceptionnelle du 8 Mai 2018"},"content":{"rendered":"<p>Pr\u00e9s de 70 Km dans la journ\u00e9e , belle balade de long de la Seine et de l&rsquo;Oise :<\/p>\n<p>Vaur\u00e9al<\/p>\n<p><a href=\"https:\/\/rueilavelo.fr\/rav\/wp-content\/uploads\/2018\/05\/received_10260352608825071.jpeg\"><img loading=\"lazy\" decoding=\"async\" class=\"wp-image-2017 aligncenter\" src=\"https:\/\/rueilavelo.fr\/rav\/wp-content\/uploads\/2018\/05\/received_10260352608825071.jpeg?w=179\" alt=\"\" width=\"330\" height=\"553\" srcset=\"https:\/\/rueilavelo.fr\/rav\/wp-content\/uploads\/2018\/05\/received_10260352608825071.jpeg 1080w, https:\/\/rueilavelo.fr\/rav\/wp-content\/uploads\/2018\/05\/received_10260352608825071-179x300.jpeg 179w, https:\/\/rueilavelo.fr\/rav\/wp-content\/uploads\/2018\/05\/received_10260352608825071-610x1024.jpeg 610w, https:\/\/rueilavelo.fr\/rav\/wp-content\/uploads\/2018\/05\/received_10260352608825071-768x1289.jpeg 768w, https:\/\/rueilavelo.fr\/rav\/wp-content\/uploads\/2018\/05\/received_10260352608825071-915x1536.jpeg 915w\" sizes=\"auto, (max-width: 330px) 100vw, 330px\" \/><\/a><\/p>\n<p>Conflans Sainte Honorine, un peintre amateur et..<\/p>\n<p style=\"text-align:center;\"><a href=\"https:\/\/rueilavelo.fr\/rav\/wp-content\/uploads\/2018\/05\/img_20180508_1434161.jpg\"><img loading=\"lazy\" decoding=\"async\" class=\"alignnone  wp-image-2016\" src=\"https:\/\/rueilavelo.fr\/rav\/wp-content\/uploads\/2018\/05\/img_20180508_1434161.jpg?w=300\" alt=\"\" width=\"517\" height=\"387\" \/><\/a><\/p>\n<p>nous !<\/p>\n<p><a href=\"https:\/\/rueilavelo.fr\/rav\/wp-content\/uploads\/2018\/05\/img_20180508_1429231.jpg\"><img loading=\"lazy\" decoding=\"async\" class=\" wp-image-2015\" src=\"https:\/\/rueilavelo.fr\/rav\/wp-content\/uploads\/2018\/05\/img_20180508_1429231.jpg?w=300\" alt=\"\" width=\"475\" height=\"356\" \/><\/a><\/p>\n<p>Cergy :<\/p>\n<p><a href=\"https:\/\/rueilavelo.fr\/rav\/wp-content\/uploads\/2018\/05\/img_20180508_1333201.jpg\"><img loading=\"lazy\" decoding=\"async\" class=\"wp-image-2014 aligncenter\" src=\"https:\/\/rueilavelo.fr\/rav\/wp-content\/uploads\/2018\/05\/img_20180508_1333201.jpg?w=225\" alt=\"\" width=\"356\" height=\"475\" \/><\/a><\/p>\n<p><a href=\"https:\/\/rueilavelo.fr\/rav\/wp-content\/uploads\/2018\/05\/img_20180508_1236231.jpg\"><img loading=\"lazy\" decoding=\"async\" class=\" wp-image-2013\" src=\"https:\/\/rueilavelo.fr\/rav\/wp-content\/uploads\/2018\/05\/img_20180508_1236231.jpg?w=225\" alt=\"\" width=\"412\" height=\"549\" \/><\/a><\/p>\n<p>&nbsp;<\/p>\n","protected":false},"excerpt":{"rendered":"<p>Pr\u00e9s de 70 Km dans la journ\u00e9e , belle balade de long de la Seine et de l&rsquo;Oise : Vaur\u00e9al &hellip; <a href=\"https:\/\/rueilavelo.fr\/rav\/photos\/sorties-2018\/sortie-exceptionnelle-du-8-mai-2018\/\" class=\"more-link\">Plus <span class=\"screen-reader-text\">Sortie Exceptionnelle du 8 Mai 2018<\/span> <span class=\"meta-nav\">&rarr;<\/span><\/a><\/p>\n","protected":false},"author":5,"featured_media":0,"parent":1894,"menu_order":0,"comment_status":"closed","ping_status":"closed","template":"","meta":{"footnotes":""},"class_list":["post-2018","page","type-page","status-publish","hentry"],"_links":{"self":[{"href":"https:\/\/rueilavelo.fr\/rav\/wp-json\/wp\/v2\/pages\/2018","targetHints":{"allow":["GET"]}}],"collection":[{"href":"https:\/\/rueilavelo.fr\/rav\/wp-json\/wp\/v2\/pages"}],"about":[{"href":"https:\/\/rueilavelo.fr\/rav\/wp-json\/wp\/v2\/types\/page"}],"author":[{"embeddable":true,"href":"https:\/\/rueilavelo.fr\/rav\/wp-json\/wp\/v2\/users\/5"}],"replies":[{"embeddable":true,"href":"https:\/\/rueilavelo.fr\/rav\/wp-json\/wp\/v2\/comments?post=2018"}],"version-history":[{"count":0,"href":"https:\/\/rueilavelo.fr\/rav\/wp-json\/wp\/v2\/pages\/2018\/revisions"}],"up":[{"embeddable":true,"href":"https:\/\/rueilavelo.fr\/rav\/wp-json\/wp\/v2\/pages\/1894"}],"wp:attachment":[{"href":"https:\/\/rueilavelo.fr\/rav\/wp-json\/wp\/v2\/media?parent=2018"}],"curies":[{"name":"wp","href":"https:\/\/api.w.org\/{rel}","templated":true}]}}