{"id":2038,"date":"2018-06-08T09:36:15","date_gmt":"2018-06-08T09:36:15","guid":{"rendered":"https:\/\/ebrav.wordpress.com\/?page_id=2038"},"modified":"2025-11-27T22:32:14","modified_gmt":"2025-11-27T21:32:14","slug":"les-photos-de-la-convergence-2018","status":"publish","type":"page","link":"https:\/\/rueilavelo.fr\/rav\/photos\/sorties-2018\/les-photos-de-la-convergence-2018\/","title":{"rendered":"Les photos de la convergence 2018"},"content":{"rendered":"<p><img loading=\"lazy\" decoding=\"async\" class=\"alignnone  wp-image-2033\" src=\"https:\/\/rueilavelo.fr\/rav\/wp-content\/uploads\/2018\/06\/convergence2018_bezons.jpg\" alt=\"Convergence2018_bezons\" width=\"300\" height=\"225\" \/><\/p>\n<p>1er RDV au pont de Bezon pour rejoindre une branche officielle de la convergence :<\/p>\n<div id='gallery-1' class='gallery galleryid-2038 gallery-columns-3 gallery-size-thumbnail'><figure class='gallery-item'>\n\t\t\t<div class='gallery-icon landscape'>\n\t\t\t\t<a href='https:\/\/rueilavelo.fr\/rav\/convergence2018__colombes\/'><img loading=\"lazy\" decoding=\"async\" width=\"150\" height=\"150\" src=\"https:\/\/rueilavelo.fr\/rav\/wp-content\/uploads\/2018\/06\/convergence2018__colombes-e1747300830687-150x150.jpg\" class=\"attachment-thumbnail size-thumbnail\" alt=\"\" \/><\/a>\n\t\t\t<\/div><\/figure><figure class='gallery-item'>\n\t\t\t<div class='gallery-icon landscape'>\n\t\t\t\t<a href='https:\/\/rueilavelo.fr\/rav\/convergence2018_velos\/'><img loading=\"lazy\" decoding=\"async\" width=\"150\" height=\"150\" src=\"https:\/\/rueilavelo.fr\/rav\/wp-content\/uploads\/2018\/06\/convergence2018_velos-e1747300793262-150x150.jpg\" class=\"attachment-thumbnail size-thumbnail\" alt=\"\" \/><\/a>\n\t\t\t<\/div><\/figure>\n\t\t<\/div>\n\n<p>RDV pour la collation au point de rassemblement de Colombes, vous l&rsquo;aurez devin\u00e9 notre code couleur sur cette branche est le vert ! Tout ce qui roule sans moteur est bienvenu : 1 roue, 2 roues, 3 roues, debout, assis ou allong\u00e9 !<\/p>\n<p>&nbsp;<\/p>\n<p><img loading=\"lazy\" decoding=\"async\" class=\"alignnone size-full wp-image-2034\" src=\"https:\/\/rueilavelo.fr\/rav\/wp-content\/uploads\/2018\/06\/convergence2018_concorde.jpg\" alt=\"Convergence2018_Concorde\" width=\"1080\" height=\"608\" srcset=\"https:\/\/rueilavelo.fr\/rav\/wp-content\/uploads\/2018\/06\/convergence2018_concorde.jpg 1080w, https:\/\/rueilavelo.fr\/rav\/wp-content\/uploads\/2018\/06\/convergence2018_concorde-300x169.jpg 300w, https:\/\/rueilavelo.fr\/rav\/wp-content\/uploads\/2018\/06\/convergence2018_concorde-1024x576.jpg 1024w, https:\/\/rueilavelo.fr\/rav\/wp-content\/uploads\/2018\/06\/convergence2018_concorde-768x432.jpg 768w\" sizes=\"auto, (max-width: 1080px) 100vw, 1080px\" \/>La place de la Concorde rien que pour les cyclistes, c&rsquo;est top !<\/p>\n<p>&nbsp;<\/p>\n<div id='gallery-2' class='gallery galleryid-2038 gallery-columns-3 gallery-size-thumbnail'><figure class='gallery-item'>\n\t\t\t<div class='gallery-icon landscape'>\n\t\t\t\t<a href='https:\/\/rueilavelo.fr\/rav\/convergence2018_grouperav1\/'><img loading=\"lazy\" decoding=\"async\" width=\"150\" height=\"150\" src=\"https:\/\/rueilavelo.fr\/rav\/wp-content\/uploads\/2018\/06\/convergence2018_grouperav1-150x150.jpg\" class=\"attachment-thumbnail size-thumbnail\" alt=\"\" \/><\/a>\n\t\t\t<\/div><\/figure><figure class='gallery-item'>\n\t\t\t<div class='gallery-icon landscape'>\n\t\t\t\t<a href='https:\/\/rueilavelo.fr\/rav\/convergence2018__grouperav2\/'><img loading=\"lazy\" decoding=\"async\" width=\"150\" height=\"150\" src=\"https:\/\/rueilavelo.fr\/rav\/wp-content\/uploads\/2018\/06\/convergence2018__grouperav2-150x150.jpg\" class=\"attachment-thumbnail size-thumbnail\" alt=\"\" \/><\/a>\n\t\t\t<\/div><\/figure>\n\t\t<\/div>\n\n<p>La petite \u00e9quipe de Rueil A V\u00e9lo au pique nique g\u00e9ant sur l&rsquo;Esplanade des Invalides<\/p>\n","protected":false},"excerpt":{"rendered":"<p>1er RDV au pont de Bezon pour rejoindre une branche officielle de la convergence : RDV pour la collation au &hellip; <a href=\"https:\/\/rueilavelo.fr\/rav\/photos\/sorties-2018\/les-photos-de-la-convergence-2018\/\" class=\"more-link\">Plus <span class=\"screen-reader-text\">Les photos de la convergence 2018<\/span> <span class=\"meta-nav\">&rarr;<\/span><\/a><\/p>\n","protected":false},"author":3,"featured_media":0,"parent":1894,"menu_order":0,"comment_status":"closed","ping_status":"closed","template":"","meta":{"footnotes":""},"class_list":["post-2038","page","type-page","status-publish","hentry"],"_links":{"self":[{"href":"https:\/\/rueilavelo.fr\/rav\/wp-json\/wp\/v2\/pages\/2038","targetHints":{"allow":["GET"]}}],"collection":[{"href":"https:\/\/rueilavelo.fr\/rav\/wp-json\/wp\/v2\/pages"}],"about":[{"href":"https:\/\/rueilavelo.fr\/rav\/wp-json\/wp\/v2\/types\/page"}],"author":[{"embeddable":true,"href":"https:\/\/rueilavelo.fr\/rav\/wp-json\/wp\/v2\/users\/3"}],"replies":[{"embeddable":true,"href":"https:\/\/rueilavelo.fr\/rav\/wp-json\/wp\/v2\/comments?post=2038"}],"version-history":[{"count":1,"href":"https:\/\/rueilavelo.fr\/rav\/wp-json\/wp\/v2\/pages\/2038\/revisions"}],"predecessor-version":[{"id":4876,"href":"https:\/\/rueilavelo.fr\/rav\/wp-json\/wp\/v2\/pages\/2038\/revisions\/4876"}],"up":[{"embeddable":true,"href":"https:\/\/rueilavelo.fr\/rav\/wp-json\/wp\/v2\/pages\/1894"}],"wp:attachment":[{"href":"https:\/\/rueilavelo.fr\/rav\/wp-json\/wp\/v2\/media?parent=2038"}],"curies":[{"name":"wp","href":"https:\/\/api.w.org\/{rel}","templated":true}]}}