{"id":2057,"date":"2018-06-16T12:41:47","date_gmt":"2018-06-16T12:41:47","guid":{"rendered":"https:\/\/ebrav.wordpress.com\/?page_id=2057"},"modified":"2018-06-16T12:41:47","modified_gmt":"2018-06-16T12:41:47","slug":"bourse-aux-velos-2018","status":"publish","type":"page","link":"https:\/\/rueilavelo.fr\/rav\/evenements-2\/bourse-aux-velos-2018\/","title":{"rendered":"Bourse aux v\u00e9los 2018"},"content":{"rendered":"<p style=\"text-align:justify;\">La Bourse aux v\u00e9los 2018 s&rsquo; est d\u00e9roul\u00e9e pour la premi\u00e8re fois \u00e0 l&rsquo;occasion du Forum des Associations le dimanche 9 septembre au Stade Marcel Ricard.<\/p>\n<p>Grand succ\u00e8s pour cette journ\u00e9e au cours de laquelle 73 v\u00e9los, parmi les 96 enregistr\u00e9s \u00e0 la vente, ont trouv\u00e9 acqu\u00e9reur ! Sans compter ceux vendus avant m\u00eame leur prise en charge\u00a0 sur le stand Rueil \u00e0 V\u00e9lo !<\/p>\n","protected":false},"excerpt":{"rendered":"<p>La Bourse aux v\u00e9los 2018 s&rsquo; est d\u00e9roul\u00e9e pour la premi\u00e8re fois \u00e0 l&rsquo;occasion du Forum des Associations le dimanche &hellip; <a href=\"https:\/\/rueilavelo.fr\/rav\/evenements-2\/bourse-aux-velos-2018\/\" class=\"more-link\">Plus <span class=\"screen-reader-text\">Bourse aux v\u00e9los 2018<\/span> <span class=\"meta-nav\">&rarr;<\/span><\/a><\/p>\n","protected":false},"author":3,"featured_media":0,"parent":254,"menu_order":1,"comment_status":"closed","ping_status":"closed","template":"","meta":{"footnotes":""},"class_list":["post-2057","page","type-page","status-publish","hentry"],"_links":{"self":[{"href":"https:\/\/rueilavelo.fr\/rav\/wp-json\/wp\/v2\/pages\/2057","targetHints":{"allow":["GET"]}}],"collection":[{"href":"https:\/\/rueilavelo.fr\/rav\/wp-json\/wp\/v2\/pages"}],"about":[{"href":"https:\/\/rueilavelo.fr\/rav\/wp-json\/wp\/v2\/types\/page"}],"author":[{"embeddable":true,"href":"https:\/\/rueilavelo.fr\/rav\/wp-json\/wp\/v2\/users\/3"}],"replies":[{"embeddable":true,"href":"https:\/\/rueilavelo.fr\/rav\/wp-json\/wp\/v2\/comments?post=2057"}],"version-history":[{"count":0,"href":"https:\/\/rueilavelo.fr\/rav\/wp-json\/wp\/v2\/pages\/2057\/revisions"}],"up":[{"embeddable":true,"href":"https:\/\/rueilavelo.fr\/rav\/wp-json\/wp\/v2\/pages\/254"}],"wp:attachment":[{"href":"https:\/\/rueilavelo.fr\/rav\/wp-json\/wp\/v2\/media?parent=2057"}],"curies":[{"name":"wp","href":"https:\/\/api.w.org\/{rel}","templated":true}]}}