{"id":2145,"date":"2018-10-10T13:40:11","date_gmt":"2018-10-10T13:40:11","guid":{"rendered":"https:\/\/ebrav.wordpress.com\/?page_id=2145"},"modified":"2018-10-10T13:40:11","modified_gmt":"2018-10-10T13:40:11","slug":"octobre-2018","status":"publish","type":"page","link":"https:\/\/rueilavelo.fr\/rav\/photos\/sorties-2018\/octobre-2018\/","title":{"rendered":"Octobre 2018"},"content":{"rendered":"<p>Sous un petit crachin, nous avons explor\u00e9 tous les acc\u00e8s \u00e0 la dalle de la D\u00e9fense.<\/p>\n<p>Retour par les bords de Seine \u00e0 Nanterre.<\/p>\n<p>20 Km au total<\/p>\n<p>La photo de groupe sur l&rsquo;esplanade:<\/p>\n<p><img loading=\"lazy\" decoding=\"async\" class=\"alignnone size-full wp-image-2146\" src=\"https:\/\/rueilavelo.fr\/rav\/wp-content\/uploads\/2018\/10\/img_20181007_104224.jpg\" alt=\"IMG_20181007_104224\" width=\"4160\" height=\"3120\" \/><\/p>\n<p>Les photos individuelles&#8230;ou presque<\/p>\n<p><img loading=\"lazy\" decoding=\"async\" class=\"alignnone wp-image-2149\" src=\"https:\/\/rueilavelo.fr\/rav\/wp-content\/uploads\/2018\/10\/img_20181007_111935.jpg?w=600\" alt=\"IMG_20181007_111935\" width=\"680\" height=\"510\" \/><\/p>\n<p><img loading=\"lazy\" decoding=\"async\" class=\"alignnone size-full wp-image-2148\" src=\"https:\/\/rueilavelo.fr\/rav\/wp-content\/uploads\/2018\/10\/img_20181007_111931.jpg\" alt=\"IMG_20181007_111931\" width=\"4160\" height=\"3120\" \/><img loading=\"lazy\" decoding=\"async\" class=\"alignnone wp-image-2147\" src=\"https:\/\/rueilavelo.fr\/rav\/wp-content\/uploads\/2018\/10\/img_20181007_111926.jpg\" alt=\"IMG_20181007_111926\" width=\"664\" height=\"497\" \/><\/p>\n<p>Un \u00e2ne.<\/p>\n<p><img loading=\"lazy\" decoding=\"async\" class=\"alignnone size-full wp-image-2150\" src=\"https:\/\/rueilavelo.fr\/rav\/wp-content\/uploads\/2018\/10\/img_20181007_114926.jpg\" alt=\"IMG_20181007_114926\" width=\"4160\" height=\"3120\" \/><\/p>\n","protected":false},"excerpt":{"rendered":"<p>Sous un petit crachin, nous avons explor\u00e9 tous les acc\u00e8s \u00e0 la dalle de la D\u00e9fense. Retour par les bords &hellip; <a href=\"https:\/\/rueilavelo.fr\/rav\/photos\/sorties-2018\/octobre-2018\/\" class=\"more-link\">Plus <span class=\"screen-reader-text\">Octobre 2018<\/span> <span class=\"meta-nav\">&rarr;<\/span><\/a><\/p>\n","protected":false},"author":5,"featured_media":0,"parent":1894,"menu_order":0,"comment_status":"closed","ping_status":"closed","template":"","meta":{"footnotes":""},"class_list":["post-2145","page","type-page","status-publish","hentry"],"_links":{"self":[{"href":"https:\/\/rueilavelo.fr\/rav\/wp-json\/wp\/v2\/pages\/2145","targetHints":{"allow":["GET"]}}],"collection":[{"href":"https:\/\/rueilavelo.fr\/rav\/wp-json\/wp\/v2\/pages"}],"about":[{"href":"https:\/\/rueilavelo.fr\/rav\/wp-json\/wp\/v2\/types\/page"}],"author":[{"embeddable":true,"href":"https:\/\/rueilavelo.fr\/rav\/wp-json\/wp\/v2\/users\/5"}],"replies":[{"embeddable":true,"href":"https:\/\/rueilavelo.fr\/rav\/wp-json\/wp\/v2\/comments?post=2145"}],"version-history":[{"count":0,"href":"https:\/\/rueilavelo.fr\/rav\/wp-json\/wp\/v2\/pages\/2145\/revisions"}],"up":[{"embeddable":true,"href":"https:\/\/rueilavelo.fr\/rav\/wp-json\/wp\/v2\/pages\/1894"}],"wp:attachment":[{"href":"https:\/\/rueilavelo.fr\/rav\/wp-json\/wp\/v2\/media?parent=2145"}],"curies":[{"name":"wp","href":"https:\/\/api.w.org\/{rel}","templated":true}]}}