{"id":2163,"date":"2018-11-07T11:09:54","date_gmt":"2018-11-07T11:09:54","guid":{"rendered":"https:\/\/ebrav.wordpress.com\/?page_id=2163"},"modified":"2018-11-07T11:09:54","modified_gmt":"2018-11-07T11:09:54","slug":"novembre-2018","status":"publish","type":"page","link":"https:\/\/rueilavelo.fr\/rav\/photos\/sorties-2018\/novembre-2018\/","title":{"rendered":"Novembre 2018"},"content":{"rendered":"<p>Nous avons fait une vir\u00e9e au Trocad\u00e9ro : L&rsquo;aller par Suresnes et le bois de Boulogne et le retour par la D\u00e9fense.<\/p>\n<p>La passerelle de l&rsquo;Avre :<\/p>\n<p><a href=\"https:\/\/rueilavelo.fr\/rav\/wp-content\/uploads\/2018\/11\/img-20181105-wa0000.jpg\"><img loading=\"lazy\" decoding=\"async\" class=\"alignnone  wp-image-2167\" src=\"https:\/\/rueilavelo.fr\/rav\/wp-content\/uploads\/2018\/11\/img-20181105-wa0000.jpg?w=169\" alt=\"\" width=\"301\" height=\"536\" srcset=\"https:\/\/rueilavelo.fr\/rav\/wp-content\/uploads\/2018\/11\/img-20181105-wa0000.jpg 899w, https:\/\/rueilavelo.fr\/rav\/wp-content\/uploads\/2018\/11\/img-20181105-wa0000-169x300.jpg 169w, https:\/\/rueilavelo.fr\/rav\/wp-content\/uploads\/2018\/11\/img-20181105-wa0000-576x1024.jpg 576w, https:\/\/rueilavelo.fr\/rav\/wp-content\/uploads\/2018\/11\/img-20181105-wa0000-768x1366.jpg 768w, https:\/\/rueilavelo.fr\/rav\/wp-content\/uploads\/2018\/11\/img-20181105-wa0000-864x1536.jpg 864w\" sizes=\"auto, (max-width: 301px) 100vw, 301px\" \/><\/a> <a href=\"https:\/\/rueilavelo.fr\/rav\/wp-content\/uploads\/2018\/11\/img_20181104_103648.jpg\"><img loading=\"lazy\" decoding=\"async\" class=\"alignnone  wp-image-2164\" src=\"https:\/\/rueilavelo.fr\/rav\/wp-content\/uploads\/2018\/11\/img_20181104_103648.jpg?w=300\" alt=\"\" width=\"439\" height=\"329\" \/><\/a><\/p>\n<p>&nbsp;<\/p>\n<p>Le Trocad\u00e9ro et la D\u00e9fense :<\/p>\n<p><a href=\"https:\/\/rueilavelo.fr\/rav\/wp-content\/uploads\/2018\/11\/img_20181104_111135.jpg\"><img loading=\"lazy\" decoding=\"async\" class=\"alignnone  wp-image-2165\" src=\"https:\/\/rueilavelo.fr\/rav\/wp-content\/uploads\/2018\/11\/img_20181104_111135.jpg?w=300\" alt=\"\" width=\"432\" height=\"324\" \/><\/a> <a href=\"https:\/\/rueilavelo.fr\/rav\/wp-content\/uploads\/2018\/11\/img_20181104_115526.jpg\"><img loading=\"lazy\" decoding=\"async\" class=\"alignnone  wp-image-2166\" src=\"https:\/\/rueilavelo.fr\/rav\/wp-content\/uploads\/2018\/11\/img_20181104_115526.jpg?w=225\" alt=\"\" width=\"382\" height=\"509\" \/><\/a><\/p>\n","protected":false},"excerpt":{"rendered":"<p>Nous avons fait une vir\u00e9e au Trocad\u00e9ro : L&rsquo;aller par Suresnes et le bois de Boulogne et le retour par &hellip; <a href=\"https:\/\/rueilavelo.fr\/rav\/photos\/sorties-2018\/novembre-2018\/\" class=\"more-link\">Plus <span class=\"screen-reader-text\">Novembre 2018<\/span> <span class=\"meta-nav\">&rarr;<\/span><\/a><\/p>\n","protected":false},"author":5,"featured_media":0,"parent":1894,"menu_order":0,"comment_status":"closed","ping_status":"closed","template":"","meta":{"footnotes":""},"class_list":["post-2163","page","type-page","status-publish","hentry"],"_links":{"self":[{"href":"https:\/\/rueilavelo.fr\/rav\/wp-json\/wp\/v2\/pages\/2163","targetHints":{"allow":["GET"]}}],"collection":[{"href":"https:\/\/rueilavelo.fr\/rav\/wp-json\/wp\/v2\/pages"}],"about":[{"href":"https:\/\/rueilavelo.fr\/rav\/wp-json\/wp\/v2\/types\/page"}],"author":[{"embeddable":true,"href":"https:\/\/rueilavelo.fr\/rav\/wp-json\/wp\/v2\/users\/5"}],"replies":[{"embeddable":true,"href":"https:\/\/rueilavelo.fr\/rav\/wp-json\/wp\/v2\/comments?post=2163"}],"version-history":[{"count":0,"href":"https:\/\/rueilavelo.fr\/rav\/wp-json\/wp\/v2\/pages\/2163\/revisions"}],"up":[{"embeddable":true,"href":"https:\/\/rueilavelo.fr\/rav\/wp-json\/wp\/v2\/pages\/1894"}],"wp:attachment":[{"href":"https:\/\/rueilavelo.fr\/rav\/wp-json\/wp\/v2\/media?parent=2163"}],"curies":[{"name":"wp","href":"https:\/\/api.w.org\/{rel}","templated":true}]}}