{"id":2232,"date":"2019-04-11T18:33:02","date_gmt":"2019-04-11T18:33:02","guid":{"rendered":"https:\/\/ebrav.wordpress.com\/?page_id=2232"},"modified":"2019-04-11T18:33:02","modified_gmt":"2019-04-11T18:33:02","slug":"7-avril-2019","status":"publish","type":"page","link":"https:\/\/rueilavelo.fr\/rav\/photos\/sorties-2019\/7-avril-2019\/","title":{"rendered":"7 Avril 2019"},"content":{"rendered":"<p>Nous sommes all\u00e9s jusqu&rsquo;\u00e0 l&rsquo;ile Saint Germain \u00e0 Issy-les-Moulineaux par Saint Cloud et la nouvelle piste cyclable le long de la Seine.<\/p>\n<p>Quelques photos :<\/p>\n<p>Buzenval<\/p>\n<p><a href=\"https:\/\/rueilavelo.fr\/rav\/wp-content\/uploads\/2019\/04\/img_20190407_101924.jpg\"><img loading=\"lazy\" decoding=\"async\" class=\"wp-image-2233 aligncenter\" src=\"https:\/\/rueilavelo.fr\/rav\/wp-content\/uploads\/2019\/04\/img_20190407_101924.jpg?w=300\" alt=\"\" width=\"396\" height=\"297\" \/><\/a><\/p>\n<p>Saint Cloud<\/p>\n<p><a href=\"https:\/\/rueilavelo.fr\/rav\/wp-content\/uploads\/2019\/04\/img_20190407_103202.jpg\"><img loading=\"lazy\" decoding=\"async\" class=\"wp-image-2234 aligncenter\" src=\"https:\/\/rueilavelo.fr\/rav\/wp-content\/uploads\/2019\/04\/img_20190407_103202.jpg?w=300\" alt=\"\" width=\"449\" height=\"337\" \/><\/a> <a href=\"https:\/\/rueilavelo.fr\/rav\/wp-content\/uploads\/2019\/04\/img_20190407_103956.jpg\"><img loading=\"lazy\" decoding=\"async\" class=\"wp-image-2235 aligncenter\" src=\"https:\/\/rueilavelo.fr\/rav\/wp-content\/uploads\/2019\/04\/img_20190407_103956.jpg?w=300\" alt=\"\" width=\"487\" height=\"365\" \/><\/a> L&rsquo;ile Saint Germain<\/p>\n<p><a href=\"https:\/\/rueilavelo.fr\/rav\/wp-content\/uploads\/2019\/04\/resized_20190407_111503_104.jpg\"><img loading=\"lazy\" decoding=\"async\" class=\" wp-image-2236 aligncenter\" src=\"https:\/\/rueilavelo.fr\/rav\/wp-content\/uploads\/2019\/04\/resized_20190407_111503_104.jpg?w=300\" alt=\"\" width=\"550\" height=\"310\" srcset=\"https:\/\/rueilavelo.fr\/rav\/wp-content\/uploads\/2019\/04\/resized_20190407_111503_104.jpg 1200w, https:\/\/rueilavelo.fr\/rav\/wp-content\/uploads\/2019\/04\/resized_20190407_111503_104-300x169.jpg 300w, https:\/\/rueilavelo.fr\/rav\/wp-content\/uploads\/2019\/04\/resized_20190407_111503_104-1024x576.jpg 1024w, https:\/\/rueilavelo.fr\/rav\/wp-content\/uploads\/2019\/04\/resized_20190407_111503_104-768x432.jpg 768w\" sizes=\"auto, (max-width: 550px) 100vw, 550px\" \/><\/a><\/p>\n","protected":false},"excerpt":{"rendered":"<p>Nous sommes all\u00e9s jusqu&rsquo;\u00e0 l&rsquo;ile Saint Germain \u00e0 Issy-les-Moulineaux par Saint Cloud et la nouvelle piste cyclable le long de &hellip; <a href=\"https:\/\/rueilavelo.fr\/rav\/photos\/sorties-2019\/7-avril-2019\/\" class=\"more-link\">Plus <span class=\"screen-reader-text\">7 Avril 2019<\/span> <span class=\"meta-nav\">&rarr;<\/span><\/a><\/p>\n","protected":false},"author":5,"featured_media":0,"parent":2185,"menu_order":0,"comment_status":"closed","ping_status":"closed","template":"","meta":{"footnotes":""},"class_list":["post-2232","page","type-page","status-publish","hentry"],"_links":{"self":[{"href":"https:\/\/rueilavelo.fr\/rav\/wp-json\/wp\/v2\/pages\/2232","targetHints":{"allow":["GET"]}}],"collection":[{"href":"https:\/\/rueilavelo.fr\/rav\/wp-json\/wp\/v2\/pages"}],"about":[{"href":"https:\/\/rueilavelo.fr\/rav\/wp-json\/wp\/v2\/types\/page"}],"author":[{"embeddable":true,"href":"https:\/\/rueilavelo.fr\/rav\/wp-json\/wp\/v2\/users\/5"}],"replies":[{"embeddable":true,"href":"https:\/\/rueilavelo.fr\/rav\/wp-json\/wp\/v2\/comments?post=2232"}],"version-history":[{"count":0,"href":"https:\/\/rueilavelo.fr\/rav\/wp-json\/wp\/v2\/pages\/2232\/revisions"}],"up":[{"embeddable":true,"href":"https:\/\/rueilavelo.fr\/rav\/wp-json\/wp\/v2\/pages\/2185"}],"wp:attachment":[{"href":"https:\/\/rueilavelo.fr\/rav\/wp-json\/wp\/v2\/media?parent=2232"}],"curies":[{"name":"wp","href":"https:\/\/api.w.org\/{rel}","templated":true}]}}