{"id":2252,"date":"2019-05-15T09:08:42","date_gmt":"2019-05-15T09:08:42","guid":{"rendered":"https:\/\/ebrav.wordpress.com\/?page_id=2252"},"modified":"2019-05-15T09:08:42","modified_gmt":"2019-05-15T09:08:42","slug":"5-mai-2019","status":"publish","type":"page","link":"https:\/\/rueilavelo.fr\/rav\/photos\/sorties-2019\/5-mai-2019\/","title":{"rendered":"5 Mai 2019"},"content":{"rendered":"<p>Nous avons roul\u00e9 30 km du cot\u00e9 de la for\u00eat de Marly .<\/p>\n<p><a href=\"https:\/\/rueilavelo.fr\/rav\/wp-content\/uploads\/2019\/05\/img_20190505_231723.jpg\"><img loading=\"lazy\" decoding=\"async\" class=\" wp-image-2260 aligncenter\" src=\"https:\/\/rueilavelo.fr\/rav\/wp-content\/uploads\/2019\/05\/img_20190505_231723.jpg?w=300\" alt=\"\" width=\"470\" height=\"363\" srcset=\"https:\/\/rueilavelo.fr\/rav\/wp-content\/uploads\/2019\/05\/img_20190505_231723.jpg 1298w, https:\/\/rueilavelo.fr\/rav\/wp-content\/uploads\/2019\/05\/img_20190505_231723-300x232.jpg 300w, https:\/\/rueilavelo.fr\/rav\/wp-content\/uploads\/2019\/05\/img_20190505_231723-1024x793.jpg 1024w, https:\/\/rueilavelo.fr\/rav\/wp-content\/uploads\/2019\/05\/img_20190505_231723-768x595.jpg 768w\" sizes=\"auto, (max-width: 470px) 100vw, 470px\" \/><\/a><\/p>\n<p><a href=\"https:\/\/rueilavelo.fr\/rav\/wp-content\/uploads\/2019\/05\/img_20190505_111250.jpg\"><img loading=\"lazy\" decoding=\"async\" class=\" wp-image-2254 aligncenter\" src=\"https:\/\/rueilavelo.fr\/rav\/wp-content\/uploads\/2019\/05\/img_20190505_111250.jpg?w=300\" alt=\"\" width=\"460\" height=\"345\" \/><\/a> <a href=\"https:\/\/rueilavelo.fr\/rav\/wp-content\/uploads\/2019\/05\/img_20190505_111615.jpg\"><img loading=\"lazy\" decoding=\"async\" class=\"wp-image-2255 aligncenter\" src=\"https:\/\/rueilavelo.fr\/rav\/wp-content\/uploads\/2019\/05\/img_20190505_111615.jpg?w=300\" alt=\"\" width=\"448\" height=\"336\" \/><\/a>\u00a0 <a href=\"https:\/\/rueilavelo.fr\/rav\/wp-content\/uploads\/2019\/05\/img_20190505_113047.jpg\"><img loading=\"lazy\" decoding=\"async\" class=\"wp-image-2257 aligncenter\" src=\"https:\/\/rueilavelo.fr\/rav\/wp-content\/uploads\/2019\/05\/img_20190505_113047.jpg?w=225\" alt=\"\" width=\"391\" height=\"521\" \/><\/a> <a href=\"https:\/\/rueilavelo.fr\/rav\/wp-content\/uploads\/2019\/05\/img_20190505_115257.jpg\"><img loading=\"lazy\" decoding=\"async\" class=\"wp-image-2258 aligncenter\" src=\"https:\/\/rueilavelo.fr\/rav\/wp-content\/uploads\/2019\/05\/img_20190505_115257.jpg?w=300\" alt=\"\" width=\"496\" height=\"372\" \/><\/a><\/p>\n","protected":false},"excerpt":{"rendered":"<p>Nous avons roul\u00e9 30 km du cot\u00e9 de la for\u00eat de Marly . \u00a0<\/p>\n","protected":false},"author":5,"featured_media":0,"parent":2185,"menu_order":0,"comment_status":"closed","ping_status":"closed","template":"","meta":{"footnotes":""},"class_list":["post-2252","page","type-page","status-publish","hentry"],"_links":{"self":[{"href":"https:\/\/rueilavelo.fr\/rav\/wp-json\/wp\/v2\/pages\/2252","targetHints":{"allow":["GET"]}}],"collection":[{"href":"https:\/\/rueilavelo.fr\/rav\/wp-json\/wp\/v2\/pages"}],"about":[{"href":"https:\/\/rueilavelo.fr\/rav\/wp-json\/wp\/v2\/types\/page"}],"author":[{"embeddable":true,"href":"https:\/\/rueilavelo.fr\/rav\/wp-json\/wp\/v2\/users\/5"}],"replies":[{"embeddable":true,"href":"https:\/\/rueilavelo.fr\/rav\/wp-json\/wp\/v2\/comments?post=2252"}],"version-history":[{"count":0,"href":"https:\/\/rueilavelo.fr\/rav\/wp-json\/wp\/v2\/pages\/2252\/revisions"}],"up":[{"embeddable":true,"href":"https:\/\/rueilavelo.fr\/rav\/wp-json\/wp\/v2\/pages\/2185"}],"wp:attachment":[{"href":"https:\/\/rueilavelo.fr\/rav\/wp-json\/wp\/v2\/media?parent=2252"}],"curies":[{"name":"wp","href":"https:\/\/api.w.org\/{rel}","templated":true}]}}