{"id":243,"date":"2012-04-02T19:56:16","date_gmt":"2012-04-02T19:56:16","guid":{"rendered":"http:\/\/rueilavelo.fr\/rav\/?page_id=243"},"modified":"2012-04-02T19:56:16","modified_gmt":"2012-04-02T19:56:16","slug":"bourse-aux-velos","status":"publish","type":"page","link":"https:\/\/rueilavelo.fr\/rav\/photos\/bourse-aux-velos\/","title":{"rendered":"Bourse aux v\u00e9los 2012"},"content":{"rendered":"<p>Une Bourse aux v\u00e9los 2012 anim\u00e9e et color\u00e9e !<\/p>\n<p><a href=\"http:\/\/rueilavelo.fr\/rav\/wp-content\/uploads\/2012\/04\/p1100230.jpg\"><img loading=\"lazy\" decoding=\"async\" class=\"aligncenter size-medium wp-image-244\" title=\"P1100230\" src=\"http:\/\/rueilavelo.fr\/rav\/wp-content\/uploads\/2012\/04\/p1100230.jpg?w=224\" alt=\"\" width=\"224\" height=\"300\" srcset=\"https:\/\/rueilavelo.fr\/rav\/wp-content\/uploads\/2012\/04\/p1100230.jpg 336w, https:\/\/rueilavelo.fr\/rav\/wp-content\/uploads\/2012\/04\/p1100230-225x300.jpg 225w\" sizes=\"auto, (max-width: 224px) 100vw, 224px\" \/><\/a><a href=\"http:\/\/rueilavelo.fr\/rav\/wp-content\/uploads\/2012\/04\/p1100225.jpg\"><img loading=\"lazy\" decoding=\"async\" class=\"alignleft size-medium wp-image-245\" title=\"P1100225\" src=\"http:\/\/rueilavelo.fr\/rav\/wp-content\/uploads\/2012\/04\/p1100225.jpg?w=300\" alt=\"\" width=\"300\" height=\"224\" srcset=\"https:\/\/rueilavelo.fr\/rav\/wp-content\/uploads\/2012\/04\/p1100225.jpg 448w, https:\/\/rueilavelo.fr\/rav\/wp-content\/uploads\/2012\/04\/p1100225-300x225.jpg 300w\" sizes=\"auto, (max-width: 300px) 100vw, 300px\" \/><\/a><a href=\"http:\/\/rueilavelo.fr\/rav\/wp-content\/uploads\/2012\/04\/p1100229.jpg\"><img loading=\"lazy\" decoding=\"async\" class=\"alignright size-medium wp-image-247\" title=\"P1100229\" src=\"http:\/\/rueilavelo.fr\/rav\/wp-content\/uploads\/2012\/04\/p1100229.jpg?w=300\" alt=\"\" width=\"300\" height=\"224\" srcset=\"https:\/\/rueilavelo.fr\/rav\/wp-content\/uploads\/2012\/04\/p1100229.jpg 448w, https:\/\/rueilavelo.fr\/rav\/wp-content\/uploads\/2012\/04\/p1100229-300x225.jpg 300w\" sizes=\"auto, (max-width: 300px) 100vw, 300px\" \/><\/a><\/p>\n","protected":false},"excerpt":{"rendered":"<p>Une Bourse aux v\u00e9los 2012 anim\u00e9e et color\u00e9e !<\/p>\n","protected":false},"author":2,"featured_media":0,"parent":54,"menu_order":7,"comment_status":"closed","ping_status":"open","template":"","meta":{"footnotes":""},"class_list":["post-243","page","type-page","status-publish","hentry"],"_links":{"self":[{"href":"https:\/\/rueilavelo.fr\/rav\/wp-json\/wp\/v2\/pages\/243","targetHints":{"allow":["GET"]}}],"collection":[{"href":"https:\/\/rueilavelo.fr\/rav\/wp-json\/wp\/v2\/pages"}],"about":[{"href":"https:\/\/rueilavelo.fr\/rav\/wp-json\/wp\/v2\/types\/page"}],"author":[{"embeddable":true,"href":"https:\/\/rueilavelo.fr\/rav\/wp-json\/wp\/v2\/users\/2"}],"replies":[{"embeddable":true,"href":"https:\/\/rueilavelo.fr\/rav\/wp-json\/wp\/v2\/comments?post=243"}],"version-history":[{"count":0,"href":"https:\/\/rueilavelo.fr\/rav\/wp-json\/wp\/v2\/pages\/243\/revisions"}],"up":[{"embeddable":true,"href":"https:\/\/rueilavelo.fr\/rav\/wp-json\/wp\/v2\/pages\/54"}],"wp:attachment":[{"href":"https:\/\/rueilavelo.fr\/rav\/wp-json\/wp\/v2\/media?parent=243"}],"curies":[{"name":"wp","href":"https:\/\/api.w.org\/{rel}","templated":true}]}}