{"id":2469,"date":"2020-01-11T18:30:06","date_gmt":"2020-01-11T18:30:06","guid":{"rendered":"https:\/\/ebrav.wordpress.com\/?page_id=2469"},"modified":"2020-01-11T18:30:06","modified_gmt":"2020-01-11T18:30:06","slug":"5-janvier-2020","status":"publish","type":"page","link":"https:\/\/rueilavelo.fr\/rav\/photos\/sorties-2020\/5-janvier-2020\/","title":{"rendered":"5 janvier 2020"},"content":{"rendered":"<p style=\"text-align:justify;\">Pour d\u00e9marrer l&rsquo;ann\u00e9e et vous donner l&rsquo;envie de nous accompagner dans nos balades mensuelles, voici quelques photos de notre petite boucle du 5 janvier o\u00f9 nous \u00e9tions une vingtaine au d\u00e9part de la place de l&rsquo;\u00e9glise de Rueil.<\/p>\n<div id='gallery-1' class='gallery galleryid-2469 gallery-columns-3 gallery-size-thumbnail'><figure class='gallery-item'>\n\t\t\t<div class='gallery-icon landscape'>\n\t\t\t\t<a href='https:\/\/rueilavelo.fr\/rav\/egliserueil\/'><img loading=\"lazy\" decoding=\"async\" width=\"150\" height=\"150\" src=\"https:\/\/rueilavelo.fr\/rav\/wp-content\/uploads\/2020\/01\/egliserueil-e1747301771715-150x150.jpg\" class=\"attachment-thumbnail size-thumbnail\" alt=\"\" \/><\/a>\n\t\t\t<\/div><\/figure><figure class='gallery-item'>\n\t\t\t<div class='gallery-icon landscape'>\n\t\t\t\t<a href='https:\/\/rueilavelo.fr\/rav\/depart\/'><img loading=\"lazy\" decoding=\"async\" width=\"150\" height=\"150\" src=\"https:\/\/rueilavelo.fr\/rav\/wp-content\/uploads\/2020\/01\/depart-e1747301760120-150x150.jpg\" class=\"attachment-thumbnail size-thumbnail\" alt=\"\" \/><\/a>\n\t\t\t<\/div><\/figure>\n\t\t<\/div>\n\n<p>Direction Puteaux pour d\u00e9couvrir les d\u00e9corations de No\u00ebl sur le th\u00e8me du No\u00ebl russe:<\/p>\n<div id='gallery-2' class='gallery galleryid-2469 gallery-columns-3 gallery-size-thumbnail'><figure class='gallery-item'>\n\t\t\t<div class='gallery-icon landscape'>\n\t\t\t\t<a href='https:\/\/rueilavelo.fr\/rav\/datcha\/'><img loading=\"lazy\" decoding=\"async\" width=\"150\" height=\"150\" src=\"https:\/\/rueilavelo.fr\/rav\/wp-content\/uploads\/2020\/01\/datcha-150x150.jpg\" class=\"attachment-thumbnail size-thumbnail\" alt=\"\" \/><\/a>\n\t\t\t<\/div><\/figure><figure class='gallery-item'>\n\t\t\t<div class='gallery-icon portrait'>\n\t\t\t\t<a href='https:\/\/rueilavelo.fr\/rav\/bdr\/'><img loading=\"lazy\" decoding=\"async\" width=\"150\" height=\"150\" src=\"https:\/\/rueilavelo.fr\/rav\/wp-content\/uploads\/2020\/01\/puteaux_poupee-e1747301746304-150x150.jpg\" class=\"attachment-thumbnail size-thumbnail\" alt=\"\" aria-describedby=\"gallery-2-2457\" \/><\/a>\n\t\t\t<\/div>\n\t\t\t\t<figcaption class='wp-caption-text gallery-caption' id='gallery-2-2457'>\n\t\t\t\tbdr\n\t\t\t\t<\/figcaption><\/figure>\n\t\t<\/div>\n\n<p style=\"text-align:justify;\">Nous avons aussi test\u00e9 la nouvelle passerelle qui relie les bords de Seine et l&rsquo;\u00eele de Puteaux: pas vraiment concluant&#8230;.<\/p>\n<div id='gallery-3' class='gallery galleryid-2469 gallery-columns-3 gallery-size-thumbnail'><figure class='gallery-item'>\n\t\t\t<div class='gallery-icon portrait'>\n\t\t\t\t<a href='https:\/\/rueilavelo.fr\/rav\/passerelle2\/'><img loading=\"lazy\" decoding=\"async\" width=\"150\" height=\"150\" src=\"https:\/\/rueilavelo.fr\/rav\/wp-content\/uploads\/2020\/01\/passerelle2-e1747301730788-150x150.jpg\" class=\"attachment-thumbnail size-thumbnail\" alt=\"\" \/><\/a>\n\t\t\t<\/div><\/figure><figure class='gallery-item'>\n\t\t\t<div class='gallery-icon landscape'>\n\t\t\t\t<a href='https:\/\/rueilavelo.fr\/rav\/passerelle1\/'><img loading=\"lazy\" decoding=\"async\" width=\"150\" height=\"150\" src=\"https:\/\/rueilavelo.fr\/rav\/wp-content\/uploads\/2020\/01\/passerelle1-e1747301717913-150x150.jpg\" class=\"attachment-thumbnail size-thumbnail\" alt=\"\" \/><\/a>\n\t\t\t<\/div><\/figure>\n\t\t<\/div>\n\n<p style=\"text-align:justify;\">Ensuite, petite boucle dans Neuilly, dans La D\u00e9fense (attention aux chutes&#8230;), les Terrasses de Nanterre et retour par les berges de Seine &#8230;.A\u00efe un nouveau dispositif anti-scooter a fleuri \u00e0 Nanterre et viendra emb\u00eater un peu plus les cyclistes randonneurs de la voie Paris-Londres, V\u00e9losc\u00e9nie et bient\u00f4t Boucle de Seine qui sera inaugur\u00e9e en juin 2020.<\/p>\n","protected":false},"excerpt":{"rendered":"<p>Pour d\u00e9marrer l&rsquo;ann\u00e9e et vous donner l&rsquo;envie de nous accompagner dans nos balades mensuelles, voici quelques photos de notre petite &hellip; <a href=\"https:\/\/rueilavelo.fr\/rav\/photos\/sorties-2020\/5-janvier-2020\/\" class=\"more-link\">Plus <span class=\"screen-reader-text\">5 janvier 2020<\/span> <span class=\"meta-nav\">&rarr;<\/span><\/a><\/p>\n","protected":false},"author":3,"featured_media":0,"parent":2474,"menu_order":0,"comment_status":"closed","ping_status":"closed","template":"","meta":{"footnotes":""},"class_list":["post-2469","page","type-page","status-publish","hentry"],"_links":{"self":[{"href":"https:\/\/rueilavelo.fr\/rav\/wp-json\/wp\/v2\/pages\/2469","targetHints":{"allow":["GET"]}}],"collection":[{"href":"https:\/\/rueilavelo.fr\/rav\/wp-json\/wp\/v2\/pages"}],"about":[{"href":"https:\/\/rueilavelo.fr\/rav\/wp-json\/wp\/v2\/types\/page"}],"author":[{"embeddable":true,"href":"https:\/\/rueilavelo.fr\/rav\/wp-json\/wp\/v2\/users\/3"}],"replies":[{"embeddable":true,"href":"https:\/\/rueilavelo.fr\/rav\/wp-json\/wp\/v2\/comments?post=2469"}],"version-history":[{"count":0,"href":"https:\/\/rueilavelo.fr\/rav\/wp-json\/wp\/v2\/pages\/2469\/revisions"}],"up":[{"embeddable":true,"href":"https:\/\/rueilavelo.fr\/rav\/wp-json\/wp\/v2\/pages\/2474"}],"wp:attachment":[{"href":"https:\/\/rueilavelo.fr\/rav\/wp-json\/wp\/v2\/media?parent=2469"}],"curies":[{"name":"wp","href":"https:\/\/api.w.org\/{rel}","templated":true}]}}