{"id":2534,"date":"2020-03-01T14:51:02","date_gmt":"2020-03-01T14:51:02","guid":{"rendered":"https:\/\/ebrav.wordpress.com\/?page_id=2534"},"modified":"2020-03-01T14:51:02","modified_gmt":"2020-03-01T14:51:02","slug":"1er-mars-2020","status":"publish","type":"page","link":"https:\/\/rueilavelo.fr\/rav\/photos\/sorties-2020\/1er-mars-2020\/","title":{"rendered":"1er mars 2020"},"content":{"rendered":"<p>Sortie sympa juste avant la pluie o\u00f9 nous avons pu faire d\u00e9couvrir \u00e0 de nouvelles adh\u00e9rentes la belle piste cyclable en Bord de Seine vers S\u00e8vres, Meudon, Issy les Moulineaux, l&rsquo;ile St Germain.<\/p>\n<div id='gallery-1' class='gallery galleryid-2534 gallery-columns-3 gallery-size-thumbnail'><figure class='gallery-item'>\n\t\t\t<div class='gallery-icon landscape'>\n\t\t\t\t<a href='https:\/\/rueilavelo.fr\/rav\/img_0232\/'><img loading=\"lazy\" decoding=\"async\" width=\"150\" height=\"150\" src=\"https:\/\/rueilavelo.fr\/rav\/wp-content\/uploads\/2020\/03\/img_0232-150x150.jpg\" class=\"attachment-thumbnail size-thumbnail\" alt=\"\" \/><\/a>\n\t\t\t<\/div><\/figure><figure class='gallery-item'>\n\t\t\t<div class='gallery-icon portrait'>\n\t\t\t\t<a href='https:\/\/rueilavelo.fr\/rav\/img_0237\/'><img loading=\"lazy\" decoding=\"async\" width=\"150\" height=\"150\" src=\"https:\/\/rueilavelo.fr\/rav\/wp-content\/uploads\/2020\/03\/img_0237-150x150.jpg\" class=\"attachment-thumbnail size-thumbnail\" alt=\"\" \/><\/a>\n\t\t\t<\/div><\/figure><figure class='gallery-item'>\n\t\t\t<div class='gallery-icon landscape'>\n\t\t\t\t<a href='https:\/\/rueilavelo.fr\/rav\/img_0234\/'><img loading=\"lazy\" decoding=\"async\" width=\"150\" height=\"150\" src=\"https:\/\/rueilavelo.fr\/rav\/wp-content\/uploads\/2020\/03\/img_0234-150x150.jpg\" class=\"attachment-thumbnail size-thumbnail\" alt=\"\" \/><\/a>\n\t\t\t<\/div><\/figure>\n\t\t<\/div>\n\n<p>Retour par le Bois de Boulogne, Neuilly et La D\u00e9fense juste avant la pluie !<\/p>\n<div id='gallery-2' class='gallery galleryid-2534 gallery-columns-3 gallery-size-thumbnail'><figure class='gallery-item'>\n\t\t\t<div class='gallery-icon landscape'>\n\t\t\t\t<a href='https:\/\/rueilavelo.fr\/rav\/img_0235\/'><img loading=\"lazy\" decoding=\"async\" width=\"150\" height=\"150\" src=\"https:\/\/rueilavelo.fr\/rav\/wp-content\/uploads\/2020\/03\/img_0235-150x150.jpg\" class=\"attachment-thumbnail size-thumbnail\" alt=\"\" \/><\/a>\n\t\t\t<\/div><\/figure><figure class='gallery-item'>\n\t\t\t<div class='gallery-icon landscape'>\n\t\t\t\t<a href='https:\/\/rueilavelo.fr\/rav\/img_0243\/'><img loading=\"lazy\" decoding=\"async\" width=\"150\" height=\"150\" src=\"https:\/\/rueilavelo.fr\/rav\/wp-content\/uploads\/2020\/03\/img_0243-150x150.jpg\" class=\"attachment-thumbnail size-thumbnail\" alt=\"\" \/><\/a>\n\t\t\t<\/div><\/figure>\n\t\t<\/div>\n\n<p>&nbsp;<\/p>\n","protected":false},"excerpt":{"rendered":"<p>Sortie sympa juste avant la pluie o\u00f9 nous avons pu faire d\u00e9couvrir \u00e0 de nouvelles adh\u00e9rentes la belle piste cyclable &hellip; <a href=\"https:\/\/rueilavelo.fr\/rav\/photos\/sorties-2020\/1er-mars-2020\/\" class=\"more-link\">Plus <span class=\"screen-reader-text\">1er mars 2020<\/span> <span class=\"meta-nav\">&rarr;<\/span><\/a><\/p>\n","protected":false},"author":3,"featured_media":0,"parent":2474,"menu_order":0,"comment_status":"closed","ping_status":"closed","template":"","meta":{"footnotes":""},"class_list":["post-2534","page","type-page","status-publish","hentry"],"_links":{"self":[{"href":"https:\/\/rueilavelo.fr\/rav\/wp-json\/wp\/v2\/pages\/2534","targetHints":{"allow":["GET"]}}],"collection":[{"href":"https:\/\/rueilavelo.fr\/rav\/wp-json\/wp\/v2\/pages"}],"about":[{"href":"https:\/\/rueilavelo.fr\/rav\/wp-json\/wp\/v2\/types\/page"}],"author":[{"embeddable":true,"href":"https:\/\/rueilavelo.fr\/rav\/wp-json\/wp\/v2\/users\/3"}],"replies":[{"embeddable":true,"href":"https:\/\/rueilavelo.fr\/rav\/wp-json\/wp\/v2\/comments?post=2534"}],"version-history":[{"count":0,"href":"https:\/\/rueilavelo.fr\/rav\/wp-json\/wp\/v2\/pages\/2534\/revisions"}],"up":[{"embeddable":true,"href":"https:\/\/rueilavelo.fr\/rav\/wp-json\/wp\/v2\/pages\/2474"}],"wp:attachment":[{"href":"https:\/\/rueilavelo.fr\/rav\/wp-json\/wp\/v2\/media?parent=2534"}],"curies":[{"name":"wp","href":"https:\/\/api.w.org\/{rel}","templated":true}]}}