{"id":254,"date":"2012-04-02T20:07:21","date_gmt":"2012-04-02T20:07:21","guid":{"rendered":"http:\/\/rueilavelo.fr\/rav\/?page_id=254"},"modified":"2025-12-01T11:47:10","modified_gmt":"2025-12-01T10:47:10","slug":"evenements-2","status":"publish","type":"page","link":"https:\/\/rueilavelo.fr\/rav\/evenements-2\/","title":{"rendered":"Ev\u00e9nements"},"content":{"rendered":"<p><em>Rueil \u00e0 V\u00e9lo organise ou participe \u00e0 des manifestations destin\u00e9es \u00e0 promouvoir l\u2019usage du v\u00e9lo pour les d\u00e9placements courants en ville.<\/em><\/p>\n<p>Comme chaque ann\u00e9e, <strong>rendez-vous au Forum des Associations rueilloises<\/strong> pour rencontrer et d\u00e9couvrir les actions de Ruil \u00e0 V\u00e9lo, ainsi qu&rsquo;acheter ou vendre v\u00e9los enfants\/adultes \u00e0 l&rsquo;occasion de\u00a0 la <strong>bourse aux v\u00e9los <\/strong>!<\/p>\n<p>&#8211; Atelier d&rsquo;autor\u00e9paration v\u00e9lo 2025 : <a href=\"https:\/\/rueilavelo.fr\/rav\/2025\/09\/14\/succes-de-latelier-dauto-reparation-des-velos-le-13-septembre-au-salon-de-la-transition-ecologique\/\">ici<\/a><\/p>\n<p>&#8211; Bourse aux v\u00e9los 2025 : <a href=\"https:\/\/rueilavelo.fr\/rav\/2025\/09\/08\/grand-succes-pour-la-bourse-aux-velos-du-7-septembre-2025\/\">ici<\/a><\/p>\n<p>&#8211; Bourse aux v\u00e9los 2024 : <a href=\"https:\/\/rueilavelo.fr\/rav\/2024\/09\/10\/succes-pour-la-bourse-aux-velos-2024\/\">ici<\/a><\/p>\n<p>&#8211; Bourse aux v\u00e9los 2023 : <a href=\"https:\/\/rueilavelo.fr\/rav\/2023\/09\/06\/succes-de-la-bourse-aux-velos-2023\/\">ici<\/a><\/p>\n<p>&#8211; Bourse aux v\u00e9los 2022 : <a href=\"https:\/\/rueilavelo.fr\/rav\/bourse-aux-velos-2022\/\">ici<\/a><\/p>\n<p>-Bourse aux v\u00e9los 2021 : <a href=\"https:\/\/rueilavelo.fr\/rav\/2021\/09\/06\/affluence-a-la-bourse-aux-velos-su-5-septembre-2021\/\">ici<\/a><\/p>\n<p>&#8211; Bourse aux v\u00e9los 2019 : <a href=\"https:\/\/rueilavelo.fr\/rav\/bourse-a-velo-2019\/\">ici.\u00a0<\/a><\/p>\n<p>&#8211; Bourse aux v\u00e9los 2018 : <a href=\"https:\/\/rueilavelo.fr\/rav\/evenements-2\/bourse-aux-velos-2018\/\">ici<\/a><\/p>\n<p>&#8211; Bourse aux v\u00e9los 2017 : <a href=\"https:\/\/rueilavelo.fr\/rav\/2017\/05\/24\/bilan-de-la-bourse-aux-velos-2017\/\">ici<\/a><\/p>\n<p>&#8211; Bourse aux v\u00e9los 2016 : <a href=\"https:\/\/rueilavelo.fr\/rav\/evenements-2\/bourse-aux-velos-2016\/\">ici<\/a><\/p>\n<p>&#8211; Bourse aux v\u00e9los 2015 :<a title=\"bourses aux velos 2015\" href=\"https:\/\/rueilavelo.fr\/rav\/wp-admin\/post.php?post=1025&amp;action=edit\"> ici<\/a><\/p>\n<p>&#8211; Bourse aux V\u00e9los 2013 : <a title=\"Bourse aux v\u00e9los\u00a02013\" href=\"http:\/\/rueilavelo.fr\/rav\/evenements-2\/bourse-aux-velos-2013\/\">ici<\/a><\/p>\n<p>&#8211; Sorties d\u00e9couvertes mensuelles : <a title=\"Calendrier des sorties du\u00a0dimanche\" href=\"https:\/\/rueilavelo.fr\/rav\/action\/sorties-decouvertes-du-dimanche\/\">ici<\/a><\/p>\n","protected":false},"excerpt":{"rendered":"<p>Rueil \u00e0 V\u00e9lo organise ou participe \u00e0 des manifestations destin\u00e9es \u00e0 promouvoir l\u2019usage du v\u00e9lo pour les d\u00e9placements courants en &hellip; <a href=\"https:\/\/rueilavelo.fr\/rav\/evenements-2\/\" class=\"more-link\">Plus <span class=\"screen-reader-text\">Ev\u00e9nements<\/span> <span class=\"meta-nav\">&rarr;<\/span><\/a><\/p>\n","protected":false},"author":2,"featured_media":0,"parent":0,"menu_order":3,"comment_status":"closed","ping_status":"open","template":"","meta":{"footnotes":""},"class_list":["post-254","page","type-page","status-publish","hentry"],"_links":{"self":[{"href":"https:\/\/rueilavelo.fr\/rav\/wp-json\/wp\/v2\/pages\/254","targetHints":{"allow":["GET"]}}],"collection":[{"href":"https:\/\/rueilavelo.fr\/rav\/wp-json\/wp\/v2\/pages"}],"about":[{"href":"https:\/\/rueilavelo.fr\/rav\/wp-json\/wp\/v2\/types\/page"}],"author":[{"embeddable":true,"href":"https:\/\/rueilavelo.fr\/rav\/wp-json\/wp\/v2\/users\/2"}],"replies":[{"embeddable":true,"href":"https:\/\/rueilavelo.fr\/rav\/wp-json\/wp\/v2\/comments?post=254"}],"version-history":[{"count":8,"href":"https:\/\/rueilavelo.fr\/rav\/wp-json\/wp\/v2\/pages\/254\/revisions"}],"predecessor-version":[{"id":5148,"href":"https:\/\/rueilavelo.fr\/rav\/wp-json\/wp\/v2\/pages\/254\/revisions\/5148"}],"wp:attachment":[{"href":"https:\/\/rueilavelo.fr\/rav\/wp-json\/wp\/v2\/media?parent=254"}],"curies":[{"name":"wp","href":"https:\/\/api.w.org\/{rel}","templated":true}]}}