{"id":282,"date":"2012-04-25T15:28:29","date_gmt":"2012-04-25T15:28:29","guid":{"rendered":"http:\/\/rueilavelo.fr\/rav\/?page_id=282"},"modified":"2026-04-08T10:21:03","modified_gmt":"2026-04-08T08:21:03","slug":"pour-rouler-en-securite","status":"publish","type":"page","link":"https:\/\/rueilavelo.fr\/rav\/se-deplacer-en-velo\/pour-rouler-en-securite\/","title":{"rendered":"Rouler en s\u00e9curit\u00e9"},"content":{"rendered":"<p><strong>Le bon sens est de bon conseil :<\/strong><\/p>\n<p>en ville, le risque d&rsquo;\u00eatre gravement bless\u00e9 ou tu\u00e9 est du m\u00eame ordre \u00e0 v\u00e9lo qu&rsquo;\u00e0 pied ou en voiture. C&rsquo;est en rase campagne que le risque d&rsquo;accident cycliste est le plus \u00e9lev\u00e9.<a href=\"http:\/\/rueilavelo.fr\/rav\/wp-content\/uploads\/2012\/04\/p1090599.jpg\"><img loading=\"lazy\" decoding=\"async\" class=\"alignright wp-image-283 size-medium\" title=\"P1090599\" src=\"https:\/\/rueilavelo.fr\/rav\/wp-content\/uploads\/2012\/04\/p1090599-225x300.jpg\" alt=\"\" width=\"225\" height=\"300\" srcset=\"https:\/\/rueilavelo.fr\/rav\/wp-content\/uploads\/2012\/04\/p1090599-225x300.jpg 225w, https:\/\/rueilavelo.fr\/rav\/wp-content\/uploads\/2012\/04\/p1090599.jpg 336w\" sizes=\"auto, (max-width: 225px) 100vw, 225px\" \/><\/a><\/p>\n<p>Reste \u00e0 conna\u00eetre et adopter quelques gestes simples :<\/p>\n<p><strong>1. Je roule \u00e0 droite\u2026 mais pas trop !<\/strong><\/p>\n<p>Je suis plus en s\u00e9curit\u00e9 en laissant1 m\u00e8tresur ma droite\u00a0 (pi\u00e9tons qui surgissent, voitures qui d\u00e9bouchent, porti\u00e8res qui s&rsquo;ouvrent, caniveaux mal joints, bouches d\u2019\u00e9gout\u2026).<\/p>\n<p><strong>2.<\/strong> Quand la rue est \u00e9troite et \u00e0 sens unique, <strong>je roule au milieu<\/strong> plut\u00f4t que de me laisser doubler et serrer.<\/p>\n<p>L\u2019automobiliste qui me suit s\u2019impatiente ? Mieux vaut ne pas r\u00e9agir plut\u00f4t que de l\u2019\u00e9nerver plus encore.<\/p>\n<p><strong>3.<\/strong> J\u2019indique que je vais tourner en <strong>tendant le bras<\/strong>.<\/p>\n<p><strong>4. Je regarde bien dans toutes les directions<\/strong> avant de tourner et pendant que je tourne.<\/p>\n<p><strong>5.<\/strong> Quand la chauss\u00e9e est humide ou grasse, je pense \u00e0 freiner plus t\u00f4t et \u00e0 tourner moins vite.<\/p>\n<p><strong>6.<\/strong> Une situation me fait peur ? <strong>Je n\u2019ai pas honte de descendre de mon v\u00e9lo<\/strong> et de passer \u00e0 pied en le poussant. Ca vaut mieux que de prendre des risques\u2026<\/p>\n<p><strong>7.<\/strong> Lorsque les voitures de ma file sont arr\u00eat\u00e9es, je les d\u00e9passe en roulant au pas et <strong>en faisant tr\u00e8s attention aux porti\u00e8res <\/strong>: elles peuvent s\u2019ouvrir \u00e0 tout moment.<\/p>\n<p><strong>8. J\u2019\u00e9vite au maximum de d\u00e9passer des bus ou des poids lourds : leur angle mort est tr\u00e8s dangereux, surtout \u00e0 l&rsquo;arri\u00e8re et sur leur c\u00f4t\u00e9 droit.<\/strong><\/p>\n<p><strong>9.<\/strong> Lorsque je croise une voie ferr\u00e9e (passage \u00e0 niveau ou tramway),<strong> je croise les rails le plus perpendiculairement possible<\/strong>. De mani\u00e8re g\u00e9n\u00e9rale, la majorit\u00e9 des voies de tram est interdite aux autres v\u00e9hicules, y compris aux v\u00e9los.<\/p>\n<p><strong>10.<\/strong> Une bonne position assure une bonne vision. <strong>Ne vous penchez pas trop sur le v\u00e9lo<\/strong>. Plus vous \u00eates droit, plus vous avez une vision large de ce qui vous entoure.<\/p>\n<p>Un r\u00e9troviseur peut s&rsquo;av\u00e9rer tr\u00e8s utile.<\/p>\n<p><strong>11.<\/strong> Les oreilles sont d&rsquo;une aide pr\u00e9cieuse. <strong>Proscrivez <\/strong><strong>le baladeur<\/strong> et les \u00e9couteurs qui vous coupent de votre environnement.<\/p>\n<p><strong>12.<\/strong> <strong>Tout ce qui tra\u00eene peut \u00eatre dangereux<\/strong> : sac \u00e0 main, \u00e9charpe trop longue&#8230;<\/p>\n<p><strong>13.<\/strong> Si j&rsquo;ai un casque, <strong>je le porte le plus souvent possible<\/strong>. Ca n&rsquo;est pas obligatoire, mais \u00e7a peut me sauver la vie en cas de chute.<\/p>\n<p><strong>14.<\/strong> J&rsquo;ai un <strong>avertisseur sonore<\/strong> en \u00e9tat de marche (sonnette, corne&#8230;)\u00a0; c&rsquo;est tr\u00e8s important sur les voies partag\u00e9es avec les pi\u00e9tons, qui n&rsquo;entendent pas arriver les v\u00e9los.<\/p>\n<p><strong>15.<\/strong> <strong>La nuit, j&rsquo;ai un \u00e9clairage avant \/ arri\u00e8re qui fonctionne<\/strong>. Certains cyclistes croient \u00eatre visibles avec le seul \u00e9clairage urbain. C&rsquo;est une grave erreur. <strong>Un gilet fluo<\/strong>, comme celui remis \u00e0 chaque adh\u00e9rent de Rueil A Velo, est un plus certain par mauvaise visibilit\u00e9, m\u00eame si la loi n&rsquo;en oblige le port que la nuit hors zones urbaines. Le r\u00e9sultat des tests d&rsquo;\u00e9clairages r\u00e9alis\u00e9s par la FUB en 2023 sont consultables <a href=\"https:\/\/www.fub.fr\/test-eclairage-fub\" target=\"_blank\" rel=\"noopener\">ici<\/a>.<\/p>\n<p><em>Source : en particulier le Guide du cycliste urbain (FUB)<\/em><\/p>\n<p><\/p>\n<p>&#8211; <strong>code de la route &#8211; sp\u00e9cificit\u00e9s pour les cyclistes<\/strong><\/p>\n<p> <\/p>\n<p>Voir une bonne synth\u00e8se sur le site de la FUB : <a href=\"_wp_link_placeholder\" data-wplink-edit=\"true\">https:\/\/www.fub.fr\/velo-ville\/amenagements\/code-route-cycliste<\/a><\/p>\n<p><\/p>\n\n\n<p><\/p>\n","protected":false},"excerpt":{"rendered":"<p>Le bon sens est de bon conseil : en ville, le risque d&rsquo;\u00eatre gravement bless\u00e9 ou tu\u00e9 est du m\u00eame &hellip; <a href=\"https:\/\/rueilavelo.fr\/rav\/se-deplacer-en-velo\/pour-rouler-en-securite\/\" class=\"more-link\">Plus <span class=\"screen-reader-text\">Rouler en s\u00e9curit\u00e9<\/span> <span class=\"meta-nav\">&rarr;<\/span><\/a><\/p>\n","protected":false},"author":2,"featured_media":0,"parent":48,"menu_order":0,"comment_status":"closed","ping_status":"open","template":"","meta":{"footnotes":""},"class_list":["post-282","page","type-page","status-publish","hentry"],"_links":{"self":[{"href":"https:\/\/rueilavelo.fr\/rav\/wp-json\/wp\/v2\/pages\/282","targetHints":{"allow":["GET"]}}],"collection":[{"href":"https:\/\/rueilavelo.fr\/rav\/wp-json\/wp\/v2\/pages"}],"about":[{"href":"https:\/\/rueilavelo.fr\/rav\/wp-json\/wp\/v2\/types\/page"}],"author":[{"embeddable":true,"href":"https:\/\/rueilavelo.fr\/rav\/wp-json\/wp\/v2\/users\/2"}],"replies":[{"embeddable":true,"href":"https:\/\/rueilavelo.fr\/rav\/wp-json\/wp\/v2\/comments?post=282"}],"version-history":[{"count":3,"href":"https:\/\/rueilavelo.fr\/rav\/wp-json\/wp\/v2\/pages\/282\/revisions"}],"predecessor-version":[{"id":5380,"href":"https:\/\/rueilavelo.fr\/rav\/wp-json\/wp\/v2\/pages\/282\/revisions\/5380"}],"up":[{"embeddable":true,"href":"https:\/\/rueilavelo.fr\/rav\/wp-json\/wp\/v2\/pages\/48"}],"wp:attachment":[{"href":"https:\/\/rueilavelo.fr\/rav\/wp-json\/wp\/v2\/media?parent=282"}],"curies":[{"name":"wp","href":"https:\/\/api.w.org\/{rel}","templated":true}]}}