{"id":2820,"date":"2021-02-02T08:54:57","date_gmt":"2021-02-02T08:54:57","guid":{"rendered":"https:\/\/ebrav.wordpress.com\/?page_id=2820"},"modified":"2025-11-30T18:41:37","modified_gmt":"2025-11-30T17:41:37","slug":"panneaux-m12-proposition","status":"publish","type":"page","link":"https:\/\/rueilavelo.fr\/rav\/action\/panneaux-m12-proposition\/","title":{"rendered":"Panneaux M12 (suivi avec la Mairie)"},"content":{"rendered":"\n<p>Nous r\u00e9alisons un suivi du maillage d&rsquo;installation de panneaux M12 sur les feux tricolores de notre commune. Vous trouverez ci-dessous la derni\u00e8re version de la cartographie valid\u00e9e par la Mairie etle CD92. <a href=\"https:\/\/umap.openstreetmap.fr\/fr\/map\/rueil-malmaison-m12-valide-mairie-et-cd92_815953#15\/48.8868\/2.2014\" target=\"_blank\" rel=\"noreferrer noopener\">Lien vers la carte<\/a><\/p>\n\n\n\n<p>Pour r\u00e9aliser cette proposition de maillage, nous avons retenu les panneaux ci-dessous :<\/p>\n\n\n<div class=\"wp-block-image is-resized\">\n<figure class=\"aligncenter size-large\"><a href=\"https:\/\/rueilavelo.fr\/rav\/wp-content\/uploads\/2021\/02\/bloc-panneaux-m12-2.png\"><img loading=\"lazy\" decoding=\"async\" width=\"433\" height=\"341\" src=\"https:\/\/rueilavelo.fr\/rav\/wp-content\/uploads\/2021\/02\/bloc-panneaux-m12-2.png?w=433\" alt=\"\" class=\"wp-image-2902\" srcset=\"https:\/\/rueilavelo.fr\/rav\/wp-content\/uploads\/2021\/02\/bloc-panneaux-m12-2.png 433w, https:\/\/rueilavelo.fr\/rav\/wp-content\/uploads\/2021\/02\/bloc-panneaux-m12-2-300x236.png 300w\" sizes=\"auto, (max-width: 433px) 100vw, 433px\" \/><\/a><\/figure>\n<\/div>\n\n\n<p><strong>Les r\u00e8gles que nous avons appliqu\u00e9es<\/strong> :<br><strong>Pour les panneaux avec D (tourner \u00e0 droite)<\/strong> : Tous les cas sauf arriv\u00e9e de circulation c\u00f4t\u00e9 gauche sans vue ou dangereuse (ex : d\u00e9bouch\u00e9 sur RD913).<\/p>\n\n\n\n<p><strong>Pour les panneaux avec F (aller en face) :<\/strong> Pas d&rsquo;arriv\u00e9e de la circulation des 2 cot\u00e9s en m\u00eame temps (D\/G),<br>(c&rsquo;est \u00e0 dire) arriv\u00e9e de la circulation en face et cot\u00e9 gauche avec vue, <br>(ou) arriv\u00e9e de la circulation en face et cot\u00e9 droit avec vue.<br><br><strong>Pour les panneaux avec G (tourner \u00e0 gauche) :<\/strong> Arriv\u00e9e de la circulation du cot\u00e9 gauche et \/ ou en face et avec vue.<\/p>\n\n\n\n<p><br>Pour tous les autres panneaux les r\u00e8gles sont cumulatives.<br>Dans le cas des feux pour passages pi\u00e9tons uniquement, mise en place du M12 F <\/p>\n\n\n\n<p><br><br>Mise \u00e0 jour le 02\/07\/2021<\/p>\n\n\n\n<p><\/p>\n","protected":false},"excerpt":{"rendered":"<p>Nous r\u00e9alisons un suivi du maillage d&rsquo;installation de panneaux M12 sur les feux tricolores de notre commune. Vous trouverez ci-dessous &hellip; <a href=\"https:\/\/rueilavelo.fr\/rav\/action\/panneaux-m12-proposition\/\" class=\"more-link\">Plus <span class=\"screen-reader-text\">Panneaux M12 (suivi avec la Mairie)<\/span> <span class=\"meta-nav\">&rarr;<\/span><\/a><\/p>\n","protected":false},"author":6,"featured_media":0,"parent":20,"menu_order":3,"comment_status":"closed","ping_status":"closed","template":"","meta":{"footnotes":""},"class_list":["post-2820","page","type-page","status-publish","hentry"],"_links":{"self":[{"href":"https:\/\/rueilavelo.fr\/rav\/wp-json\/wp\/v2\/pages\/2820","targetHints":{"allow":["GET"]}}],"collection":[{"href":"https:\/\/rueilavelo.fr\/rav\/wp-json\/wp\/v2\/pages"}],"about":[{"href":"https:\/\/rueilavelo.fr\/rav\/wp-json\/wp\/v2\/types\/page"}],"author":[{"embeddable":true,"href":"https:\/\/rueilavelo.fr\/rav\/wp-json\/wp\/v2\/users\/6"}],"replies":[{"embeddable":true,"href":"https:\/\/rueilavelo.fr\/rav\/wp-json\/wp\/v2\/comments?post=2820"}],"version-history":[{"count":2,"href":"https:\/\/rueilavelo.fr\/rav\/wp-json\/wp\/v2\/pages\/2820\/revisions"}],"predecessor-version":[{"id":5058,"href":"https:\/\/rueilavelo.fr\/rav\/wp-json\/wp\/v2\/pages\/2820\/revisions\/5058"}],"up":[{"embeddable":true,"href":"https:\/\/rueilavelo.fr\/rav\/wp-json\/wp\/v2\/pages\/20"}],"wp:attachment":[{"href":"https:\/\/rueilavelo.fr\/rav\/wp-json\/wp\/v2\/media?parent=2820"}],"curies":[{"name":"wp","href":"https:\/\/api.w.org\/{rel}","templated":true}]}}