{"id":307,"date":"2012-04-25T16:37:57","date_gmt":"2012-04-25T16:37:57","guid":{"rendered":"http:\/\/rueilavelo.fr\/rav\/?page_id=307"},"modified":"2026-03-01T17:43:45","modified_gmt":"2026-03-01T16:43:45","slug":"vol-de-velo-que-faire","status":"publish","type":"page","link":"https:\/\/rueilavelo.fr\/rav\/se-deplacer-en-velo\/vol-de-velo-que-faire\/","title":{"rendered":"Contre le vol de v\u00e9lo : que faire ?"},"content":{"rendered":"<p>Le vol de v\u00e9lo est un ph\u00e9nom\u00e8ne tr\u00e8s pr\u00e9sent et touche tout type de v\u00e9lo, m\u00eame en plein jour, m\u00eame dans les endroits fr\u00e9quent\u00e9s. Cette <a href=\"https:\/\/www.youtube.com\/watch?v=jD2VNznVVTY\" target=\"_blank\" rel=\"noopener\">vid\u00e9o<\/a> et cette <a title=\"presentation vol des v\u00e9los Rueil 07 2023\" href=\"https:\/\/rueilavelo.fr\/rav\/wp-content\/uploads\/2023\/08\/presentation-vol-des-velos-rueil-07-2023.pdf\" target=\"_blank\" rel=\"noopener\">pr\u00e9sentation<\/a> vous illustrent en images quelques cas de vol et donnent des conseils utiles.<\/p>\n<p><strong>Mieux vaut pr\u00e9venir que gu\u00e9rir :<\/strong><\/p>\n<p><a href=\"http:\/\/rueilavelo.fr\/rav\/wp-content\/uploads\/2012\/04\/img_7894.jpg\"><img loading=\"lazy\" decoding=\"async\" class=\"alignleft wp-image-308 size-medium\" title=\"IMG_7894\" src=\"https:\/\/rueilavelo.fr\/rav\/wp-content\/uploads\/2012\/04\/img_7894-200x300.jpg\" alt=\"\" width=\"200\" height=\"300\" srcset=\"https:\/\/rueilavelo.fr\/rav\/wp-content\/uploads\/2012\/04\/img_7894-200x300.jpg 200w, https:\/\/rueilavelo.fr\/rav\/wp-content\/uploads\/2012\/04\/img_7894.jpg 298w\" sizes=\"auto, (max-width: 200px) 100vw, 200px\" \/><\/a><strong>1. J&rsquo;attache toujours mon v\u00e9lo<\/strong>, m\u00eame pour quelques minutes, m\u00eame dans une cour, sur un palier ou dans un garage \u00e0 v\u00e9los.<\/p>\n<p>Je privil\u00e9gie les lieux de stationnement o\u00f9 il y a du passage, plut\u00f4t que les recoins.<\/p>\n<p>Un antivol suppl\u00e9mentaire de type anneau permet de bloquer la roue arri\u00e8re.<\/p>\n<p><strong>2. J&rsquo;attache mon v\u00e9lo \u00e0 un point fixe<\/strong>, en priorit\u00e9 le cadre et si possible une roue.<\/p>\n<p><strong>3. J&rsquo;utilise un anti-vol en U haute s\u00e9curit\u00e9<\/strong>, en \u00e9vitant de le choisir trop grand ou trop long.<\/p>\n<p>Pour faire votre choix, \u00e0 ne pas manquer, le dernier<strong> test d&rsquo;anti-vols<\/strong> de la FUB (F\u00e9d\u00e9ration fran\u00e7aise des Usagers de la Bicyclette) : <a title=\"tests_antivols_mai_2020\" href=\"https:\/\/www.fub.fr\/moi-velo\/ma-securite\/equipement\/antivols\/resultats-campagne-antivols-2025\" target=\"_blank\" rel=\"noopener\">ici .<\/a><\/p>\n<p><strong>4. Je place l&rsquo;antivol le plus en en hauteur possible<\/strong> (40 cm du sol), \u00e7a le rend plus difficile \u00e0 casser.\u00a0<strong>Quand c&rsquo;est possible, j&rsquo;oriente le trou de la serrure de l&rsquo;antivol vers le bas<\/strong>, pour \u00e9viter que la pluie n&rsquo;y p\u00e9n\u00e8tre et pour le rendre moins accessible aux voleurs.<a href=\"http:\/\/rueilavelo.fr\/rav\/wp-content\/uploads\/2012\/04\/img_79021.jpg\"><img loading=\"lazy\" decoding=\"async\" class=\"alignright wp-image-311 size-medium\" title=\"IMG_7902\" src=\"https:\/\/rueilavelo.fr\/rav\/wp-content\/uploads\/2012\/04\/img_79021-200x300.jpg\" alt=\"\" width=\"200\" height=\"300\" srcset=\"https:\/\/rueilavelo.fr\/rav\/wp-content\/uploads\/2012\/04\/img_79021-200x300.jpg 200w, https:\/\/rueilavelo.fr\/rav\/wp-content\/uploads\/2012\/04\/img_79021.jpg 298w\" sizes=\"auto, (max-width: 200px) 100vw, 200px\" \/><\/a><\/p>\n<p><strong>5. Je fais marquer mon v\u00e9lo<\/strong> : il s&rsquo;agit de faire graver son v\u00e9lo et de disposer d&rsquo;un num\u00e9ro Bicycode sur un \u00ab\u00a0passeport v\u00e9lo\u00a0\u00bb si celui n&rsquo;en poss\u00e8de pas d\u00e9j\u00e0 un (les v\u00e9los neufs et d&rsquo;occasion vendus par un professionnel doivent d\u00e9sormais \u00eatre \u00e9quip\u00e9s d&rsquo;un marquage anti-vol).<\/p>\n<p>Chaque ann\u00e9e, 1\/3 des v\u00e9los vol\u00e9s sont retrouv\u00e9s abandonn\u00e9s mais il ne peuvent \u00eatre restitu\u00e9s. Le marquage Bicycode permet de r\u00e9cup\u00e9rer son v\u00e9lo s&rsquo;il est retrouv\u00e9. Le marquage permet \u00e9galement de dissuader les voleurs.<\/p>\n<p>Rueil \u00e0 V\u00e9lo organise ponctuellement des sessions de marquage gratuit et informe ses adh\u00e9rents des op\u00e9rations de gravage programm\u00e9es aux alentours.<\/p>\n<p>A noter que depuis le 01\/01\/2021, les vendeurs professionnels doivent effectuer un marquage anti-vol des v\u00e9los neufs, ainsi que les v\u00e9los d&rsquo;occasion vendus depuis le 01\/07\/2021. Cette obligation ne concerne pas les v\u00e9los enfants jusqu&rsquo;\u00e0 16 pouces.<\/p>\n<p><strong>6. Je me renseigne sur l&rsquo;assurance vol de v\u00e9los<\/strong> propos\u00e9e par la FUB. Appelez le courtier d&rsquo;assurance Cirano au\u00a0<strong>09 70 80 90 54.<\/strong><\/p>\n<p><strong>7. Gardez votre facture<\/strong> : elle vous servira en cas de vol, de revente ou si vous faites marquer votre v\u00e9lo.<\/p>\n<p><em>Source : en particulier le Guide du cycliste urbain (FUB)<\/em><\/p>\n","protected":false},"excerpt":{"rendered":"<p>Le vol de v\u00e9lo est un ph\u00e9nom\u00e8ne tr\u00e8s pr\u00e9sent et touche tout type de v\u00e9lo, m\u00eame en plein jour, m\u00eame &hellip; <a href=\"https:\/\/rueilavelo.fr\/rav\/se-deplacer-en-velo\/vol-de-velo-que-faire\/\" class=\"more-link\">Plus <span class=\"screen-reader-text\">Contre le vol de v\u00e9lo : que faire ?<\/span> <span class=\"meta-nav\">&rarr;<\/span><\/a><\/p>\n","protected":false},"author":2,"featured_media":0,"parent":48,"menu_order":0,"comment_status":"closed","ping_status":"open","template":"","meta":{"footnotes":""},"class_list":["post-307","page","type-page","status-publish","hentry"],"_links":{"self":[{"href":"https:\/\/rueilavelo.fr\/rav\/wp-json\/wp\/v2\/pages\/307","targetHints":{"allow":["GET"]}}],"collection":[{"href":"https:\/\/rueilavelo.fr\/rav\/wp-json\/wp\/v2\/pages"}],"about":[{"href":"https:\/\/rueilavelo.fr\/rav\/wp-json\/wp\/v2\/types\/page"}],"author":[{"embeddable":true,"href":"https:\/\/rueilavelo.fr\/rav\/wp-json\/wp\/v2\/users\/2"}],"replies":[{"embeddable":true,"href":"https:\/\/rueilavelo.fr\/rav\/wp-json\/wp\/v2\/comments?post=307"}],"version-history":[{"count":5,"href":"https:\/\/rueilavelo.fr\/rav\/wp-json\/wp\/v2\/pages\/307\/revisions"}],"predecessor-version":[{"id":5337,"href":"https:\/\/rueilavelo.fr\/rav\/wp-json\/wp\/v2\/pages\/307\/revisions\/5337"}],"up":[{"embeddable":true,"href":"https:\/\/rueilavelo.fr\/rav\/wp-json\/wp\/v2\/pages\/48"}],"wp:attachment":[{"href":"https:\/\/rueilavelo.fr\/rav\/wp-json\/wp\/v2\/media?parent=307"}],"curies":[{"name":"wp","href":"https:\/\/api.w.org\/{rel}","templated":true}]}}