{"id":3222,"date":"2021-07-02T16:19:11","date_gmt":"2021-07-02T16:19:11","guid":{"rendered":"https:\/\/ebrav.wordpress.com\/?page_id=3222"},"modified":"2021-07-02T16:19:11","modified_gmt":"2021-07-02T16:19:11","slug":"bourse-a-velo-2019","status":"publish","type":"page","link":"https:\/\/rueilavelo.fr\/rav\/bourse-a-velo-2019\/","title":{"rendered":"Bourse aux v\u00e9los 2019"},"content":{"rendered":"\n<p>La Bourse aux v\u00e9los 2019 s\u2019 est d\u00e9roul\u00e9e \u00e0 l\u2019occasion du Forum des Associations rueilloises le dimanche 8 septembre au Stade Marcel Ricard.<\/p>\n\n\n\n<p>Lors de cette journ\u00e9e 39 v\u00e9los, parmi les 53 v\u00e9los enfant ou adulte enregistr\u00e9s \u00e0 la vente, ont trouv\u00e9 acqu\u00e9reur ! <\/p>\n","protected":false},"excerpt":{"rendered":"<p>La Bourse aux v\u00e9los 2019 s\u2019 est d\u00e9roul\u00e9e \u00e0 l\u2019occasion du Forum des Associations rueilloises le dimanche 8 septembre au &hellip; <a href=\"https:\/\/rueilavelo.fr\/rav\/bourse-a-velo-2019\/\" class=\"more-link\">Plus <span class=\"screen-reader-text\">Bourse aux v\u00e9los 2019<\/span> <span class=\"meta-nav\">&rarr;<\/span><\/a><\/p>\n","protected":false},"author":3,"featured_media":0,"parent":0,"menu_order":0,"comment_status":"closed","ping_status":"closed","template":"","meta":{"footnotes":""},"class_list":["post-3222","page","type-page","status-publish","hentry"],"_links":{"self":[{"href":"https:\/\/rueilavelo.fr\/rav\/wp-json\/wp\/v2\/pages\/3222","targetHints":{"allow":["GET"]}}],"collection":[{"href":"https:\/\/rueilavelo.fr\/rav\/wp-json\/wp\/v2\/pages"}],"about":[{"href":"https:\/\/rueilavelo.fr\/rav\/wp-json\/wp\/v2\/types\/page"}],"author":[{"embeddable":true,"href":"https:\/\/rueilavelo.fr\/rav\/wp-json\/wp\/v2\/users\/3"}],"replies":[{"embeddable":true,"href":"https:\/\/rueilavelo.fr\/rav\/wp-json\/wp\/v2\/comments?post=3222"}],"version-history":[{"count":0,"href":"https:\/\/rueilavelo.fr\/rav\/wp-json\/wp\/v2\/pages\/3222\/revisions"}],"wp:attachment":[{"href":"https:\/\/rueilavelo.fr\/rav\/wp-json\/wp\/v2\/media?parent=3222"}],"curies":[{"name":"wp","href":"https:\/\/api.w.org\/{rel}","templated":true}]}}