{"id":329,"date":"2012-05-06T13:40:49","date_gmt":"2012-05-06T13:40:49","guid":{"rendered":"http:\/\/rueilavelo.fr\/rav\/?page_id=329"},"modified":"2012-05-06T13:40:49","modified_gmt":"2012-05-06T13:40:49","slug":"sortie-du-6-mai-2012","status":"publish","type":"page","link":"https:\/\/rueilavelo.fr\/rav\/photos\/sortie-du-6-mai-2012\/","title":{"rendered":"Sortie du 6 mai 2012"},"content":{"rendered":"<p>Pas une goutte de pluie pour la sortie d&rsquo;aujourd&rsquo;hui.<\/p>\n<p>Encore une jolie boucle jusqu&rsquo;\u00e0 Sartrouville, le long de la Seine : une trentaine de kilom\u00e8tres quand m\u00eame !<\/p>\n<p style=\"text-align:center;\"><a href=\"http:\/\/rueilavelo.fr\/rav\/wp-content\/uploads\/2012\/05\/p1100233.jpg\"><img loading=\"lazy\" decoding=\"async\" class=\" wp-image-330 aligncenter\" title=\"P1100233\" alt=\"\" src=\"http:\/\/rueilavelo.fr\/rav\/wp-content\/uploads\/2012\/05\/p1100233.jpg?w=300\" width=\"300\" height=\"224\" srcset=\"https:\/\/rueilavelo.fr\/rav\/wp-content\/uploads\/2012\/05\/p1100233.jpg 448w, https:\/\/rueilavelo.fr\/rav\/wp-content\/uploads\/2012\/05\/p1100233-300x225.jpg 300w\" sizes=\"auto, (max-width: 300px) 100vw, 300px\" \/><\/a><a href=\"http:\/\/rueilavelo.fr\/rav\/wp-content\/uploads\/2012\/05\/p1100234.jpg\"><img loading=\"lazy\" decoding=\"async\" class=\"alignleft size-medium wp-image-331\" title=\"P1100234\" alt=\"\" src=\"http:\/\/rueilavelo.fr\/rav\/wp-content\/uploads\/2012\/05\/p1100234.jpg?w=300\" width=\"300\" height=\"224\" srcset=\"https:\/\/rueilavelo.fr\/rav\/wp-content\/uploads\/2012\/05\/p1100234.jpg 448w, https:\/\/rueilavelo.fr\/rav\/wp-content\/uploads\/2012\/05\/p1100234-300x225.jpg 300w\" sizes=\"auto, (max-width: 300px) 100vw, 300px\" \/><\/a><a href=\"http:\/\/rueilavelo.fr\/rav\/wp-content\/uploads\/2012\/05\/p1100235.jpg\"><img loading=\"lazy\" decoding=\"async\" class=\" wp-image-332 aligncenter\" title=\"P1100235\" alt=\"\" src=\"http:\/\/rueilavelo.fr\/rav\/wp-content\/uploads\/2012\/05\/p1100235.jpg?w=300\" width=\"300\" height=\"224\" srcset=\"https:\/\/rueilavelo.fr\/rav\/wp-content\/uploads\/2012\/05\/p1100235.jpg 448w, https:\/\/rueilavelo.fr\/rav\/wp-content\/uploads\/2012\/05\/p1100235-300x225.jpg 300w\" sizes=\"auto, (max-width: 300px) 100vw, 300px\" \/><\/a><a href=\"http:\/\/rueilavelo.fr\/rav\/wp-content\/uploads\/2012\/05\/p1100236.jpg\"><img loading=\"lazy\" decoding=\"async\" class=\"alignleft size-medium wp-image-333\" title=\"P1100236\" alt=\"\" src=\"http:\/\/rueilavelo.fr\/rav\/wp-content\/uploads\/2012\/05\/p1100236.jpg?w=300\" width=\"300\" height=\"224\" srcset=\"https:\/\/rueilavelo.fr\/rav\/wp-content\/uploads\/2012\/05\/p1100236.jpg 448w, https:\/\/rueilavelo.fr\/rav\/wp-content\/uploads\/2012\/05\/p1100236-300x225.jpg 300w\" sizes=\"auto, (max-width: 300px) 100vw, 300px\" \/><\/a><a href=\"http:\/\/rueilavelo.fr\/rav\/wp-content\/uploads\/2012\/05\/p11002381.jpg\"><img loading=\"lazy\" decoding=\"async\" class=\" wp-image-335 aligncenter\" title=\"P1100238\" alt=\"\" src=\"http:\/\/rueilavelo.fr\/rav\/wp-content\/uploads\/2012\/05\/p11002381.jpg?w=300\" width=\"300\" height=\"224\" srcset=\"https:\/\/rueilavelo.fr\/rav\/wp-content\/uploads\/2012\/05\/p11002381.jpg 448w, https:\/\/rueilavelo.fr\/rav\/wp-content\/uploads\/2012\/05\/p11002381-300x225.jpg 300w\" sizes=\"auto, (max-width: 300px) 100vw, 300px\" \/><\/a><a href=\"http:\/\/rueilavelo.fr\/rav\/wp-content\/uploads\/2012\/05\/p1100239.jpg\"><img loading=\"lazy\" decoding=\"async\" class=\"alignleft size-medium wp-image-336\" title=\"P1100239\" alt=\"\" src=\"http:\/\/rueilavelo.fr\/rav\/wp-content\/uploads\/2012\/05\/p1100239.jpg?w=300\" width=\"300\" height=\"224\" srcset=\"https:\/\/rueilavelo.fr\/rav\/wp-content\/uploads\/2012\/05\/p1100239.jpg 448w, https:\/\/rueilavelo.fr\/rav\/wp-content\/uploads\/2012\/05\/p1100239-300x225.jpg 300w\" sizes=\"auto, (max-width: 300px) 100vw, 300px\" \/><\/a><a href=\"http:\/\/rueilavelo.fr\/rav\/wp-content\/uploads\/2012\/05\/p1100241.jpg\"><img loading=\"lazy\" decoding=\"async\" class=\" wp-image-337 aligncenter\" title=\"P1100241\" alt=\"\" src=\"http:\/\/rueilavelo.fr\/rav\/wp-content\/uploads\/2012\/05\/p1100241.jpg?w=300\" width=\"300\" height=\"224\" srcset=\"https:\/\/rueilavelo.fr\/rav\/wp-content\/uploads\/2012\/05\/p1100241.jpg 448w, https:\/\/rueilavelo.fr\/rav\/wp-content\/uploads\/2012\/05\/p1100241-300x225.jpg 300w\" sizes=\"auto, (max-width: 300px) 100vw, 300px\" \/><\/a><\/p>\n","protected":false},"excerpt":{"rendered":"<p>Pas une goutte de pluie pour la sortie d&rsquo;aujourd&rsquo;hui. Encore une jolie boucle jusqu&rsquo;\u00e0 Sartrouville, le long de la Seine &hellip; <a href=\"https:\/\/rueilavelo.fr\/rav\/photos\/sortie-du-6-mai-2012\/\" class=\"more-link\">Plus <span class=\"screen-reader-text\">Sortie du 6 mai 2012<\/span> <span class=\"meta-nav\">&rarr;<\/span><\/a><\/p>\n","protected":false},"author":2,"featured_media":0,"parent":54,"menu_order":2,"comment_status":"closed","ping_status":"open","template":"","meta":{"footnotes":""},"class_list":["post-329","page","type-page","status-publish","hentry"],"_links":{"self":[{"href":"https:\/\/rueilavelo.fr\/rav\/wp-json\/wp\/v2\/pages\/329","targetHints":{"allow":["GET"]}}],"collection":[{"href":"https:\/\/rueilavelo.fr\/rav\/wp-json\/wp\/v2\/pages"}],"about":[{"href":"https:\/\/rueilavelo.fr\/rav\/wp-json\/wp\/v2\/types\/page"}],"author":[{"embeddable":true,"href":"https:\/\/rueilavelo.fr\/rav\/wp-json\/wp\/v2\/users\/2"}],"replies":[{"embeddable":true,"href":"https:\/\/rueilavelo.fr\/rav\/wp-json\/wp\/v2\/comments?post=329"}],"version-history":[{"count":0,"href":"https:\/\/rueilavelo.fr\/rav\/wp-json\/wp\/v2\/pages\/329\/revisions"}],"up":[{"embeddable":true,"href":"https:\/\/rueilavelo.fr\/rav\/wp-json\/wp\/v2\/pages\/54"}],"wp:attachment":[{"href":"https:\/\/rueilavelo.fr\/rav\/wp-json\/wp\/v2\/media?parent=329"}],"curies":[{"name":"wp","href":"https:\/\/api.w.org\/{rel}","templated":true}]}}