{"id":35,"date":"2012-02-06T13:08:07","date_gmt":"2012-02-06T13:08:07","guid":{"rendered":"http:\/\/rueilavelo.fr\/rav\/?page_id=35"},"modified":"2012-02-06T13:08:07","modified_gmt":"2012-02-06T13:08:07","slug":"evenements","status":"publish","type":"page","link":"https:\/\/rueilavelo.fr\/rav\/evenements-2\/evenements\/","title":{"rendered":"Bourse aux v\u00e9los 2012"},"content":{"rendered":"<p><strong><a href=\"http:\/\/rueilavelo.fr\/rav\/wp-content\/uploads\/2012\/02\/p1100231.jpg\"><img loading=\"lazy\" decoding=\"async\" class=\"alignright size-medium wp-image-252\" title=\"P1100231\" src=\"http:\/\/rueilavelo.fr\/rav\/wp-content\/uploads\/2012\/02\/p1100231.jpg?w=225\" alt=\"\" width=\"225\" height=\"300\" \/><\/a><\/strong><\/p>\n<p>Dans le cadre des \u00ab\u00a0Rendez-vous du d\u00e9veloppement durable \u00bb organis\u00e9s par la Ville de Rueil-Malmaison dans le <strong>parc de Bois Pr\u00e9au le 31 Mars et le 1<sup>er<\/sup> Avril 2012<\/strong>, Rueil \u00e0 V\u00e9lo \u00a0a anim\u00e9 un stand \u00ab\u00a0BOURSE AUX VELOS\u00a0\u00bb destin\u00e9\u00a0 \u00e0 faciliter l\u2019achat et la vente entre particuliers de v\u00e9los d\u2019occasion en \u00e9tat de marche.<\/p>\n<p>Gr\u00e2ce aux b\u00e9n\u00e9voles de Rueil \u00e0 V\u00e9lo, 66 v\u00e9los ont trouv\u00e9 preneurs, 20 ont \u00e9t\u00e9 rendus \u00e0 leur propri\u00e9taire et 2 ont \u00e9t\u00e9 donn\u00e9s \u00e0 un centre de loisir communal, \u00e0 la satisfaction g\u00e9n\u00e9rale. Bonne humeur, conseils et informations \u00e9taient \u00e9galement au rendez-vous !<\/p>\n<p>Rappelons qu&rsquo;en 2011 lors de la pr\u00e9c\u00e9dente \u00e9dition de la BOURSE AUX VELOS, 56 v\u00e9los avaient chang\u00e9 de propri\u00e9taire durant les 2 journ\u00e9es.<\/p>\n<p><span style=\"color:#000000;\"><strong><br \/>\n<\/strong><\/span><\/p>\n","protected":false},"excerpt":{"rendered":"<p>Dans le cadre des \u00ab\u00a0Rendez-vous du d\u00e9veloppement durable \u00bb organis\u00e9s par la Ville de Rueil-Malmaison dans le parc de Bois &hellip; <a href=\"https:\/\/rueilavelo.fr\/rav\/evenements-2\/evenements\/\" class=\"more-link\">Plus <span class=\"screen-reader-text\">Bourse aux v\u00e9los 2012<\/span> <span class=\"meta-nav\">&rarr;<\/span><\/a><\/p>\n","protected":false},"author":2,"featured_media":0,"parent":254,"menu_order":8,"comment_status":"closed","ping_status":"closed","template":"","meta":{"footnotes":""},"class_list":["post-35","page","type-page","status-publish","hentry"],"_links":{"self":[{"href":"https:\/\/rueilavelo.fr\/rav\/wp-json\/wp\/v2\/pages\/35","targetHints":{"allow":["GET"]}}],"collection":[{"href":"https:\/\/rueilavelo.fr\/rav\/wp-json\/wp\/v2\/pages"}],"about":[{"href":"https:\/\/rueilavelo.fr\/rav\/wp-json\/wp\/v2\/types\/page"}],"author":[{"embeddable":true,"href":"https:\/\/rueilavelo.fr\/rav\/wp-json\/wp\/v2\/users\/2"}],"replies":[{"embeddable":true,"href":"https:\/\/rueilavelo.fr\/rav\/wp-json\/wp\/v2\/comments?post=35"}],"version-history":[{"count":0,"href":"https:\/\/rueilavelo.fr\/rav\/wp-json\/wp\/v2\/pages\/35\/revisions"}],"up":[{"embeddable":true,"href":"https:\/\/rueilavelo.fr\/rav\/wp-json\/wp\/v2\/pages\/254"}],"wp:attachment":[{"href":"https:\/\/rueilavelo.fr\/rav\/wp-json\/wp\/v2\/media?parent=35"}],"curies":[{"name":"wp","href":"https:\/\/api.w.org\/{rel}","templated":true}]}}