{"id":366,"date":"2012-06-03T19:55:50","date_gmt":"2012-06-03T19:55:50","guid":{"rendered":"http:\/\/rueilavelo.fr\/rav\/?page_id=366"},"modified":"2012-06-03T19:55:50","modified_gmt":"2012-06-03T19:55:50","slug":"sortie-du-3-juin-2012","status":"publish","type":"page","link":"https:\/\/rueilavelo.fr\/rav\/photos\/sortie-du-3-juin-2012\/","title":{"rendered":"Sortie du 3 juin 2012"},"content":{"rendered":"<p>Le groupe de ce dimanche a rejoint la \u00ab\u00a0Convergence francilienne\u00a0\u00bb : comme son nom l&rsquo;indique, les cyclistes d&rsquo;Ile de France se rassemblent en cort\u00e8ges et convergent joyeusement jusqu&rsquo;au centre de Paris, en entrant par l&rsquo;une des 6 portes de la Capitale pr\u00e9vues pour cette manifestation. Rueil \u00e0 V\u00e9lo a rejoint pour quelques kilom\u00e8tres la troupe de l&rsquo;ouest parisien.\u00a0L&rsquo;occasion de sortir tous les v\u00e9hicules \u00e0 p\u00e9dales&#8230;<\/p>\n<p>Plus d&rsquo;infos :\u00a0<a href=\"http:\/\/www.mdb-idf.org\/spip\/spip.php?article55\">http:\/\/www.mdb-idf.org\/spip\/spip.php?article55<\/a><\/p>\n<p>A noter dans l&rsquo;\u00e9quipe de Rueil \u00e0 V\u00e9lo, un sp\u00e9cimen de \u00ab\u00a0v\u00e9lo couch\u00e9\u00a0\u00bb tout \u00e0 fait convaincant !<\/p>\n<p><a href=\"http:\/\/rueilavelo.fr\/rav\/wp-content\/uploads\/2012\/06\/p1100249.jpg\"><img loading=\"lazy\" decoding=\"async\" class=\"aligncenter size-medium wp-image-367\" title=\"P1100249\" alt=\"\" src=\"http:\/\/rueilavelo.fr\/rav\/wp-content\/uploads\/2012\/06\/p1100249.jpg?w=300\" width=\"300\" height=\"224\" srcset=\"https:\/\/rueilavelo.fr\/rav\/wp-content\/uploads\/2012\/06\/p1100249.jpg 448w, https:\/\/rueilavelo.fr\/rav\/wp-content\/uploads\/2012\/06\/p1100249-300x225.jpg 300w\" sizes=\"auto, (max-width: 300px) 100vw, 300px\" \/><\/a><\/p>\n<p>Un papa courageux crois\u00e9 sur notre route&#8230;<\/p>\n<p><a href=\"http:\/\/rueilavelo.fr\/rav\/wp-content\/uploads\/2012\/06\/p1100252.jpg\"><img loading=\"lazy\" decoding=\"async\" class=\"aligncenter size-medium wp-image-368\" title=\"P1100252\" alt=\"\" src=\"http:\/\/rueilavelo.fr\/rav\/wp-content\/uploads\/2012\/06\/p1100252.jpg?w=224\" width=\"224\" height=\"300\" srcset=\"https:\/\/rueilavelo.fr\/rav\/wp-content\/uploads\/2012\/06\/p1100252.jpg 336w, https:\/\/rueilavelo.fr\/rav\/wp-content\/uploads\/2012\/06\/p1100252-225x300.jpg 225w\" sizes=\"auto, (max-width: 224px) 100vw, 224px\" \/><\/a><\/p>\n<p><a href=\"http:\/\/rueilavelo.fr\/rav\/wp-content\/uploads\/2012\/06\/p1100255.jpg\"><img loading=\"lazy\" decoding=\"async\" class=\"aligncenter size-medium wp-image-369\" title=\"P1100255\" alt=\"\" src=\"http:\/\/rueilavelo.fr\/rav\/wp-content\/uploads\/2012\/06\/p1100255.jpg?w=300\" width=\"300\" height=\"224\" srcset=\"https:\/\/rueilavelo.fr\/rav\/wp-content\/uploads\/2012\/06\/p1100255.jpg 448w, https:\/\/rueilavelo.fr\/rav\/wp-content\/uploads\/2012\/06\/p1100255-300x225.jpg 300w\" sizes=\"auto, (max-width: 300px) 100vw, 300px\" \/><\/a><\/p>\n<p><a href=\"http:\/\/rueilavelo.fr\/rav\/wp-content\/uploads\/2012\/06\/p11002561.jpg\"><img loading=\"lazy\" decoding=\"async\" class=\"aligncenter size-medium wp-image-371\" title=\"P1100256\" alt=\"\" src=\"http:\/\/rueilavelo.fr\/rav\/wp-content\/uploads\/2012\/06\/p11002561.jpg?w=300\" width=\"300\" height=\"224\" srcset=\"https:\/\/rueilavelo.fr\/rav\/wp-content\/uploads\/2012\/06\/p11002561.jpg 448w, https:\/\/rueilavelo.fr\/rav\/wp-content\/uploads\/2012\/06\/p11002561-300x225.jpg 300w\" sizes=\"auto, (max-width: 300px) 100vw, 300px\" \/><\/a><\/p>\n<p><a href=\"http:\/\/rueilavelo.fr\/rav\/wp-content\/uploads\/2012\/06\/p1100259.jpg\"><img loading=\"lazy\" decoding=\"async\" class=\"aligncenter size-medium wp-image-372\" title=\"P1100259\" alt=\"\" src=\"http:\/\/rueilavelo.fr\/rav\/wp-content\/uploads\/2012\/06\/p1100259.jpg?w=300\" width=\"300\" height=\"224\" srcset=\"https:\/\/rueilavelo.fr\/rav\/wp-content\/uploads\/2012\/06\/p1100259.jpg 448w, https:\/\/rueilavelo.fr\/rav\/wp-content\/uploads\/2012\/06\/p1100259-300x225.jpg 300w\" sizes=\"auto, (max-width: 300px) 100vw, 300px\" \/><\/a><\/p>\n<p>Pause \u00e0 Colombes<\/p>\n<p><a href=\"http:\/\/rueilavelo.fr\/rav\/wp-content\/uploads\/2012\/06\/p1100263.jpg\"><img loading=\"lazy\" decoding=\"async\" class=\"aligncenter size-medium wp-image-373\" title=\"P1100263\" alt=\"\" src=\"http:\/\/rueilavelo.fr\/rav\/wp-content\/uploads\/2012\/06\/p1100263.jpg?w=300\" width=\"300\" height=\"224\" srcset=\"https:\/\/rueilavelo.fr\/rav\/wp-content\/uploads\/2012\/06\/p1100263.jpg 448w, https:\/\/rueilavelo.fr\/rav\/wp-content\/uploads\/2012\/06\/p1100263-300x225.jpg 300w\" sizes=\"auto, (max-width: 300px) 100vw, 300px\" \/><\/a><\/p>\n<p><a href=\"http:\/\/rueilavelo.fr\/rav\/wp-content\/uploads\/2012\/06\/p1100266.jpg\"><img loading=\"lazy\" decoding=\"async\" class=\"aligncenter size-medium wp-image-374\" title=\"P1100266\" alt=\"\" src=\"http:\/\/rueilavelo.fr\/rav\/wp-content\/uploads\/2012\/06\/p1100266.jpg?w=300\" width=\"300\" height=\"224\" srcset=\"https:\/\/rueilavelo.fr\/rav\/wp-content\/uploads\/2012\/06\/p1100266.jpg 448w, https:\/\/rueilavelo.fr\/rav\/wp-content\/uploads\/2012\/06\/p1100266-300x225.jpg 300w\" sizes=\"auto, (max-width: 300px) 100vw, 300px\" \/><\/a><\/p>\n<p><a href=\"http:\/\/rueilavelo.fr\/rav\/wp-content\/uploads\/2012\/06\/p1100269.jpg\"><img loading=\"lazy\" decoding=\"async\" class=\"aligncenter size-medium wp-image-375\" title=\"P1100269\" alt=\"\" src=\"http:\/\/rueilavelo.fr\/rav\/wp-content\/uploads\/2012\/06\/p1100269.jpg?w=300\" width=\"300\" height=\"224\" srcset=\"https:\/\/rueilavelo.fr\/rav\/wp-content\/uploads\/2012\/06\/p1100269.jpg 448w, https:\/\/rueilavelo.fr\/rav\/wp-content\/uploads\/2012\/06\/p1100269-300x225.jpg 300w\" sizes=\"auto, (max-width: 300px) 100vw, 300px\" \/><\/a><\/p>\n<p><a href=\"http:\/\/rueilavelo.fr\/rav\/wp-content\/uploads\/2012\/06\/p1100270.jpg\"><img loading=\"lazy\" decoding=\"async\" class=\"aligncenter size-medium wp-image-376\" title=\"P1100270\" alt=\"\" src=\"http:\/\/rueilavelo.fr\/rav\/wp-content\/uploads\/2012\/06\/p1100270.jpg?w=300\" width=\"300\" height=\"224\" srcset=\"https:\/\/rueilavelo.fr\/rav\/wp-content\/uploads\/2012\/06\/p1100270.jpg 448w, https:\/\/rueilavelo.fr\/rav\/wp-content\/uploads\/2012\/06\/p1100270-300x225.jpg 300w\" sizes=\"auto, (max-width: 300px) 100vw, 300px\" \/><\/a><\/p>\n","protected":false},"excerpt":{"rendered":"<p>Le groupe de ce dimanche a rejoint la \u00ab\u00a0Convergence francilienne\u00a0\u00bb : comme son nom l&rsquo;indique, les cyclistes d&rsquo;Ile de France &hellip; <a href=\"https:\/\/rueilavelo.fr\/rav\/photos\/sortie-du-3-juin-2012\/\" class=\"more-link\">Plus <span class=\"screen-reader-text\">Sortie du 3 juin 2012<\/span> <span class=\"meta-nav\">&rarr;<\/span><\/a><\/p>\n","protected":false},"author":2,"featured_media":0,"parent":54,"menu_order":3,"comment_status":"closed","ping_status":"open","template":"","meta":{"footnotes":""},"class_list":["post-366","page","type-page","status-publish","hentry"],"_links":{"self":[{"href":"https:\/\/rueilavelo.fr\/rav\/wp-json\/wp\/v2\/pages\/366","targetHints":{"allow":["GET"]}}],"collection":[{"href":"https:\/\/rueilavelo.fr\/rav\/wp-json\/wp\/v2\/pages"}],"about":[{"href":"https:\/\/rueilavelo.fr\/rav\/wp-json\/wp\/v2\/types\/page"}],"author":[{"embeddable":true,"href":"https:\/\/rueilavelo.fr\/rav\/wp-json\/wp\/v2\/users\/2"}],"replies":[{"embeddable":true,"href":"https:\/\/rueilavelo.fr\/rav\/wp-json\/wp\/v2\/comments?post=366"}],"version-history":[{"count":0,"href":"https:\/\/rueilavelo.fr\/rav\/wp-json\/wp\/v2\/pages\/366\/revisions"}],"up":[{"embeddable":true,"href":"https:\/\/rueilavelo.fr\/rav\/wp-json\/wp\/v2\/pages\/54"}],"wp:attachment":[{"href":"https:\/\/rueilavelo.fr\/rav\/wp-json\/wp\/v2\/media?parent=366"}],"curies":[{"name":"wp","href":"https:\/\/api.w.org\/{rel}","templated":true}]}}