{"id":428,"date":"2012-09-23T19:03:10","date_gmt":"2012-09-23T19:03:10","guid":{"rendered":"http:\/\/rueilavelo.fr\/rav\/?page_id=428"},"modified":"2012-09-23T19:03:10","modified_gmt":"2012-09-23T19:03:10","slug":"sortie-du-2-septembre-2012","status":"publish","type":"page","link":"https:\/\/rueilavelo.fr\/rav\/photos\/sortie-du-2-septembre-2012\/","title":{"rendered":"Sortie du 2 septembre 2012"},"content":{"rendered":"<p>La petite \u00e9quipe qui s&rsquo;est retrouv\u00e9e dimanche 2 septembre a eu la joie d&rsquo;\u00eatre accompagn\u00e9e par un tout jeune adepte du v\u00e9lo.<\/p>\n<p>D\u00e9couverte de la portion entre Chatou et Sartrouville de la v\u00e9loroute Paris-Londres, bien fl\u00e9ch\u00e9e, retour par les champs de Montesson.<\/p>\n<p><a href=\"http:\/\/rueilavelo.fr\/rav\/wp-content\/uploads\/2012\/09\/p1000318-1024x768-2.jpg\"><img loading=\"lazy\" decoding=\"async\" class=\" wp-image-438 alignleft\" title=\"P1000318 (1024x768) (2)\" alt=\"\" src=\"http:\/\/rueilavelo.fr\/rav\/wp-content\/uploads\/2012\/09\/p1000318-1024x768-2.jpg?w=300\" width=\"300\" height=\"224\" srcset=\"https:\/\/rueilavelo.fr\/rav\/wp-content\/uploads\/2012\/09\/p1000318-1024x768-2.jpg 448w, https:\/\/rueilavelo.fr\/rav\/wp-content\/uploads\/2012\/09\/p1000318-1024x768-2-300x225.jpg 300w\" sizes=\"auto, (max-width: 300px) 100vw, 300px\" \/><\/a><\/p>\n<p><a href=\"http:\/\/rueilavelo.fr\/rav\/wp-content\/uploads\/2012\/09\/p1000315-1024x768.jpg\"><img loading=\"lazy\" decoding=\"async\" class=\"alignleft size-medium wp-image-429\" title=\"P1000315 (1024x768)\" alt=\"\" src=\"http:\/\/rueilavelo.fr\/rav\/wp-content\/uploads\/2012\/09\/p1000315-1024x768.jpg?w=300\" width=\"300\" height=\"224\" \/><\/a><\/p>\n<p><a href=\"http:\/\/rueilavelo.fr\/rav\/wp-content\/uploads\/2012\/09\/p1100690.jpg\"><img loading=\"lazy\" decoding=\"async\" class=\"alignleft size-medium wp-image-430\" title=\"P1100690\" alt=\"\" src=\"http:\/\/rueilavelo.fr\/rav\/wp-content\/uploads\/2012\/09\/p1100690.jpg?w=300\" width=\"300\" height=\"224\" srcset=\"https:\/\/rueilavelo.fr\/rav\/wp-content\/uploads\/2012\/09\/p1100690.jpg 448w, https:\/\/rueilavelo.fr\/rav\/wp-content\/uploads\/2012\/09\/p1100690-300x225.jpg 300w\" sizes=\"auto, (max-width: 300px) 100vw, 300px\" \/><\/a><\/p>\n","protected":false},"excerpt":{"rendered":"<p>La petite \u00e9quipe qui s&rsquo;est retrouv\u00e9e dimanche 2 septembre a eu la joie d&rsquo;\u00eatre accompagn\u00e9e par un tout jeune adepte &hellip; <a href=\"https:\/\/rueilavelo.fr\/rav\/photos\/sortie-du-2-septembre-2012\/\" class=\"more-link\">Plus <span class=\"screen-reader-text\">Sortie du 2 septembre 2012<\/span> <span class=\"meta-nav\">&rarr;<\/span><\/a><\/p>\n","protected":false},"author":2,"featured_media":0,"parent":54,"menu_order":4,"comment_status":"closed","ping_status":"open","template":"","meta":{"footnotes":""},"class_list":["post-428","page","type-page","status-publish","hentry"],"_links":{"self":[{"href":"https:\/\/rueilavelo.fr\/rav\/wp-json\/wp\/v2\/pages\/428","targetHints":{"allow":["GET"]}}],"collection":[{"href":"https:\/\/rueilavelo.fr\/rav\/wp-json\/wp\/v2\/pages"}],"about":[{"href":"https:\/\/rueilavelo.fr\/rav\/wp-json\/wp\/v2\/types\/page"}],"author":[{"embeddable":true,"href":"https:\/\/rueilavelo.fr\/rav\/wp-json\/wp\/v2\/users\/2"}],"replies":[{"embeddable":true,"href":"https:\/\/rueilavelo.fr\/rav\/wp-json\/wp\/v2\/comments?post=428"}],"version-history":[{"count":0,"href":"https:\/\/rueilavelo.fr\/rav\/wp-json\/wp\/v2\/pages\/428\/revisions"}],"up":[{"embeddable":true,"href":"https:\/\/rueilavelo.fr\/rav\/wp-json\/wp\/v2\/pages\/54"}],"wp:attachment":[{"href":"https:\/\/rueilavelo.fr\/rav\/wp-json\/wp\/v2\/media?parent=428"}],"curies":[{"name":"wp","href":"https:\/\/api.w.org\/{rel}","templated":true}]}}