{"id":4391,"date":"2023-10-23T17:09:01","date_gmt":"2023-10-23T17:09:01","guid":{"rendered":"https:\/\/ebrav.wordpress.com\/?page_id=4384"},"modified":"2025-11-28T16:00:48","modified_gmt":"2025-11-28T15:00:48","slug":"entretien-du-velo","status":"publish","type":"page","link":"https:\/\/rueilavelo.fr\/rav\/entretien-du-velo\/","title":{"rendered":"Comment entretenir son v\u00e9lo"},"content":{"rendered":"\n<p>Une petite pr\u00e9sentation r\u00e9alis\u00e9e pour les ateliers d&rsquo;autor\u00e9paration, mais qui vous explique les bases de l&rsquo;entretien d&rsquo;un v\u00e9lo : consommables, outils etc&#8230;<\/p>\n\n\n\n<p>Apr\u00e8s rien de tel qu&rsquo;un peu de pratique avec des initi\u00e9s de tout niveau.<\/p>\n\n\n\n<div data-wp-interactive=\"core\/file\" class=\"wp-block-file\"><object data-wp-bind--hidden=\"!state.hasPdfPreview\" hidden class=\"wp-block-file__embed\" data=\"https:\/\/rueilavelo.fr\/rav\/wp-content\/uploads\/2023\/10\/presentation_atelier_auto_reparation.pdf\" type=\"application\/pdf\" style=\"width:100%;height:600px\" aria-label=\"Contenu embarqu\u00e9 Presentation_atelier_Auto_reparation.\"><\/object><a id=\"wp-block-file--media-341d269e-e2c9-4c1b-a518-55516ff3fb3f\" href=\"https:\/\/rueilavelo.fr\/rav\/wp-content\/uploads\/2023\/10\/presentation_atelier_auto_reparation.pdf\">Presentation_atelier_Auto_reparation<\/a><a href=\"https:\/\/rueilavelo.fr\/rav\/wp-content\/uploads\/2023\/10\/presentation_atelier_auto_reparation.pdf\" class=\"wp-block-file__button wp-element-button\" download aria-describedby=\"wp-block-file--media-341d269e-e2c9-4c1b-a518-55516ff3fb3f\">T\u00e9l\u00e9charger<\/a><\/div>\n\n\n\n<hr class=\"wp-block-separator has-alpha-channel-opacity\"\/>\n\n\n\n<figure class=\"wp-block-table\"><table><tbody><tr><td class=\"has-text-align-center\" data-align=\"center\"><strong>POUR EN SAVOIR PLUS<\/strong><\/td><\/tr><tr><td class=\"has-text-align-center\" data-align=\"center\"><strong><a href=\"https:\/\/rouzeau.net\/VeloDeVille\/TrousseAOutils\">La trousse \u00e0 outils<\/a><\/strong><\/td><\/tr><tr><td class=\"has-text-align-center\" data-align=\"center\"><strong><a href=\"https:\/\/rouzeau.net\/VeloDeVille\/LEntretien\">L&rsquo;entretien et les outils<\/a><\/strong><\/td><\/tr><\/tbody><\/table><\/figure>\n","protected":false},"excerpt":{"rendered":"<p>Une petite pr\u00e9sentation r\u00e9alis\u00e9e pour les ateliers d&rsquo;autor\u00e9paration, mais qui vous explique les bases de l&rsquo;entretien d&rsquo;un v\u00e9lo : consommables, &hellip; <a href=\"https:\/\/rueilavelo.fr\/rav\/entretien-du-velo\/\" class=\"more-link\">Plus <span class=\"screen-reader-text\">Comment entretenir son v\u00e9lo<\/span> <span class=\"meta-nav\">&rarr;<\/span><\/a><\/p>\n","protected":false},"author":6,"featured_media":0,"parent":0,"menu_order":0,"comment_status":"closed","ping_status":"closed","template":"","meta":{"footnotes":""},"class_list":["post-4391","page","type-page","status-publish","hentry"],"_links":{"self":[{"href":"https:\/\/rueilavelo.fr\/rav\/wp-json\/wp\/v2\/pages\/4391","targetHints":{"allow":["GET"]}}],"collection":[{"href":"https:\/\/rueilavelo.fr\/rav\/wp-json\/wp\/v2\/pages"}],"about":[{"href":"https:\/\/rueilavelo.fr\/rav\/wp-json\/wp\/v2\/types\/page"}],"author":[{"embeddable":true,"href":"https:\/\/rueilavelo.fr\/rav\/wp-json\/wp\/v2\/users\/6"}],"replies":[{"embeddable":true,"href":"https:\/\/rueilavelo.fr\/rav\/wp-json\/wp\/v2\/comments?post=4391"}],"version-history":[{"count":2,"href":"https:\/\/rueilavelo.fr\/rav\/wp-json\/wp\/v2\/pages\/4391\/revisions"}],"predecessor-version":[{"id":4895,"href":"https:\/\/rueilavelo.fr\/rav\/wp-json\/wp\/v2\/pages\/4391\/revisions\/4895"}],"wp:attachment":[{"href":"https:\/\/rueilavelo.fr\/rav\/wp-json\/wp\/v2\/media?parent=4391"}],"curies":[{"name":"wp","href":"https:\/\/api.w.org\/{rel}","templated":true}]}}