{"id":48,"date":"2012-02-07T20:07:06","date_gmt":"2012-02-07T20:07:06","guid":{"rendered":"http:\/\/rueilavelo.fr\/rav\/?page_id=48"},"modified":"2025-12-01T11:11:30","modified_gmt":"2025-12-01T10:11:30","slug":"se-deplacer-en-velo","status":"publish","type":"page","link":"https:\/\/rueilavelo.fr\/rav\/se-deplacer-en-velo\/","title":{"rendered":"Se d\u00e9placer en v\u00e9lo"},"content":{"rendered":"<p><a href=\"http:\/\/rueilavelo.fr\/rav\/wp-content\/uploads\/2012\/02\/p1080105.jpg\"><img loading=\"lazy\" decoding=\"async\" class=\"alignright wp-image-120 size-medium\" title=\"P1080105\" src=\"https:\/\/rueilavelo.fr\/rav\/wp-content\/uploads\/2012\/02\/p1080105-300x225.jpg\" alt=\"\" width=\"300\" height=\"225\" srcset=\"https:\/\/rueilavelo.fr\/rav\/wp-content\/uploads\/2012\/02\/p1080105-300x225.jpg 300w, https:\/\/rueilavelo.fr\/rav\/wp-content\/uploads\/2012\/02\/p1080105.jpg 448w\" sizes=\"auto, (max-width: 300px) 100vw, 300px\" \/><\/a><\/p>\n<p><em>Rueil-Malmaison, par son \u00e9tendue et ses espaces verts (bords de Seine, bois de St-Cucufa, coul\u00e9e verte&#8230;), se pr\u00eate particuli\u00e8rement bien aux d\u00e9placements \u00e0 v\u00e9lo.<\/em><\/p>\n<p>Voici quelques infos utiles pour mieux encore en profiter :<\/p>\n<p>&#8211;<strong>\u00a0\u00a0 le parking \u00e0 v\u00e9lo\u00a0 de la Gare RER<\/strong> :<\/p>\n<p>Pour les tarifs, le fonctionnement du parking et les modalit\u00e9s d&rsquo;abonnement, <a href=\"https:\/\/portail.cykleo.fr\/keolis_park_idf\" target=\"_blank\" rel=\"noopener\">cliquez ici<\/a>.<\/p>\n<p>Il y a aussi un petit parc v\u00e9lo municipal avenue de Seine : <a href=\"https:\/\/www.villederueil.fr\/fr\/parkings-velos\" target=\"_blank\" rel=\"noopener\">voir ici<\/a><\/p>\n<p><strong>-Liaison V\u00e9lo Rueil &#8211; La D\u00e9fense<\/strong>. A la demande g\u00e9n\u00e9rale nous avons r\u00e9alis\u00e9 <strong>une petite fiche<\/strong> montrant un itin\u00e9raire plus sympa que de passer par &lsquo;La Boule&rsquo; pour rejoindre l&rsquo;esplanade de La D\u00e9fense depuis le pont de Chatou ou Rueil RER \/ Rueil 2000. Vous pouvez la t\u00e9l\u00e9charger ici <a title=\"v\u00e9lo pont de Chatou vers la D\u00e9fense\" href=\"https:\/\/rueilavelo.fr\/rav\/wp-content\/uploads\/2018\/09\/vc3a9lo-pont-de-chatou-vers-la-dc3a9fense.pdf\">v\u00e9lo pont de Chatou vers la D\u00e9fense<\/a>. Le trajet retour s&rsquo;en d\u00e9duit facilement.<\/p>\n<p>&#8211;<strong> cartes des pentes de Rueil<\/strong> :<\/p>\n<ul>\n<li><a href=\"http:\/\/rueilavelo.fr\/rav\/wp-content\/uploads\/2012\/02\/carte_pentes_rueil3.pdf\">en version A3 imprimable que papier qualit\u00e9 photo<\/a><\/li>\n<li><a href=\"http:\/\/rueilavelo.fr\/rav\/wp-content\/uploads\/2012\/02\/atlas_pentes_rueil.pdf\">en version A4 imprimable sur papier standard<\/a><\/li>\n<\/ul>\n<p>&#8211; <strong>des parcours autour de Rueil<\/strong>\u00a0mis \u00e0 disposition sur le site de l&rsquo;association sportive rueilloise L&rsquo;Abeille Cyclotourisme :\u00a0<a href=\"http:\/\/www.abeille-cyclotourisme.fr\/programmes\/parcours_types_2012.html\" target=\"_blank\" rel=\"noopener\">http:\/\/www.abeille-cyclotourisme.fr\/programmes\/parcours_types_2012.html<\/a><\/p>\n<p>&#8211;<strong>Pour aller un peu plus loin&#8230; <a href=\"https:\/\/geovelo.app\/fr\/route\/?bike-type=own&amp;c=2.014894%2C48.377181&amp;e-bike=false&amp;z=5.98\" target=\"_blank\" rel=\"noopener\">geovelo<\/a> ou <a href=\"https:\/\/www.calculitineraires.fr\/\">https:\/\/www.calculitineraires.fr\/<\/a><\/strong><\/p>\n<p>&#8211;\u00a0<strong>RER A et B, et ligne 1 le dimanche, accessibles avec v\u00e9lo<\/strong><\/p>\n<p>La RATP\u00a0a ouvert\u00a0son r\u00e9seau aux \u00ab\u00a0voyageurs-cyclistes\u00a0\u00bb dans certaines conditions : ils peuvent emprunter\u00a0la ligne 1\u00a0du m\u00e9tro,\u00a0tous les dimanches jusqu&rsquo;\u00e0 16h30. Toutes les stations de cette ligne, y compris les stations de correspondance sont \u00e9quip\u00e9es de portillons qui permettent le passage des bicyclettes (except\u00e9es Louvre &#8211; Rivoli et La D\u00e9fense). Pour l&rsquo;instant, les autres lignes de m\u00e9tro ne sont pas accessibles aux v\u00e9los.<\/p>\n<p>Sur les lignes A et B du RER, le transport des v\u00e9los est autoris\u00e9\u00a0exclusivement\u00a0dans les voitures marqu\u00e9es d&rsquo;un pictogramme \u00ab\u00a0v\u00e9lo\u00a0\u00bb.\u00a0Ces voitures sont situ\u00e9es aux extr\u00e9mit\u00e9s des trains.\u00a0L&rsquo;acc\u00e8s est autoris\u00e9 dans toutes les gares RER.\u00a0Les correspondances entre les lignes RER sont autoris\u00e9es.<\/p>\n<p>Sur ces deux lignes, en semaine vous pouvez voyager avec votre v\u00e9lo\u00a0en dehors des heures de pointe\u00a0(qui sont : 6h30 \/ 9h et 16h30 \/ 19h).\u00a0Aucune restriction horaire les samedis, dimanches et jours f\u00e9ri\u00e9s.<\/p>\n<p>Le voyageur doit effectuer lui-m\u00eame la\u00a0manutention\u00a0et la\u00a0surveillance\u00a0de sa bicyclette. La bicyclette doit obligatoirement \u00eatre\u00a0tenue \u00e0 la main. Attention, pour\u00a0des raisons de s\u00e9curit\u00e9,\u00a0il est\u00a0interdit de circuler \u00e0 v\u00e9lo sur les quais et dans les couloirs.\u00a0Il est \u00e9galement interdit d&#8217;emprunter les escaliers m\u00e9caniques.<\/p>\n<p>&#8211; <strong>cohabitation avec les bus<\/strong><\/p>\n<p>Quelques fiches pratiques propos\u00e9es par la RATP :<a href=\"https:\/\/www.ratp.fr\/services-aux-voyageurs\/services-de-mobilite\/service-velo\" target=\"_blank\" rel=\"noopener\"> ici<\/a><\/p>\n","protected":false},"excerpt":{"rendered":"<p>Rueil-Malmaison, par son \u00e9tendue et ses espaces verts (bords de Seine, bois de St-Cucufa, coul\u00e9e verte&#8230;), se pr\u00eate particuli\u00e8rement bien &hellip; <a href=\"https:\/\/rueilavelo.fr\/rav\/se-deplacer-en-velo\/\" class=\"more-link\">Plus <span class=\"screen-reader-text\">Se d\u00e9placer en v\u00e9lo<\/span> <span class=\"meta-nav\">&rarr;<\/span><\/a><\/p>\n","protected":false},"author":2,"featured_media":0,"parent":0,"menu_order":5,"comment_status":"closed","ping_status":"closed","template":"","meta":{"footnotes":""},"class_list":["post-48","page","type-page","status-publish","hentry"],"_links":{"self":[{"href":"https:\/\/rueilavelo.fr\/rav\/wp-json\/wp\/v2\/pages\/48","targetHints":{"allow":["GET"]}}],"collection":[{"href":"https:\/\/rueilavelo.fr\/rav\/wp-json\/wp\/v2\/pages"}],"about":[{"href":"https:\/\/rueilavelo.fr\/rav\/wp-json\/wp\/v2\/types\/page"}],"author":[{"embeddable":true,"href":"https:\/\/rueilavelo.fr\/rav\/wp-json\/wp\/v2\/users\/2"}],"replies":[{"embeddable":true,"href":"https:\/\/rueilavelo.fr\/rav\/wp-json\/wp\/v2\/comments?post=48"}],"version-history":[{"count":7,"href":"https:\/\/rueilavelo.fr\/rav\/wp-json\/wp\/v2\/pages\/48\/revisions"}],"predecessor-version":[{"id":5378,"href":"https:\/\/rueilavelo.fr\/rav\/wp-json\/wp\/v2\/pages\/48\/revisions\/5378"}],"wp:attachment":[{"href":"https:\/\/rueilavelo.fr\/rav\/wp-json\/wp\/v2\/media?parent=48"}],"curies":[{"name":"wp","href":"https:\/\/api.w.org\/{rel}","templated":true}]}}