{"id":483,"date":"2012-12-02T13:24:40","date_gmt":"2012-12-02T13:24:40","guid":{"rendered":"http:\/\/rueilavelo.fr\/rav\/?page_id=483"},"modified":"2012-12-02T13:24:40","modified_gmt":"2012-12-02T13:24:40","slug":"sortie-du-2-decembre-2012","status":"publish","type":"page","link":"https:\/\/rueilavelo.fr\/rav\/photos\/sortie-du-2-decembre-2012\/","title":{"rendered":"Sortie du 2 d\u00e9cembre 2012"},"content":{"rendered":"<p style=\"text-align:left;\">Une belle sortie, fra\u00eeche mais ensoleill\u00e9e, sur la voie Paris-Londres, d\u00e9sormais totalement am\u00e9nag\u00e9e. 1 avarie \u00e0 d\u00e9plorer, vite r\u00e9par\u00e9e.<\/p>\n<p><img loading=\"lazy\" decoding=\"async\" class=\"alignleft size-medium wp-image-484\" alt=\"P1110049\" src=\"http:\/\/rueilavelo.fr\/rav\/wp-content\/uploads\/2012\/12\/p1110049.jpg?w=300\" width=\"300\" height=\"224\" srcset=\"https:\/\/rueilavelo.fr\/rav\/wp-content\/uploads\/2012\/12\/p1110049.jpg 448w, https:\/\/rueilavelo.fr\/rav\/wp-content\/uploads\/2012\/12\/p1110049-300x225.jpg 300w\" sizes=\"auto, (max-width: 300px) 100vw, 300px\" \/><\/p>\n<p><img loading=\"lazy\" decoding=\"async\" class=\"alignleft size-medium wp-image-485\" alt=\"P1110051\" src=\"http:\/\/rueilavelo.fr\/rav\/wp-content\/uploads\/2012\/12\/p1110051.jpg?w=300\" width=\"300\" height=\"224\" srcset=\"https:\/\/rueilavelo.fr\/rav\/wp-content\/uploads\/2012\/12\/p1110051.jpg 448w, https:\/\/rueilavelo.fr\/rav\/wp-content\/uploads\/2012\/12\/p1110051-300x225.jpg 300w\" sizes=\"auto, (max-width: 300px) 100vw, 300px\" \/><\/p>\n<p><a href=\"http:\/\/rueilavelo.fr\/rav\/photos\/sortie-du-2-decembre-2012\/p1110053\/\" rel=\"attachment wp-att-486\"><img loading=\"lazy\" decoding=\"async\" class=\"alignleft size-medium wp-image-486\" alt=\"P1110053\" src=\"http:\/\/rueilavelo.fr\/rav\/wp-content\/uploads\/2012\/12\/p1110053.jpg?w=300\" width=\"300\" height=\"224\" srcset=\"https:\/\/rueilavelo.fr\/rav\/wp-content\/uploads\/2012\/12\/p1110053.jpg 448w, https:\/\/rueilavelo.fr\/rav\/wp-content\/uploads\/2012\/12\/p1110053-300x225.jpg 300w\" sizes=\"auto, (max-width: 300px) 100vw, 300px\" \/><\/a><\/p>\n<p><a href=\"http:\/\/rueilavelo.fr\/rav\/photos\/sortie-du-2-decembre-2012\/p1110055\/\" rel=\"attachment wp-att-487\"><img loading=\"lazy\" decoding=\"async\" class=\"alignleft size-medium wp-image-487\" alt=\"P1110055\" src=\"http:\/\/rueilavelo.fr\/rav\/wp-content\/uploads\/2012\/12\/p1110055.jpg?w=300\" width=\"300\" height=\"224\" srcset=\"https:\/\/rueilavelo.fr\/rav\/wp-content\/uploads\/2012\/12\/p1110055.jpg 448w, https:\/\/rueilavelo.fr\/rav\/wp-content\/uploads\/2012\/12\/p1110055-300x225.jpg 300w\" sizes=\"auto, (max-width: 300px) 100vw, 300px\" \/><\/a><\/p>\n<p><a href=\"http:\/\/rueilavelo.fr\/rav\/photos\/sortie-du-2-decembre-2012\/p1110058\/\" rel=\"attachment wp-att-488\"><img loading=\"lazy\" decoding=\"async\" class=\"alignleft size-medium wp-image-488\" alt=\"P1110058\" src=\"http:\/\/rueilavelo.fr\/rav\/wp-content\/uploads\/2012\/12\/p1110058.jpg?w=224\" width=\"224\" height=\"300\" srcset=\"https:\/\/rueilavelo.fr\/rav\/wp-content\/uploads\/2012\/12\/p1110058.jpg 336w, https:\/\/rueilavelo.fr\/rav\/wp-content\/uploads\/2012\/12\/p1110058-225x300.jpg 225w\" sizes=\"auto, (max-width: 224px) 100vw, 224px\" \/><\/a><\/p>\n<p><a href=\"http:\/\/rueilavelo.fr\/rav\/photos\/sortie-du-2-decembre-2012\/p1110063\/\" rel=\"attachment wp-att-489\"><img loading=\"lazy\" decoding=\"async\" class=\"alignleft size-medium wp-image-489\" alt=\"P1110063\" src=\"http:\/\/rueilavelo.fr\/rav\/wp-content\/uploads\/2012\/12\/p1110063.jpg?w=224\" width=\"224\" height=\"300\" srcset=\"https:\/\/rueilavelo.fr\/rav\/wp-content\/uploads\/2012\/12\/p1110063.jpg 336w, https:\/\/rueilavelo.fr\/rav\/wp-content\/uploads\/2012\/12\/p1110063-225x300.jpg 225w\" sizes=\"auto, (max-width: 224px) 100vw, 224px\" \/><\/a><\/p>\n<p><img loading=\"lazy\" decoding=\"async\" class=\"alignleft size-medium wp-image-490\" alt=\"P1110066\" src=\"http:\/\/rueilavelo.fr\/rav\/wp-content\/uploads\/2012\/12\/p1110066.jpg?w=300\" width=\"300\" height=\"224\" srcset=\"https:\/\/rueilavelo.fr\/rav\/wp-content\/uploads\/2012\/12\/p1110066.jpg 448w, https:\/\/rueilavelo.fr\/rav\/wp-content\/uploads\/2012\/12\/p1110066-300x225.jpg 300w\" sizes=\"auto, (max-width: 300px) 100vw, 300px\" \/><\/p>\n<p><a href=\"http:\/\/rueilavelo.fr\/rav\/photos\/sortie-du-2-decembre-2012\/p1110067\/\" rel=\"attachment wp-att-491\"><img loading=\"lazy\" decoding=\"async\" class=\"alignleft size-medium wp-image-491\" alt=\"P1110067\" src=\"http:\/\/rueilavelo.fr\/rav\/wp-content\/uploads\/2012\/12\/p1110067.jpg?w=224\" width=\"224\" height=\"300\" srcset=\"https:\/\/rueilavelo.fr\/rav\/wp-content\/uploads\/2012\/12\/p1110067.jpg 336w, https:\/\/rueilavelo.fr\/rav\/wp-content\/uploads\/2012\/12\/p1110067-225x300.jpg 225w\" sizes=\"auto, (max-width: 224px) 100vw, 224px\" \/><\/a><\/p>\n","protected":false},"excerpt":{"rendered":"<p>Une belle sortie, fra\u00eeche mais ensoleill\u00e9e, sur la voie Paris-Londres, d\u00e9sormais totalement am\u00e9nag\u00e9e. 1 avarie \u00e0 d\u00e9plorer, vite r\u00e9par\u00e9e.<\/p>\n","protected":false},"author":2,"featured_media":0,"parent":54,"menu_order":6,"comment_status":"closed","ping_status":"open","template":"","meta":{"footnotes":""},"class_list":["post-483","page","type-page","status-publish","hentry"],"_links":{"self":[{"href":"https:\/\/rueilavelo.fr\/rav\/wp-json\/wp\/v2\/pages\/483","targetHints":{"allow":["GET"]}}],"collection":[{"href":"https:\/\/rueilavelo.fr\/rav\/wp-json\/wp\/v2\/pages"}],"about":[{"href":"https:\/\/rueilavelo.fr\/rav\/wp-json\/wp\/v2\/types\/page"}],"author":[{"embeddable":true,"href":"https:\/\/rueilavelo.fr\/rav\/wp-json\/wp\/v2\/users\/2"}],"replies":[{"embeddable":true,"href":"https:\/\/rueilavelo.fr\/rav\/wp-json\/wp\/v2\/comments?post=483"}],"version-history":[{"count":0,"href":"https:\/\/rueilavelo.fr\/rav\/wp-json\/wp\/v2\/pages\/483\/revisions"}],"up":[{"embeddable":true,"href":"https:\/\/rueilavelo.fr\/rav\/wp-json\/wp\/v2\/pages\/54"}],"wp:attachment":[{"href":"https:\/\/rueilavelo.fr\/rav\/wp-json\/wp\/v2\/media?parent=483"}],"curies":[{"name":"wp","href":"https:\/\/api.w.org\/{rel}","templated":true}]}}