{"id":514,"date":"2013-02-04T09:01:01","date_gmt":"2013-02-04T09:01:01","guid":{"rendered":"http:\/\/rueilavelo.fr\/rav\/?page_id=514"},"modified":"2013-02-04T09:01:01","modified_gmt":"2013-02-04T09:01:01","slug":"sortie-du-3-fevrier-2013","status":"publish","type":"page","link":"https:\/\/rueilavelo.fr\/rav\/photos\/sortie-du-3-fevrier-2013\/","title":{"rendered":"Sortie du 3 f\u00e9vrier 2013"},"content":{"rendered":"<p>Quelques images de ce circuit ensoleill\u00e9 qui nous a emmen\u00e9s jusqu&rsquo;\u00e0 la tour Eiffel.<\/p>\n<p><a href=\"http:\/\/rueilavelo.fr\/rav\/wp-content\/uploads\/2013\/02\/paris-20130203-00285.jpg\"><img loading=\"lazy\" decoding=\"async\" class=\"aligncenter size-medium wp-image-516\" alt=\"Paris-20130203-00285\" src=\"http:\/\/rueilavelo.fr\/rav\/wp-content\/uploads\/2013\/02\/paris-20130203-00285.jpg?w=225\" width=\"225\" height=\"300\" \/><\/a><\/p>\n<p><a style=\"color:#ff4b33;line-height:26.666667938232px;\" href=\"http:\/\/rueilavelo.fr\/rav\/wp-content\/uploads\/2013\/02\/img-20130203-00287.jpg\"><img loading=\"lazy\" decoding=\"async\" class=\"alignleft size-medium wp-image-517\" alt=\"IMG-20130203-00287\" src=\"http:\/\/rueilavelo.fr\/rav\/wp-content\/uploads\/2013\/02\/img-20130203-00287.jpg?w=224\" width=\"224\" height=\"300\" srcset=\"https:\/\/rueilavelo.fr\/rav\/wp-content\/uploads\/2013\/02\/img-20130203-00287.jpg 336w, https:\/\/rueilavelo.fr\/rav\/wp-content\/uploads\/2013\/02\/img-20130203-00287-225x300.jpg 225w\" sizes=\"auto, (max-width: 224px) 100vw, 224px\" \/><\/a><\/p>\n<p><a href=\"http:\/\/rueilavelo.fr\/rav\/wp-content\/uploads\/2013\/02\/paris-20130203-00289.jpg\"><img loading=\"lazy\" decoding=\"async\" class=\"alignright size-medium wp-image-518\" alt=\"Paris-20130203-00289\" src=\"http:\/\/rueilavelo.fr\/rav\/wp-content\/uploads\/2013\/02\/paris-20130203-00289.jpg?w=225\" width=\"225\" height=\"300\" \/><\/a><\/p>\n<p><img loading=\"lazy\" decoding=\"async\" class=\"alignleft size-medium wp-image-519\" alt=\"IMG-20130203-00290\" src=\"http:\/\/rueilavelo.fr\/rav\/wp-content\/uploads\/2013\/02\/img-20130203-00290.jpg?w=224\" width=\"224\" height=\"300\" srcset=\"https:\/\/rueilavelo.fr\/rav\/wp-content\/uploads\/2013\/02\/img-20130203-00290.jpg 336w, https:\/\/rueilavelo.fr\/rav\/wp-content\/uploads\/2013\/02\/img-20130203-00290-225x300.jpg 225w\" sizes=\"auto, (max-width: 224px) 100vw, 224px\" \/><\/p>\n<p><a href=\"http:\/\/rueilavelo.fr\/rav\/wp-content\/uploads\/2013\/02\/img-20130203-00292.jpg\"><img loading=\"lazy\" decoding=\"async\" class=\"alignright size-medium wp-image-520\" alt=\"IMG-20130203-00292\" src=\"http:\/\/rueilavelo.fr\/rav\/wp-content\/uploads\/2013\/02\/img-20130203-00292.jpg?w=224\" width=\"224\" height=\"300\" srcset=\"https:\/\/rueilavelo.fr\/rav\/wp-content\/uploads\/2013\/02\/img-20130203-00292.jpg 336w, https:\/\/rueilavelo.fr\/rav\/wp-content\/uploads\/2013\/02\/img-20130203-00292-225x300.jpg 225w\" sizes=\"auto, (max-width: 224px) 100vw, 224px\" \/><\/a><\/p>\n<p><img loading=\"lazy\" decoding=\"async\" class=\"alignleft size-medium wp-image-521\" alt=\"IMG-20130203-00294\" src=\"http:\/\/rueilavelo.fr\/rav\/wp-content\/uploads\/2013\/02\/img-20130203-00294.jpg?w=224\" width=\"224\" height=\"300\" srcset=\"https:\/\/rueilavelo.fr\/rav\/wp-content\/uploads\/2013\/02\/img-20130203-00294.jpg 336w, https:\/\/rueilavelo.fr\/rav\/wp-content\/uploads\/2013\/02\/img-20130203-00294-225x300.jpg 225w\" sizes=\"auto, (max-width: 224px) 100vw, 224px\" \/><\/p>\n<p><a href=\"http:\/\/rueilavelo.fr\/rav\/wp-content\/uploads\/2013\/02\/img-20130203-00295.jpg\"><img loading=\"lazy\" decoding=\"async\" class=\"aligncenter size-medium wp-image-522\" alt=\"IMG-20130203-00295\" src=\"http:\/\/rueilavelo.fr\/rav\/wp-content\/uploads\/2013\/02\/img-20130203-00295.jpg?w=224\" width=\"224\" height=\"300\" srcset=\"https:\/\/rueilavelo.fr\/rav\/wp-content\/uploads\/2013\/02\/img-20130203-00295.jpg 336w, https:\/\/rueilavelo.fr\/rav\/wp-content\/uploads\/2013\/02\/img-20130203-00295-225x300.jpg 225w\" sizes=\"auto, (max-width: 224px) 100vw, 224px\" \/><\/a><\/p>\n","protected":false},"excerpt":{"rendered":"<p>Quelques images de ce circuit ensoleill\u00e9 qui nous a emmen\u00e9s jusqu&rsquo;\u00e0 la tour Eiffel.<\/p>\n","protected":false},"author":2,"featured_media":0,"parent":54,"menu_order":1,"comment_status":"closed","ping_status":"open","template":"","meta":{"footnotes":""},"class_list":["post-514","page","type-page","status-publish","hentry"],"_links":{"self":[{"href":"https:\/\/rueilavelo.fr\/rav\/wp-json\/wp\/v2\/pages\/514","targetHints":{"allow":["GET"]}}],"collection":[{"href":"https:\/\/rueilavelo.fr\/rav\/wp-json\/wp\/v2\/pages"}],"about":[{"href":"https:\/\/rueilavelo.fr\/rav\/wp-json\/wp\/v2\/types\/page"}],"author":[{"embeddable":true,"href":"https:\/\/rueilavelo.fr\/rav\/wp-json\/wp\/v2\/users\/2"}],"replies":[{"embeddable":true,"href":"https:\/\/rueilavelo.fr\/rav\/wp-json\/wp\/v2\/comments?post=514"}],"version-history":[{"count":0,"href":"https:\/\/rueilavelo.fr\/rav\/wp-json\/wp\/v2\/pages\/514\/revisions"}],"up":[{"embeddable":true,"href":"https:\/\/rueilavelo.fr\/rav\/wp-json\/wp\/v2\/pages\/54"}],"wp:attachment":[{"href":"https:\/\/rueilavelo.fr\/rav\/wp-json\/wp\/v2\/media?parent=514"}],"curies":[{"name":"wp","href":"https:\/\/api.w.org\/{rel}","templated":true}]}}