{"id":52,"date":"2012-02-07T20:08:22","date_gmt":"2012-02-07T20:08:22","guid":{"rendered":"http:\/\/rueilavelo.fr\/rav\/?page_id=52"},"modified":"2012-02-07T20:08:22","modified_gmt":"2012-02-07T20:08:22","slug":"liens-utiles","status":"publish","type":"page","link":"https:\/\/rueilavelo.fr\/rav\/liens-utiles\/","title":{"rendered":"Liens utiles"},"content":{"rendered":"\n<p><em>Vous trouverez de nombreuses informations et ressources sur les sites web suivants :<\/em><\/p>\n\n\n\n<p>Le&nbsp;<strong>plan des am\u00e9nagements cyclables de la ville de Rueil<\/strong>&nbsp;et les&nbsp;<strong>temps de parcours moyens \u00e0 v\u00e9lo<\/strong>&nbsp;sur les principaux axes dans Rueil :&nbsp;&nbsp;<a href=\"https:\/\/www.villederueil.fr\/fr\/voies-cyclables\" target=\"_blank\" rel=\"noreferrer noopener\">https:\/\/www.villederueil.fr\/fr\/voies-cyclables<\/a><\/p>\n\n\n\n<p>Le <strong>plan des acc\u00e8s<\/strong> et des <strong>stationnements<\/strong> dans le quartier de <strong>La D\u00e9fense<\/strong> : <a href=\"https:\/\/www.parisladefense.com\/fr\/infos-pratiques\/acces\/velo\/plan-circulation\">https:\/\/www.parisladefense.com\/fr\/infos-pratiques\/acces\/velo\/plan-circulation<\/a><\/p>\n\n\n\n<p>Les <strong>plans v\u00e9lo<\/strong> :  du <a href=\"https:\/\/www.hauts-de-seine.fr\/mon-departement\/les-hauts-de-seine\/missions-et-actions\/transport-voirie\/circulations-douces\/un-plan-velo\" target=\"_blank\" rel=\"noreferrer noopener\">d\u00e9partement 92<\/a> (2022-2028), de la <a href=\"https:\/\/www.metropolegrandparis.fr\/fr\/plan-velo-metropolitain\">M\u00e9tropole du Grand Paris<\/a>  (2021), de la R\u00e9gion Ile de France (<a href=\"https:\/\/rerv.fr\/\" target=\"_blank\" rel=\"noreferrer noopener\">r\u00e9seau V\u00e9lo Ile de France<\/a> et les <a href=\"https:\/\/velo.smartidf.services\/\" target=\"_blank\" rel=\"noreferrer noopener\">services v\u00e9lo en Ile de France<\/a>).<\/p>\n\n\n\n<p><strong><em>Les associations v\u00e9lo Paris et banlieue:<\/em><\/strong><\/p>\n\n\n\n<p>\u2013&nbsp;<strong>La F\u00e9d\u00e9ration nationale des associations d\u2019Usagers de la Bicyclette (FUB)<\/strong>&nbsp;:&nbsp;<a href=\"http:\/\/www.fub.fr\/\" target=\"_blank\" rel=\"noreferrer noopener\">http:\/\/www.fub.fr<\/a><\/p>\n\n\n\n<p>\u2013&nbsp;<strong>Paris en Selle<\/strong>&nbsp;:&nbsp;<a href=\"https:\/\/parisenselle.fr\/\" target=\"_blank\" rel=\"noreferrer noopener\">https:\/\/parisenselle.fr\/<\/a><\/p>\n\n\n\n<p>\u2013<strong>&nbsp;MDB<\/strong>&nbsp;-Mieux se D\u00e9placer \u00e0 Bicyclette, tout sur le v\u00e9lo au quotidien en Ile de France:&nbsp;<a href=\"http:\/\/www.mdb-idf.org\/\" target=\"_blank\" rel=\"noreferrer noopener\">http:\/\/www.mdb-idf.org<\/a><\/p>\n\n\n\n<p>\u2013 Le&nbsp;<strong>Collectif V\u00e9lo Ile de France<\/strong>&nbsp;:&nbsp;<a href=\"https:\/\/www.facebook.com\/CollectifVeloIdF\/\" target=\"_blank\" rel=\"noreferrer noopener\">Facebook CollectifVeloIdF ,<\/a>&nbsp;site&nbsp;<a href=\"https:\/\/velo-iledefrance.fr\/\" target=\"_blank\" rel=\"noreferrer noopener\">https:\/\/velo-iledefrance.fr\/<\/a><\/p>\n\n\n\n<p>\u2013 L\u2019association sportive rueilloise<strong>&nbsp;L\u2019Abeille Cyclotourisme<\/strong>&nbsp;qui publie notamment des itin\u00e9raires :&nbsp;<a href=\"http:\/\/www.abeille-cyclotourisme.fr\/index.htm\" target=\"_blank\" rel=\"noreferrer noopener\">http:\/\/www.abeille-cyclotourisme.fr\/index.htm<\/a><\/p>\n\n\n\n<p>\u2013&nbsp;<strong>V\u00e9lofun<\/strong>, le site du v\u00e9lo plaisir :&nbsp;<a href=\"http:\/\/www.velofun.fr\/\" target=\"_blank\" rel=\"noreferrer noopener\">http:\/\/www.velofun.fr\/<\/a><\/p>\n\n\n\n<p>\u2013&nbsp;<strong>V\u00e9lorution<\/strong>&nbsp;:&nbsp;<a href=\"http:\/\/www.velorution.org\/\" target=\"_blank\" rel=\"noreferrer noopener\">http:\/\/www.velorution.org\/<\/a><\/p>\n\n\n\n<p><em><strong>Les associations des communes voisines:<\/strong><\/em><\/p>\n\n\n\n<p>\u2013 Nos voisins des&nbsp;<strong>Yvelines<\/strong>&nbsp;:&nbsp;&nbsp;<a href=\"http:\/\/www.reseauvelo78.org\/\" target=\"_blank\" rel=\"noreferrer noopener\">http:\/\/www.reseauvelo78.org\/<\/a><\/p>\n\n\n\n<p>\u2013 La Rustine \u00e0&nbsp; Nanterre :&nbsp;<a href=\"https:\/\/larustinedenanterre.fr\/\" target=\"_blank\" rel=\"noreferrer noopener\">https:\/\/larustinedenanterre.fr\/<\/a><\/p>\n\n\n\n<p>\u2013 Collectif v\u00e9lo Nanterre :&nbsp;<a href=\"https:\/\/www.facebook.com\/velonanterre\/\" target=\"_blank\" rel=\"noreferrer noopener\">https:\/\/www.facebook.com\/velonanterre\/<\/a><\/p>\n\n\n\n<p>\u2013 Saint-Cloud \u00e0 V\u00e9lo :&nbsp;<a href=\"https:\/\/www.saint-cloud-a-velo.fr\/\" target=\"_blank\" rel=\"noreferrer noopener\">https:\/\/www.saint-cloud-a-velo.fr\/<\/a><\/p>\n\n\n\n<p>\u2013 Cyclonade \u00e0 Suresnes :&nbsp;<a href=\"https:\/\/sites.google.com\/view\/cyclonade\" target=\"_blank\" rel=\"noreferrer noopener\">https:\/\/sites.google.com\/view\/cyclonade<\/a><\/p>\n\n\n\n<p>\u2013 Le futur RER V (V\u00e9lo) en cours de mise en place avec la r\u00e9gion IDF :&nbsp;<a href=\"https:\/\/rerv.fr\/\" target=\"_blank\" rel=\"noreferrer noopener\">https:\/\/rerv.fr\/<\/a><\/p>\n\n\n\n<p><em><strong>Infos V\u00e9lo-\u00e9cole:<\/strong><\/em><\/p>\n\n\n\n<p>Adulte ou enfant, vous souhaitez apprendre \u00e0 faire du v\u00e9lo ou prendre de l\u2019assurance pour circuler \u00e0 v\u00e9lo en ville, les v\u00e9lo-\u00e9coles sont l\u00e0 pour vous.<\/p>\n\n\n\n<p>La liste des v\u00e9lo-\u00e9coles du 92 est disponible&nbsp;<a href=\"https:\/\/mdb-idf.org\/velo-ecoles\" target=\"_blank\" rel=\"noreferrer noopener\">ici<\/a>.<\/p>\n\n\n\n<p><em><strong>Infos r\u00e9paration v\u00e9lo:<\/strong><\/em><\/p>\n\n\n\n<p>\u2013&nbsp;<strong>Fiches pratiques de d\u00e9pannage v\u00e9lo<\/strong>&nbsp;:&nbsp;<a href=\"http:\/\/velo-reparation.fr\/\" target=\"_blank\" rel=\"noreferrer noopener\">http:\/\/velo-reparation.fr\/<\/a><\/p>\n\n\n\n<p>\u2013&nbsp;<strong>Ateliers v\u00e9lo<\/strong>&nbsp;(remise en \u00e9tat des v\u00e9los en fin de vie et apprentissage):<\/p>\n\n\n\n<p><a href=\"http:\/\/www.heureux-cyclage.org\/\" target=\"_blank\" rel=\"noreferrer noopener\">http:\/\/www.heureux-cyclage.org\/<\/a><\/p>\n\n\n\n<p><a href=\"http:\/\/www.rayon-vert.org\/\">http:\/\/www.rayon-vert.org\/<\/a><\/p>\n\n\n\n<p><a href=\"http:\/\/www.bicyclaide.coop\/\">http:\/\/www.bicyclaide.coop\/<\/a><\/p>\n\n\n\n<p><em><strong>\u2013 Ateliers auto-r\u00e9paration:<\/strong><\/em><\/p>\n\n\n\n<p>La Rustine de Nanterre en partenariat avec La Ressourcerie Le Cercle :<a href=\"http:\/\/larustinedenanterre.fr\/ateliers-auto-reparation\/\" target=\"_blank\" rel=\"noreferrer noopener\">&nbsp;larustinedenanterre.fr\/ateliers-auto-reparation\/<\/a><\/p>\n\n\n\n<p>La Ressourcerie partag\u00e9e de Rueil en collaboration avec Rueil \u00e0 V\u00e9lo :&nbsp;<a href=\"https:\/\/www.facebook.com\/LeCercle.ressourcerie\/\" target=\"_blank\" rel=\"noreferrer noopener\">https:\/\/www.facebook.com\/LeCercle.ressourcerie\/<\/a><\/p>\n\n\n\n<p>\u2013&nbsp;<strong>Des accessoires v\u00e9lo styl\u00e9s<\/strong>&nbsp;propos\u00e9s par notre adh\u00e9rente Zhira :&nbsp;<a href=\"https:\/\/www.badawin.fr\/\">https:\/\/www.badawin.fr\/<\/a>&nbsp;;&nbsp;<strong>r\u00e9duction de 20%<\/strong>&nbsp;sur tout le site pour les amis de Rueil A V\u00e9lo avec le code BADAWINNEW2022 lors de la validation du panier !<\/p>\n\n\n\n<p>\u2013 Les&nbsp;<strong>tests d\u2019\u00e9clairage v\u00e9lo<\/strong>&nbsp;avant\/arri\u00e8re r\u00e9alis\u00e9s par la FUB:&nbsp;<a href=\"https:\/\/www.fub.fr\/tests-eclairages\">https:\/\/<\/a><a href=\"https:\/\/www.fub.fr\/tests-eclairages\" target=\"_blank\" rel=\"noreferrer noopener\">www<\/a><a href=\"https:\/\/www.fub.fr\/tests-eclairages\">.fub.fr\/tests-eclairages<\/a><\/p>\n\n\n\n<p><\/p>\n\n\n\n<p>\u2013&nbsp;<strong>Une page perso de notre coll\u00e8gue Pierre avec une mine d\u2019infos sur le v\u00e9lo de ville, les anti vols, les am\u00e9nagements cyclables<\/strong>,&nbsp; \u2026 :&nbsp;<a href=\"http:\/\/rouzeau.net\/VeloDeVille\/VeloDeVille\">http:\/\/rouzeau.net\/VeloDeVille\/VeloDeVille<\/a><\/p>\n\n\n\n<p>\u2013&nbsp;<strong>Annuaire des points de vente de v\u00e9los \u00e9lectriques<\/strong>&nbsp;:&nbsp;<a href=\"http:\/\/cyclurba.fr\/annuaire\/7\/Velos-avec-assistance-electrique.html\" target=\"_blank\" rel=\"noreferrer noopener\">http:\/\/cyclurba.fr\/annuaire\/7\/Velos-avec-assistance-electrique.html<\/a><\/p>\n\n\n\n<p>\u2013&nbsp;<strong>Boutiques&nbsp;<\/strong>qui vous accueilleront avec plaisir (voir les r\u00e9ductions consenties aux adh\u00e9rents de Rueil A V\u00e9lo \u00e0 la page \u2018<a href=\"https:\/\/rueilavelo.fr\/rav\/comment-adherer\/\">comment adh\u00e9rer<\/a>\u2018)<strong>&nbsp;:&nbsp;<a href=\"https:\/\/www.veloconseils.com\/\" target=\"_blank\" rel=\"noreferrer noopener\">Veloconseils Rueil<\/a>&nbsp;&nbsp; ou&nbsp;<a href=\"http:\/\/www.lbvelo.fr\/\" target=\"_blank\" rel=\"noreferrer noopener\">Boutique V\u00e9lo Port Marly<\/a><\/strong><\/p>\n\n\n\n<p><\/p>\n\n\n\n<p><\/p>\n","protected":false},"excerpt":{"rendered":"<p>Vous trouverez de nombreuses informations et ressources sur les sites web suivants : Le&nbsp;plan des am\u00e9nagements cyclables de la ville &hellip; <a href=\"https:\/\/rueilavelo.fr\/rav\/liens-utiles\/\" class=\"more-link\">Plus <span class=\"screen-reader-text\">Liens utiles<\/span> <span class=\"meta-nav\">&rarr;<\/span><\/a><\/p>\n","protected":false},"author":2,"featured_media":0,"parent":0,"menu_order":9,"comment_status":"closed","ping_status":"closed","template":"","meta":{"footnotes":""},"class_list":["post-52","page","type-page","status-publish","hentry"],"_links":{"self":[{"href":"https:\/\/rueilavelo.fr\/rav\/wp-json\/wp\/v2\/pages\/52","targetHints":{"allow":["GET"]}}],"collection":[{"href":"https:\/\/rueilavelo.fr\/rav\/wp-json\/wp\/v2\/pages"}],"about":[{"href":"https:\/\/rueilavelo.fr\/rav\/wp-json\/wp\/v2\/types\/page"}],"author":[{"embeddable":true,"href":"https:\/\/rueilavelo.fr\/rav\/wp-json\/wp\/v2\/users\/2"}],"replies":[{"embeddable":true,"href":"https:\/\/rueilavelo.fr\/rav\/wp-json\/wp\/v2\/comments?post=52"}],"version-history":[{"count":0,"href":"https:\/\/rueilavelo.fr\/rav\/wp-json\/wp\/v2\/pages\/52\/revisions"}],"wp:attachment":[{"href":"https:\/\/rueilavelo.fr\/rav\/wp-json\/wp\/v2\/media?parent=52"}],"curies":[{"name":"wp","href":"https:\/\/api.w.org\/{rel}","templated":true}]}}