{"id":54,"date":"2012-02-07T20:08:45","date_gmt":"2012-02-07T20:08:45","guid":{"rendered":"http:\/\/rueilavelo.fr\/rav\/?page_id=54"},"modified":"2025-12-01T11:44:42","modified_gmt":"2025-12-01T10:44:42","slug":"photos","status":"publish","type":"page","link":"https:\/\/rueilavelo.fr\/rav\/photos\/","title":{"rendered":"Photos"},"content":{"rendered":"<p>Retrouvez des souvenirs de quelques belles escapades vertes ou urbaines, toujours dans la bonne humeur et tr\u00e8s souvent sous le soleil !<\/p>\n<p>Les reportages sur les sorties r\u00e9centes sont maintenant directement en articles sous l&rsquo;accueil : <a href=\"https:\/\/rueilavelo.fr\/rav\/\">ici<\/a><\/p>\n<p><strong>Ann\u00e9e 2020 :<\/strong><br \/>&#8211; <a href=\"https:\/\/rueilavelo.fr\/rav\/photos\/sorties-2020\/5-janvier-2020\/\">Sortie Janvier 2020<\/a><br \/><strong>Ann\u00e9e 2019 :<\/strong><br \/>&#8211; <a href=\"https:\/\/rueilavelo.fr\/rav\/photos\/sorties-2019\/4-aout-2019\/\">Sortie 4 Aout 2019<\/a><br \/>&#8211; <a href=\"https:\/\/rueilavelo.fr\/rav\/photos\/sorties-2019\/2-juin-2019-convergence-francilienne\/\">Sortie 2 Juin 2019 la convergence francilienne<\/a><br \/>&#8211; <a href=\"https:\/\/rueilavelo.fr\/rav\/photos\/sorties-2019\/5-mai-2019\/\">Sortie 5 Mai 2019<\/a><br \/>&#8211; <a href=\"https:\/\/rueilavelo.fr\/rav\/photos\/sorties-2019\/7-avril-2019\/\">Sortie 7 Avril 2019 <\/a><br \/>&#8211; <a href=\"https:\/\/rueilavelo.fr\/rav\/photos\/sorties-2019\/mars-2019\/\">Sortie Mars 2019<\/a><br \/>&#8211; <a href=\"https:\/\/rueilavelo.fr\/rav\/photos\/sorties-2019\/6-janvier-2019\/\">Sortie 6 Janvier 2019<\/a><br \/><strong>Ann\u00e9e 2018 :<\/strong><br \/>&#8211; <a href=\"https:\/\/rueilavelo.fr\/rav\/photos\/sorties-2018\/novembre-2018\/\">Sortie Novembre 2018<\/a><br \/>&#8211; <a href=\"https:\/\/rueilavelo.fr\/rav\/photos\/sorties-2018\/octobre-2018\/\">Sortie Octobre 2018<\/a><br \/>&#8211; <a href=\"https:\/\/rueilavelo.fr\/rav\/aout-2018\/\">Sortie Ao\u00fbt 2018<\/a><br \/>&#8211; <a href=\"https:\/\/rueilavelo.fr\/rav\/photos\/sorties-2018\/1er-juillet-2018\/\">Sortie Juillet 2018<\/a><br \/>&#8211; <a href=\"https:\/\/rueilavelo.fr\/rav\/photos\/sorties-2018\/les-photos-de-la-convergence-2018\/\">Sortie Juin 2018<\/a><br \/>&#8211; <a href=\"https:\/\/rueilavelo.fr\/rav\/photos\/sorties-2018\/sortie-exceptionnelle-du-8-mai-2018\/\">Sortie 8 Mai 2018 : Sortie exceptionnelle<\/a><br \/>&#8211; <a href=\"https:\/\/rueilavelo.fr\/rav\/photos\/sorties-2018\/mai-2018\/\">Sortie Mai 2018<\/a><br \/>&#8211; <a href=\"https:\/\/rueilavelo.fr\/rav\/photos\/sorties-2018\/avril-2018\/\">Sortie Avril 2018<\/a><br \/>&#8211; <a href=\"https:\/\/rueilavelo.fr\/rav\/photos\/sorties-2018\/mars-2018\/\">Sortie Mars 2018<\/a><br \/>&#8211; <a href=\"https:\/\/rueilavelo.fr\/rav\/photos\/sorties-2018\/fevrier-2018\/\">Sortie F\u00e9vrier 2018<\/a><br \/>&#8211; <a href=\"https:\/\/rueilavelo.fr\/rav\/janvier-2018\/\">Sortie Janvier 2018<\/a><br \/><strong>Ann\u00e9e 2017 :<\/strong><br \/>&#8211; <a href=\"https:\/\/rueilavelo.fr\/rav\/photos\/sorties-2017\/novembre-2017\/\">Sortie Novembre 2017<\/a><br \/>&#8211; <a href=\"https:\/\/rueilavelo.fr\/rav\/photos\/sorties-2017\/octobre-2017\/\">Sortie Octobre 2017<\/a><br \/>&#8211; <a href=\"https:\/\/rueilavelo.fr\/rav\/photos\/sorties-2017\/septembre-2017\/\">Sortie Septembre 2017<\/a><br \/>&#8211; <a href=\"https:\/\/rueilavelo.fr\/rav\/photos\/sorties-2017\/juillet-2017\/\">Sortie Juillet 2017<\/a><br \/>&#8211; <a href=\"https:\/\/rueilavelo.fr\/rav\/photos\/sorties-2017\/juin-2017-la-convergence\/\">Sortie Juin 2017<\/a><br \/>&#8211; <a href=\"https:\/\/rueilavelo.fr\/rav\/photos\/sorties-2017\/avril-2017\/\">Sortie Avril 2017<\/a><br \/>&#8211; <a href=\"https:\/\/rueilavelo.fr\/rav\/photos\/sorties-2017\/fevrier-2017\/\">Sortie F\u00e9vrier 2017<\/a><br \/>&#8211; <a href=\"https:\/\/rueilavelo.fr\/rav\/photos\/sorties-2017\/1er-janvier-2017\/\">Sortie Janvier 2017<\/a><br \/><strong>Ann\u00e9e 2016 :<br \/><\/strong>&#8211; <a href=\"https:\/\/rueilavelo.fr\/rav\/photos\/sorties-2016\/4-decembre-2016\/\">Sortie D\u00e9cembre 2016<\/a><br \/>&#8211; <a href=\"https:\/\/rueilavelo.fr\/rav\/photos\/sorties-2016\/6-novembre-2016\/\">Sortie Novembre 2016<\/a><br \/>&#8211; <a href=\"https:\/\/rueilavelo.fr\/rav\/photos\/sorties-2016\/octobre-2016\/\">Sortie Octobre 2016<\/a><br \/>&#8211; <a href=\"https:\/\/rueilavelo.fr\/rav\/photos\/sorties-2016\/4-septembre-2016\/\">Sortie Septembre 2016<\/a><br \/>&#8211; <a href=\"https:\/\/rueilavelo.fr\/rav\/2016\/06\/27\/sortie-juillet-2016\/\">Sortie Juillet 2016<\/a><br \/>&#8211; <a href=\"https:\/\/rueilavelo.fr\/rav\/photos\/sorties-2016\/5-juin-2016\/\">Sortie Juin 2016<\/a><br \/>&#8211; <a href=\"https:\/\/rueilavelo.fr\/rav\/photos\/sorties-2016\/1er-mai-2016\/\">Sortie Mai 2016<\/a><br \/>&#8211; <a href=\"https:\/\/rueilavelo.fr\/rav\/photos\/sorties-2016\/3-avril-2016\/\">Sortie Avril 2016<\/a><br \/>&#8211; <a href=\"https:\/\/rueilavelo.fr\/rav\/photos\/sorties-2016\/6-mars-2016\/\">Sortie Mars 2016<\/a><br \/>&#8211; <a href=\"https:\/\/rueilavelo.fr\/rav\/3-janvier-2016\/\">Sortie Janvier 2016<\/a><br \/><strong>Ann\u00e9e 2015 :<\/strong><br \/>&#8211; <a href=\"https:\/\/rueilavelo.fr\/rav\/photos\/sorties-2015\/sortie-decembre-2015\/\">Sortie de D\u00e9cembre 2015<\/a><br \/>&#8211; <a href=\"https:\/\/rueilavelo.fr\/rav\/photos\/sorties-2015\/sortie-novembre-2015\/\">Sortie de Novembre 2015<\/a><br \/>&#8211; <a href=\"https:\/\/rueilavelo.fr\/rav\/photos\/sorties-2015\/sortie-octobre-2015\/\">Sortie d&rsquo;Octobre 2015<\/a><br \/>&#8211; <a href=\"https:\/\/rueilavelo.fr\/rav\/photos\/sorties-2015\/sortie-septembre-2015\/\">Sortie de Septembre 2015<\/a><br \/>&#8211; <a href=\"https:\/\/rueilavelo.fr\/rav\/photos\/sorties-2015\/sortie-juin-2015-la-convergence-francilienne\/\">Sortie de juin 2015<\/a> <br \/>&#8211; <a href=\"https:\/\/rueilavelo.fr\/rav\/photos\/sorties-2015\/sortie-avril-2015\/\">Sortie d&rsquo;avril 2015<\/a><br \/>&#8211; <a href=\"https:\/\/rueilavelo.fr\/rav\/photos\/sorties-2015\/sortie-du-4-janvier-2015\/\">Sortie du 4 janvier 2015<\/a><br \/><strong>Ann\u00e9e 2014 :<br \/><\/strong>&#8211; <a href=\"https:\/\/rueilavelo.fr\/rav\/photos\/sorties-2014\/sortie-7-decembre-2014\/\">Sortie du 7 d\u00e9cembre 2014<\/a><br \/>&#8211; <a href=\"https:\/\/rueilavelo.fr\/rav\/photos\/sorties-2014\/sortie-novembre-2014\/\">Sortie du 2 novembre 2014<\/a><br \/>&#8211; <a href=\"https:\/\/rueilavelo.fr\/rav\/photos\/sorties-2014\/sortie-octobre-2014\/\">Sortie du 5 octobre 2014<\/a><br \/>&#8211; <a href=\"https:\/\/rueilavelo.fr\/rav\/photos\/sorties-2014\/sortie-du-7-septembre-2014\/\">Sortie du 7 septembre 2014<\/a><br \/>&#8211; <a href=\"https:\/\/rueilavelo.fr\/rav\/2014\/04\/07\/sortie-pique-nique-a-versailles-le-18-mai\/\">Sortie pique-nique \u00e0 Versailles le 18 mai 2014<\/a><br \/>&#8211; <a href=\"https:\/\/rueilavelo.fr\/rav\/photos\/sorties-2014\/sortie-du-6-mai-2014\/\">Sortie du 4 mai 2014<\/a><br \/>&#8211; <a href=\"https:\/\/rueilavelo.fr\/rav\/photos\/sorties-2014\/sortie-du-6-avril\/\">Sortie du 6 avril 2014<\/a><br \/>&#8211; <a href=\"https:\/\/rueilavelo.fr\/rav\/photos\/sorties-2014\/sortie-du-2-mars-2014\/\">Sortie du 2 mars 2014<\/a><br \/>&#8211; <a href=\"https:\/\/rueilavelo.fr\/rav\/photos\/sorties-2014\/sortie-du-2-fev-2014\/\">Sortie du 2 f\u00e9vrier 2014<\/a><br \/><strong>Ann\u00e9e 2013 :<\/strong><br \/>&#8211; <a href=\"https:\/\/rueilavelo.fr\/rav\/photos\/sorties-2013\/sortie-du-3-nov-2013\/\">Sortie du 3 novembre 2013<\/a><br \/>&#8211; <a href=\"https:\/\/rueilavelo.fr\/rav\/photos\/sorties-2013\/sortie-du-1er-sept-2013\/\">Sortie du 1er septembre 2013<\/a><br \/>&#8211; <a href=\"https:\/\/rueilavelo.fr\/rav\/photos\/sorties-2013\/sortie-du-5-mai-2013\/\">Sortie du 5 mai 2013<\/a><br \/>&#8211; <a href=\"https:\/\/rueilavelo.fr\/rav\/photos\/bourse-aux-velos-2013\/\">Bourse aux v\u00e9los 2013<\/a><br \/>&#8211; <a href=\"https:\/\/rueilavelo.fr\/rav\/photos\/sorties-2013\/sortie-du-3-mars-2013\/\">Sortie du 3 mars 2013<\/a><br \/>&#8211; <a href=\"https:\/\/rueilavelo.fr\/rav\/photos\/sorties-2013\/sortie-du-10-fevrier-2013\/\">Sortie du 10 f\u00e9vrier 2013 avec R\u00e9seau V\u00e9lo 78 et MDB Bezons-Argenteuil<\/a><br \/>&#8211; <a href=\"https:\/\/rueilavelo.fr\/rav\/photos\/sorties-2013\/sortie-du-3-fevrier-2013\/\">Sortie du 3 f\u00e9vrier 2013<\/a><br \/><strong>Ann\u00e9e 2012 :<\/strong><br \/>&#8211; <a href=\"https:\/\/rueilavelo.fr\/rav\/photos\/sorties-2012\/sortie-du-2-decembre-2012\/\">Sortie du 2 d\u00e9cembre 2012<\/a><br \/>&#8211; <a href=\"https:\/\/rueilavelo.fr\/rav\/photos\/sorties-2012\/sortie-du-7-octobre-2012\/\">Sortie du 7 octobre 2012<\/a><br \/>&#8211; <a href=\"https:\/\/rueilavelo.fr\/rav\/photos\/sorties-2012\/sortie-du-2-septembre-2012\/\">Sortie du 2 septembre 2012<\/a><br \/>&#8211; <a href=\"https:\/\/rueilavelo.fr\/rav\/photos\/sorties-2012\/sortie-du-3-juin-2012\/\">Sortie du 3 juin 2012<\/a><br \/>&#8211; <a href=\"https:\/\/rueilavelo.fr\/rav\/photos\/sorties-2012\/sortie-du-6-mai-2012\/\">Sortie du 6 mai 2012<\/a><br \/>&#8211; <a href=\"https:\/\/rueilavelo.fr\/rav\/evenements-2\/evenements\/\">Bourse aux V\u00e9los 2012<\/a><br \/>&#8211; <a href=\"https:\/\/rueilavelo.fr\/rav\/photos\/sorties-2012\/sortie-du-4-mars-2012\/\">Sortie du 4 mars 2012<\/a><br \/>&#8211; <a href=\"https:\/\/rueilavelo.fr\/rav\/photos\/sorties-2012\/sortie-du-5-fevrier-2012\/\">Sortie du 5 f\u00e9vrier 2012<\/a><br \/><strong>Ann\u00e9e 2011 :<br \/><\/strong>&#8211; <a href=\"https:\/\/rueilavelo.fr\/rav\/photos\/sortie-du-6-octobre-2011\/\">Sortie du 6 octobre 2011<\/a><br \/><strong>Ann\u00e9e 2010 :<\/strong><br \/>&#8211; <a href=\"https:\/\/rueilavelo.fr\/rav\/photos\/sorties-2010\/\">Sorties 2010<\/a><\/p>\n\n\n<p><\/p>\n","protected":false},"excerpt":{"rendered":"<p>Retrouvez des souvenirs de quelques belles escapades vertes ou urbaines, toujours dans la bonne humeur et tr\u00e8s souvent sous le &hellip; <a href=\"https:\/\/rueilavelo.fr\/rav\/photos\/\" class=\"more-link\">Plus <span class=\"screen-reader-text\">Photos<\/span> <span class=\"meta-nav\">&rarr;<\/span><\/a><\/p>\n","protected":false},"author":2,"featured_media":0,"parent":0,"menu_order":18,"comment_status":"closed","ping_status":"closed","template":"","meta":{"footnotes":""},"class_list":["post-54","page","type-page","status-publish","hentry"],"_links":{"self":[{"href":"https:\/\/rueilavelo.fr\/rav\/wp-json\/wp\/v2\/pages\/54","targetHints":{"allow":["GET"]}}],"collection":[{"href":"https:\/\/rueilavelo.fr\/rav\/wp-json\/wp\/v2\/pages"}],"about":[{"href":"https:\/\/rueilavelo.fr\/rav\/wp-json\/wp\/v2\/types\/page"}],"author":[{"embeddable":true,"href":"https:\/\/rueilavelo.fr\/rav\/wp-json\/wp\/v2\/users\/2"}],"replies":[{"embeddable":true,"href":"https:\/\/rueilavelo.fr\/rav\/wp-json\/wp\/v2\/comments?post=54"}],"version-history":[{"count":3,"href":"https:\/\/rueilavelo.fr\/rav\/wp-json\/wp\/v2\/pages\/54\/revisions"}],"predecessor-version":[{"id":5147,"href":"https:\/\/rueilavelo.fr\/rav\/wp-json\/wp\/v2\/pages\/54\/revisions\/5147"}],"wp:attachment":[{"href":"https:\/\/rueilavelo.fr\/rav\/wp-json\/wp\/v2\/media?parent=54"}],"curies":[{"name":"wp","href":"https:\/\/api.w.org\/{rel}","templated":true}]}}