{"id":545,"date":"2013-02-10T17:09:19","date_gmt":"2013-02-10T17:09:19","guid":{"rendered":"http:\/\/rueilavelo.fr\/rav\/?page_id=545"},"modified":"2013-02-10T17:09:19","modified_gmt":"2013-02-10T17:09:19","slug":"sortie-du-10-fevrier-2013","status":"publish","type":"page","link":"https:\/\/rueilavelo.fr\/rav\/photos\/sortie-du-10-fevrier-2013\/","title":{"rendered":"Sortie du 10 f\u00e9vrier 2013"},"content":{"rendered":"<p>Exceptionnellement, Rueil \u00e0 V\u00e9lo a particip\u00e9 \u00e0 une sortie organis\u00e9e par R\u00e9seau V\u00e9lo 78 et MDB Bezons-Argenteuil, qui nous a men\u00e9s jusqu&rsquo;au Pont d&rsquo;Epinay.<\/p>\n<p style=\"text-align:center;\"><a href=\"http:\/\/rueilavelo.fr\/rav\/wp-content\/uploads\/2013\/02\/p1110188.jpg\"><img loading=\"lazy\" decoding=\"async\" class=\"aligncenter  wp-image-546\" alt=\"P1110188\" src=\"http:\/\/rueilavelo.fr\/rav\/wp-content\/uploads\/2013\/02\/p1110188.jpg?w=300\" width=\"250\" height=\"186\" \/><\/a><\/p>\n<p><a href=\"http:\/\/rueilavelo.fr\/rav\/wp-content\/uploads\/2013\/02\/p1110189.jpg\"><img loading=\"lazy\" decoding=\"async\" class=\"alignleft size-medium wp-image-547\" alt=\"P1110189\" src=\"http:\/\/rueilavelo.fr\/rav\/wp-content\/uploads\/2013\/02\/p1110189.jpg?w=300\" width=\"300\" height=\"224\" srcset=\"https:\/\/rueilavelo.fr\/rav\/wp-content\/uploads\/2013\/02\/p1110189.jpg 448w, https:\/\/rueilavelo.fr\/rav\/wp-content\/uploads\/2013\/02\/p1110189-300x225.jpg 300w\" sizes=\"auto, (max-width: 300px) 100vw, 300px\" \/><\/a><\/p>\n<p><a href=\"http:\/\/rueilavelo.fr\/rav\/wp-content\/uploads\/2013\/02\/p1110194.jpg\"><img loading=\"lazy\" decoding=\"async\" class=\"alignright size-medium wp-image-548\" alt=\"P1110194\" src=\"http:\/\/rueilavelo.fr\/rav\/wp-content\/uploads\/2013\/02\/p1110194.jpg?w=300\" width=\"300\" height=\"224\" srcset=\"https:\/\/rueilavelo.fr\/rav\/wp-content\/uploads\/2013\/02\/p1110194.jpg 448w, https:\/\/rueilavelo.fr\/rav\/wp-content\/uploads\/2013\/02\/p1110194-300x225.jpg 300w\" sizes=\"auto, (max-width: 300px) 100vw, 300px\" \/><\/a><\/p>\n<p><img loading=\"lazy\" decoding=\"async\" class=\"alignleft size-medium wp-image-549\" alt=\"P1110196\" src=\"http:\/\/rueilavelo.fr\/rav\/wp-content\/uploads\/2013\/02\/p1110196.jpg?w=300\" width=\"300\" height=\"224\" srcset=\"https:\/\/rueilavelo.fr\/rav\/wp-content\/uploads\/2013\/02\/p1110196.jpg 448w, https:\/\/rueilavelo.fr\/rav\/wp-content\/uploads\/2013\/02\/p1110196-300x225.jpg 300w\" sizes=\"auto, (max-width: 300px) 100vw, 300px\" \/><\/p>\n<p><img loading=\"lazy\" decoding=\"async\" class=\"alignright size-medium wp-image-550\" alt=\"P1110197\" src=\"http:\/\/rueilavelo.fr\/rav\/wp-content\/uploads\/2013\/02\/p1110197.jpg?w=300\" width=\"300\" height=\"224\" srcset=\"https:\/\/rueilavelo.fr\/rav\/wp-content\/uploads\/2013\/02\/p1110197.jpg 448w, https:\/\/rueilavelo.fr\/rav\/wp-content\/uploads\/2013\/02\/p1110197-300x225.jpg 300w\" sizes=\"auto, (max-width: 300px) 100vw, 300px\" \/><\/p>\n<p style=\"text-align:center;\"><a href=\"http:\/\/rueilavelo.fr\/rav\/wp-content\/uploads\/2013\/02\/p1110199.jpg\"><img loading=\"lazy\" decoding=\"async\" class=\"aligncenter size-medium wp-image-551\" alt=\"P1110199\" src=\"http:\/\/rueilavelo.fr\/rav\/wp-content\/uploads\/2013\/02\/p1110199.jpg?w=300\" width=\"300\" height=\"224\" srcset=\"https:\/\/rueilavelo.fr\/rav\/wp-content\/uploads\/2013\/02\/p1110199.jpg 448w, https:\/\/rueilavelo.fr\/rav\/wp-content\/uploads\/2013\/02\/p1110199-300x225.jpg 300w\" sizes=\"auto, (max-width: 300px) 100vw, 300px\" \/><\/a><\/p>\n<p style=\"text-align:center;\"><a style=\"font-size:16px;\" href=\"http:\/\/rueilavelo.fr\/rav\/wp-content\/uploads\/2013\/02\/p1110200.jpg\"><img loading=\"lazy\" decoding=\"async\" class=\"alignleft size-medium wp-image-552\" alt=\"P1110200\" src=\"http:\/\/rueilavelo.fr\/rav\/wp-content\/uploads\/2013\/02\/p1110200.jpg?w=300\" width=\"300\" height=\"224\" srcset=\"https:\/\/rueilavelo.fr\/rav\/wp-content\/uploads\/2013\/02\/p1110200.jpg 448w, https:\/\/rueilavelo.fr\/rav\/wp-content\/uploads\/2013\/02\/p1110200-300x225.jpg 300w\" sizes=\"auto, (max-width: 300px) 100vw, 300px\" \/><\/a><\/p>\n","protected":false},"excerpt":{"rendered":"<p>Exceptionnellement, Rueil \u00e0 V\u00e9lo a particip\u00e9 \u00e0 une sortie organis\u00e9e par R\u00e9seau V\u00e9lo 78 et MDB Bezons-Argenteuil, qui nous a &hellip; <a href=\"https:\/\/rueilavelo.fr\/rav\/photos\/sortie-du-10-fevrier-2013\/\" class=\"more-link\">Plus <span class=\"screen-reader-text\">Sortie du 10 f\u00e9vrier 2013<\/span> <span class=\"meta-nav\">&rarr;<\/span><\/a><\/p>\n","protected":false},"author":2,"featured_media":0,"parent":54,"menu_order":2,"comment_status":"closed","ping_status":"open","template":"","meta":{"footnotes":""},"class_list":["post-545","page","type-page","status-publish","hentry"],"_links":{"self":[{"href":"https:\/\/rueilavelo.fr\/rav\/wp-json\/wp\/v2\/pages\/545","targetHints":{"allow":["GET"]}}],"collection":[{"href":"https:\/\/rueilavelo.fr\/rav\/wp-json\/wp\/v2\/pages"}],"about":[{"href":"https:\/\/rueilavelo.fr\/rav\/wp-json\/wp\/v2\/types\/page"}],"author":[{"embeddable":true,"href":"https:\/\/rueilavelo.fr\/rav\/wp-json\/wp\/v2\/users\/2"}],"replies":[{"embeddable":true,"href":"https:\/\/rueilavelo.fr\/rav\/wp-json\/wp\/v2\/comments?post=545"}],"version-history":[{"count":0,"href":"https:\/\/rueilavelo.fr\/rav\/wp-json\/wp\/v2\/pages\/545\/revisions"}],"up":[{"embeddable":true,"href":"https:\/\/rueilavelo.fr\/rav\/wp-json\/wp\/v2\/pages\/54"}],"wp:attachment":[{"href":"https:\/\/rueilavelo.fr\/rav\/wp-json\/wp\/v2\/media?parent=545"}],"curies":[{"name":"wp","href":"https:\/\/api.w.org\/{rel}","templated":true}]}}