{"id":567,"date":"2013-03-03T20:31:27","date_gmt":"2013-03-03T20:31:27","guid":{"rendered":"http:\/\/rueilavelo.fr\/rav\/?page_id=567"},"modified":"2013-03-03T20:31:27","modified_gmt":"2013-03-03T20:31:27","slug":"sortie-du-3-mars-2013","status":"publish","type":"page","link":"https:\/\/rueilavelo.fr\/rav\/photos\/sortie-du-3-mars-2013\/","title":{"rendered":"Sortie du 3 mars 2013"},"content":{"rendered":"<p>A quelques coups de p\u00e9dales, le parc de Saint-Cloud nous a livr\u00e9 ses all\u00e9es ensoleill\u00e9es, ses vues sur Paris et monuments historiques.<\/p>\n<p><img loading=\"lazy\" decoding=\"async\" class=\"alignleft size-medium wp-image-568\" alt=\"P1110202\" src=\"http:\/\/rueilavelo.fr\/rav\/wp-content\/uploads\/2013\/03\/p1110202.jpg?w=300\" width=\"300\" height=\"224\" srcset=\"https:\/\/rueilavelo.fr\/rav\/wp-content\/uploads\/2013\/03\/p1110202.jpg 448w, https:\/\/rueilavelo.fr\/rav\/wp-content\/uploads\/2013\/03\/p1110202-300x225.jpg 300w\" sizes=\"auto, (max-width: 300px) 100vw, 300px\" \/><\/p>\n<p><img loading=\"lazy\" decoding=\"async\" class=\"alignright size-medium wp-image-569\" alt=\"P1110204\" src=\"http:\/\/rueilavelo.fr\/rav\/wp-content\/uploads\/2013\/03\/p1110204.jpg?w=300\" width=\"300\" height=\"224\" srcset=\"https:\/\/rueilavelo.fr\/rav\/wp-content\/uploads\/2013\/03\/p1110204.jpg 448w, https:\/\/rueilavelo.fr\/rav\/wp-content\/uploads\/2013\/03\/p1110204-300x225.jpg 300w\" sizes=\"auto, (max-width: 300px) 100vw, 300px\" \/><\/p>\n<p><img loading=\"lazy\" decoding=\"async\" class=\"alignleft size-medium wp-image-571\" alt=\"P1110206\" src=\"http:\/\/rueilavelo.fr\/rav\/wp-content\/uploads\/2013\/03\/p1110206.jpg?w=300\" width=\"300\" height=\"224\" srcset=\"https:\/\/rueilavelo.fr\/rav\/wp-content\/uploads\/2013\/03\/p1110206.jpg 448w, https:\/\/rueilavelo.fr\/rav\/wp-content\/uploads\/2013\/03\/p1110206-300x225.jpg 300w\" sizes=\"auto, (max-width: 300px) 100vw, 300px\" \/><a href=\"http:\/\/rueilavelo.fr\/rav\/wp-content\/uploads\/2013\/03\/p1110208.jpg\"><img loading=\"lazy\" decoding=\"async\" class=\"aligncenter size-medium wp-image-572\" alt=\"P1110208\" src=\"http:\/\/rueilavelo.fr\/rav\/wp-content\/uploads\/2013\/03\/p1110208.jpg?w=300\" width=\"300\" height=\"224\" srcset=\"https:\/\/rueilavelo.fr\/rav\/wp-content\/uploads\/2013\/03\/p1110208.jpg 448w, https:\/\/rueilavelo.fr\/rav\/wp-content\/uploads\/2013\/03\/p1110208-300x225.jpg 300w\" sizes=\"auto, (max-width: 300px) 100vw, 300px\" \/><\/a><\/p>\n<p><img loading=\"lazy\" decoding=\"async\" class=\"alignright size-medium wp-image-570\" alt=\"P1110205\" src=\"http:\/\/rueilavelo.fr\/rav\/wp-content\/uploads\/2013\/03\/p1110205.jpg?w=300\" width=\"300\" height=\"225\" srcset=\"https:\/\/rueilavelo.fr\/rav\/wp-content\/uploads\/2013\/03\/p1110205.jpg 2560w, https:\/\/rueilavelo.fr\/rav\/wp-content\/uploads\/2013\/03\/p1110205-300x225.jpg 300w, https:\/\/rueilavelo.fr\/rav\/wp-content\/uploads\/2013\/03\/p1110205-1024x768.jpg 1024w, https:\/\/rueilavelo.fr\/rav\/wp-content\/uploads\/2013\/03\/p1110205-768x576.jpg 768w, https:\/\/rueilavelo.fr\/rav\/wp-content\/uploads\/2013\/03\/p1110205-1536x1152.jpg 1536w, https:\/\/rueilavelo.fr\/rav\/wp-content\/uploads\/2013\/03\/p1110205-2048x1536.jpg 2048w\" sizes=\"auto, (max-width: 300px) 100vw, 300px\" \/><\/p>\n<p><img loading=\"lazy\" decoding=\"async\" class=\"alignleft size-medium wp-image-573\" alt=\"P1110211\" src=\"http:\/\/rueilavelo.fr\/rav\/wp-content\/uploads\/2013\/03\/p1110211.jpg?w=300\" width=\"300\" height=\"224\" srcset=\"https:\/\/rueilavelo.fr\/rav\/wp-content\/uploads\/2013\/03\/p1110211.jpg 448w, https:\/\/rueilavelo.fr\/rav\/wp-content\/uploads\/2013\/03\/p1110211-300x225.jpg 300w\" sizes=\"auto, (max-width: 300px) 100vw, 300px\" \/><\/p>\n<p><img loading=\"lazy\" decoding=\"async\" class=\"alignright size-medium wp-image-574\" alt=\"P1110212\" src=\"http:\/\/rueilavelo.fr\/rav\/wp-content\/uploads\/2013\/03\/p1110212.jpg?w=300\" width=\"300\" height=\"224\" srcset=\"https:\/\/rueilavelo.fr\/rav\/wp-content\/uploads\/2013\/03\/p1110212.jpg 448w, https:\/\/rueilavelo.fr\/rav\/wp-content\/uploads\/2013\/03\/p1110212-300x225.jpg 300w\" sizes=\"auto, (max-width: 300px) 100vw, 300px\" \/><\/p>\n<p><a href=\"http:\/\/rueilavelo.fr\/rav\/wp-content\/uploads\/2013\/03\/p1110214.jpg\"><img loading=\"lazy\" decoding=\"async\" class=\"alignleft size-medium wp-image-575\" alt=\"P1110214\" src=\"http:\/\/rueilavelo.fr\/rav\/wp-content\/uploads\/2013\/03\/p1110214.jpg?w=300\" width=\"300\" height=\"224\" srcset=\"https:\/\/rueilavelo.fr\/rav\/wp-content\/uploads\/2013\/03\/p1110214.jpg 448w, https:\/\/rueilavelo.fr\/rav\/wp-content\/uploads\/2013\/03\/p1110214-300x225.jpg 300w\" sizes=\"auto, (max-width: 300px) 100vw, 300px\" \/><\/a><\/p>\n<p><img loading=\"lazy\" decoding=\"async\" class=\"alignleft size-medium wp-image-576\" alt=\"P1110213\" src=\"http:\/\/rueilavelo.fr\/rav\/wp-content\/uploads\/2013\/03\/p1110213.jpg?w=300\" width=\"300\" height=\"224\" srcset=\"https:\/\/rueilavelo.fr\/rav\/wp-content\/uploads\/2013\/03\/p1110213.jpg 448w, https:\/\/rueilavelo.fr\/rav\/wp-content\/uploads\/2013\/03\/p1110213-300x225.jpg 300w\" sizes=\"auto, (max-width: 300px) 100vw, 300px\" \/><\/p>\n<p><a href=\"http:\/\/rueilavelo.fr\/rav\/wp-content\/uploads\/2013\/03\/p1110215.jpg\"><img loading=\"lazy\" decoding=\"async\" class=\"aligncenter size-medium wp-image-577\" alt=\"P1110215\" src=\"http:\/\/rueilavelo.fr\/rav\/wp-content\/uploads\/2013\/03\/p1110215.jpg?w=300\" width=\"300\" height=\"224\" srcset=\"https:\/\/rueilavelo.fr\/rav\/wp-content\/uploads\/2013\/03\/p1110215.jpg 448w, https:\/\/rueilavelo.fr\/rav\/wp-content\/uploads\/2013\/03\/p1110215-300x225.jpg 300w\" sizes=\"auto, (max-width: 300px) 100vw, 300px\" \/><\/a><\/p>\n","protected":false},"excerpt":{"rendered":"<p>A quelques coups de p\u00e9dales, le parc de Saint-Cloud nous a livr\u00e9 ses all\u00e9es ensoleill\u00e9es, ses vues sur Paris et &hellip; <a href=\"https:\/\/rueilavelo.fr\/rav\/photos\/sortie-du-3-mars-2013\/\" class=\"more-link\">Plus <span class=\"screen-reader-text\">Sortie du 3 mars 2013<\/span> <span class=\"meta-nav\">&rarr;<\/span><\/a><\/p>\n","protected":false},"author":2,"featured_media":0,"parent":54,"menu_order":3,"comment_status":"closed","ping_status":"open","template":"","meta":{"footnotes":""},"class_list":["post-567","page","type-page","status-publish","hentry"],"_links":{"self":[{"href":"https:\/\/rueilavelo.fr\/rav\/wp-json\/wp\/v2\/pages\/567","targetHints":{"allow":["GET"]}}],"collection":[{"href":"https:\/\/rueilavelo.fr\/rav\/wp-json\/wp\/v2\/pages"}],"about":[{"href":"https:\/\/rueilavelo.fr\/rav\/wp-json\/wp\/v2\/types\/page"}],"author":[{"embeddable":true,"href":"https:\/\/rueilavelo.fr\/rav\/wp-json\/wp\/v2\/users\/2"}],"replies":[{"embeddable":true,"href":"https:\/\/rueilavelo.fr\/rav\/wp-json\/wp\/v2\/comments?post=567"}],"version-history":[{"count":0,"href":"https:\/\/rueilavelo.fr\/rav\/wp-json\/wp\/v2\/pages\/567\/revisions"}],"up":[{"embeddable":true,"href":"https:\/\/rueilavelo.fr\/rav\/wp-json\/wp\/v2\/pages\/54"}],"wp:attachment":[{"href":"https:\/\/rueilavelo.fr\/rav\/wp-json\/wp\/v2\/media?parent=567"}],"curies":[{"name":"wp","href":"https:\/\/api.w.org\/{rel}","templated":true}]}}