{"id":581,"date":"2013-03-03T20:50:07","date_gmt":"2013-03-03T20:50:07","guid":{"rendered":"http:\/\/rueilavelo.fr\/rav\/?page_id=581"},"modified":"2013-03-03T20:50:07","modified_gmt":"2013-03-03T20:50:07","slug":"bourse-aux-velos-2013","status":"publish","type":"page","link":"https:\/\/rueilavelo.fr\/rav\/evenements-2\/bourse-aux-velos-2013\/","title":{"rendered":"Bourse aux v\u00e9los 2013"},"content":{"rendered":"<p><a href=\"http:\/\/rueilavelo.fr\/rav\/wp-content\/uploads\/2013\/03\/p1110379.jpg\"><img loading=\"lazy\" decoding=\"async\" class=\"alignleft size-medium wp-image-614\" src=\"http:\/\/rueilavelo.fr\/rav\/wp-content\/uploads\/2013\/03\/p1110379.jpg?w=224\" alt=\"P1110379\" width=\"224\" height=\"300\" \/><\/a>Bilan de la Bourse aux V\u00e9los anim\u00e9e par l&rsquo;association les 6 et 7 \u00a0avril au Parc de Bois Pr\u00e9au : 86 heureux anciens et nouveaux propri\u00e9taires gr\u00e2ce \u00e0 <strong>43 v\u00e9los vendus<\/strong> sur les 57 bicyclettes d\u00e9pos\u00e9es sur les 2 jours !<\/p>\n<p>&nbsp;<\/p>\n","protected":false},"excerpt":{"rendered":"<p>Bilan de la Bourse aux V\u00e9los anim\u00e9e par l&rsquo;association les 6 et 7 \u00a0avril au Parc de Bois Pr\u00e9au : &hellip; <a href=\"https:\/\/rueilavelo.fr\/rav\/evenements-2\/bourse-aux-velos-2013\/\" class=\"more-link\">Plus <span class=\"screen-reader-text\">Bourse aux v\u00e9los 2013<\/span> <span class=\"meta-nav\">&rarr;<\/span><\/a><\/p>\n","protected":false},"author":2,"featured_media":0,"parent":254,"menu_order":7,"comment_status":"closed","ping_status":"open","template":"","meta":{"footnotes":""},"class_list":["post-581","page","type-page","status-publish","hentry"],"_links":{"self":[{"href":"https:\/\/rueilavelo.fr\/rav\/wp-json\/wp\/v2\/pages\/581","targetHints":{"allow":["GET"]}}],"collection":[{"href":"https:\/\/rueilavelo.fr\/rav\/wp-json\/wp\/v2\/pages"}],"about":[{"href":"https:\/\/rueilavelo.fr\/rav\/wp-json\/wp\/v2\/types\/page"}],"author":[{"embeddable":true,"href":"https:\/\/rueilavelo.fr\/rav\/wp-json\/wp\/v2\/users\/2"}],"replies":[{"embeddable":true,"href":"https:\/\/rueilavelo.fr\/rav\/wp-json\/wp\/v2\/comments?post=581"}],"version-history":[{"count":0,"href":"https:\/\/rueilavelo.fr\/rav\/wp-json\/wp\/v2\/pages\/581\/revisions"}],"up":[{"embeddable":true,"href":"https:\/\/rueilavelo.fr\/rav\/wp-json\/wp\/v2\/pages\/254"}],"wp:attachment":[{"href":"https:\/\/rueilavelo.fr\/rav\/wp-json\/wp\/v2\/media?parent=581"}],"curies":[{"name":"wp","href":"https:\/\/api.w.org\/{rel}","templated":true}]}}