{"id":605,"date":"2013-04-10T09:06:11","date_gmt":"2013-04-10T09:06:11","guid":{"rendered":"http:\/\/rueilavelo.fr\/rav\/?page_id=605"},"modified":"2013-04-10T09:06:11","modified_gmt":"2013-04-10T09:06:11","slug":"bourse-aux-velos-2013","status":"publish","type":"page","link":"https:\/\/rueilavelo.fr\/rav\/photos\/bourse-aux-velos-2013\/","title":{"rendered":"Bourse aux v\u00e9los 2013"},"content":{"rendered":"<p>Encore un beau succ\u00e8s pour la Bourse aux V\u00e9los des 6 et 7 avril 2013 !<\/p>\n<p><img loading=\"lazy\" decoding=\"async\" class=\"alignleft size-full wp-image-606\" alt=\"P1110371\" src=\"http:\/\/rueilavelo.fr\/rav\/wp-content\/uploads\/2013\/04\/p1110371.jpg\" width=\"448\" height=\"336\" srcset=\"https:\/\/rueilavelo.fr\/rav\/wp-content\/uploads\/2013\/04\/p1110371.jpg 448w, https:\/\/rueilavelo.fr\/rav\/wp-content\/uploads\/2013\/04\/p1110371-300x225.jpg 300w\" sizes=\"auto, (max-width: 448px) 100vw, 448px\" \/><\/p>\n<p><a href=\"http:\/\/rueilavelo.fr\/rav\/wp-content\/uploads\/2013\/04\/p1110374.jpg\"><img loading=\"lazy\" decoding=\"async\" class=\"alignleft size-full wp-image-607\" alt=\"P1110374\" src=\"http:\/\/rueilavelo.fr\/rav\/wp-content\/uploads\/2013\/04\/p1110374.jpg\" width=\"336\" height=\"448\" srcset=\"https:\/\/rueilavelo.fr\/rav\/wp-content\/uploads\/2013\/04\/p1110374.jpg 336w, https:\/\/rueilavelo.fr\/rav\/wp-content\/uploads\/2013\/04\/p1110374-225x300.jpg 225w\" sizes=\"auto, (max-width: 336px) 100vw, 336px\" \/><\/a><\/p>\n<p><a href=\"http:\/\/rueilavelo.fr\/rav\/wp-content\/uploads\/2013\/04\/p1110375.jpg\"><img loading=\"lazy\" decoding=\"async\" class=\"alignright size-full wp-image-608\" alt=\"P1110375\" src=\"http:\/\/rueilavelo.fr\/rav\/wp-content\/uploads\/2013\/04\/p1110375.jpg\" width=\"336\" height=\"448\" srcset=\"https:\/\/rueilavelo.fr\/rav\/wp-content\/uploads\/2013\/04\/p1110375.jpg 336w, https:\/\/rueilavelo.fr\/rav\/wp-content\/uploads\/2013\/04\/p1110375-225x300.jpg 225w\" sizes=\"auto, (max-width: 336px) 100vw, 336px\" \/><\/a><\/p>\n","protected":false},"excerpt":{"rendered":"<p>Encore un beau succ\u00e8s pour la Bourse aux V\u00e9los des 6 et 7 avril 2013 !<\/p>\n","protected":false},"author":2,"featured_media":0,"parent":54,"menu_order":6,"comment_status":"closed","ping_status":"open","template":"","meta":{"footnotes":""},"class_list":["post-605","page","type-page","status-publish","hentry"],"_links":{"self":[{"href":"https:\/\/rueilavelo.fr\/rav\/wp-json\/wp\/v2\/pages\/605","targetHints":{"allow":["GET"]}}],"collection":[{"href":"https:\/\/rueilavelo.fr\/rav\/wp-json\/wp\/v2\/pages"}],"about":[{"href":"https:\/\/rueilavelo.fr\/rav\/wp-json\/wp\/v2\/types\/page"}],"author":[{"embeddable":true,"href":"https:\/\/rueilavelo.fr\/rav\/wp-json\/wp\/v2\/users\/2"}],"replies":[{"embeddable":true,"href":"https:\/\/rueilavelo.fr\/rav\/wp-json\/wp\/v2\/comments?post=605"}],"version-history":[{"count":0,"href":"https:\/\/rueilavelo.fr\/rav\/wp-json\/wp\/v2\/pages\/605\/revisions"}],"up":[{"embeddable":true,"href":"https:\/\/rueilavelo.fr\/rav\/wp-json\/wp\/v2\/pages\/54"}],"wp:attachment":[{"href":"https:\/\/rueilavelo.fr\/rav\/wp-json\/wp\/v2\/media?parent=605"}],"curies":[{"name":"wp","href":"https:\/\/api.w.org\/{rel}","templated":true}]}}