{"id":67,"date":"2012-02-07T20:45:54","date_gmt":"2012-02-07T20:45:54","guid":{"rendered":"http:\/\/rueilavelo.fr\/rav\/?page_id=67"},"modified":"2025-11-30T18:11:12","modified_gmt":"2025-11-30T17:11:12","slug":"lassociation","status":"publish","type":"page","link":"https:\/\/rueilavelo.fr\/rav\/lassociation\/","title":{"rendered":"L&rsquo;association"},"content":{"rendered":"\n<p><a href=\"https:\/\/wordpress.com\/help?utm_source=wp_admin&amp;utm_medium=other&amp;utm_content=jetpack_masterbar_inline_help_click&amp;flags=a8c-analytics.on\" target=\"_blank\" rel=\"noreferrer noopener\"><\/a><\/p>\n\n\n<p><a href=\"http:\/\/rueilavelo.fr:rav\/wp-content\/uploads\/2012\/02\/p1090566.jpg\"><img loading=\"lazy\" decoding=\"async\" class=\"alignright wp-image-150 size-medium\" title=\"P1090566\" src=\"https:\/\/rueilavelo.fr\/rav\/wp-content\/uploads\/2012\/02\/p1090566-225x300.jpg\" alt=\"\" width=\"225\" height=\"300\" srcset=\"https:\/\/rueilavelo.fr\/rav\/wp-content\/uploads\/2012\/02\/p1090566-225x300.jpg 225w, https:\/\/rueilavelo.fr\/rav\/wp-content\/uploads\/2012\/02\/p1090566.jpg 336w\" sizes=\"auto, (max-width: 225px) 100vw, 225px\" \/><\/a><\/p>\n<p><strong>Objectifs<\/strong><\/p>\n<p>Constitu\u00e9e en 1998, Rueil \u00e0 V\u00e9lo est une <strong>association loi 1901<\/strong>, totalement ind\u00e9pendante des partis politiques et des autorit\u00e9s territoriales.<\/p>\n<p>Son objet principal est de <strong>favoriser l&rsquo;usage du v\u00e9lo \u00e0 Rueil-Malmaison et dans les communes voisines<\/strong>. Son mode d&rsquo;action sp\u00e9cifique consiste \u00e0 revendiquer aupr\u00e8s des collectivit\u00e9s locales (Ville de Rueil-Malmaison,\u00a0 D\u00e9partement des Hauts de Seine principalement), des <strong>am\u00e9nagements<\/strong> tels que pistes cyclables, itin\u00e9raires balis\u00e9s, arceaux de stationnement, signalisation adapt\u00e9e etc. tendant \u00e0 faciliter l&rsquo;usage quotidien de la bicyclette et \u00e9ventuellement du v\u00e9lo \u00e0 assistance \u00e9lectrique, mais non des deux-roues motoris\u00e9s.<\/p>\n<p><strong>Association citoyenne<\/strong> soucieuse de notre environnement, Rueil \u00e0 V\u00e9lo n&rsquo;est pas un club sportif \u00a0\u00e9pris de performances ; toutefois afin de\u00a0maintenir\u00a0un lien amical entre ses adh\u00e9rents, Rueil \u00e0 V\u00e9lo organise <strong>chaque premier dimanche du mois une sortie matinale de deux heures environ au d\u00e9part de la Place de l&rsquo;Eglise \u00e0 10h<\/strong> ; aucune inscription pr\u00e9alable, l&rsquo;itin\u00e9raire du jour est propos\u00e9 en fonction de la m\u00e9t\u00e9o et de la pr\u00e9sence ou non d&rsquo;enfants dans l&rsquo;assistance.<\/p>\n<p>Rueil \u00e0 Velo participe \u00e0 des <strong>actions \u00e0 plus large \u00e9chelle<\/strong>\u00a0 en collaboration avec les autres associations de promotion du v\u00e9lo des Hauts de Seine, du Val d\u2019Oise ou des Yvelines.<\/p>\n<p>Rueil \u00e0 V\u00e9lo appartient \u00e9galement au <a href=\"https:\/\/velo-iledefrance.fr\/\" target=\"_blank\" rel=\"noopener\">Collectif V\u00e9lo Ile de France <\/a>et sa d\u00e9clinaison locale sur le Territoire Paris Ouest La D\u00e9fense (POLD).<\/p>\n<p>Rueil \u00e0 V\u00e9lo est affili\u00e9e \u00e0 la <a href=\"http:\/\/www.fub.fr\/\" target=\"_blank\" rel=\"noopener\">FUB<\/a> F\u00e9d\u00e9ration nationale des associations d&rsquo;Usagers de la Bicyclette, associations qui poursuivent sensiblement les m\u00eames objectifs.<\/p>\n<p>Pour en savoir plus sur les actions de l&rsquo;association : <a title=\"plus d'infos\" href=\"https:\/\/rueilavelo.fr\/rav\/action\/\">plus d&rsquo;infos<\/a>.<\/p>\n<p>Retrouvez-nous sur les diff\u00e9rents <a href=\"https:\/\/linktr.ee\/rueilavelo\" target=\"_blank\" rel=\"noopener\">\u00a0r\u00e9seaux sociaux.<\/a><\/p>\n<p>Vous pouvez consulter\u00a0<strong><span style=\"text-decoration: underline;\"><a title=\"Extrait des\u00a0statuts\" href=\"http:\/\/rueilavelo.fr\/rav\/il-faut-le-savoir\/extrait-des-statuts\/\">ici<\/a><\/span><\/strong>\u00a0un extrait des <strong>statuts<\/strong> de l&rsquo;association.<\/p>\n<p><strong>Bureau :<\/strong><\/p>\n<ul>\n<li>Pr\u00e9sident :\u00a0<a href=\"mailto:rueil@fub.fr\">Bruno SAILLARD<\/a><\/li>\n<li>Vice-pr\u00e9sidents :\u00a0<a href=\"mailto:rueil@fub.fr\">Didier BOUCHARD<\/a><\/li>\n<li>Secr\u00e9taire : <a href=\"mailto:rueil@fub.fr\">Catherine MARQUER<\/a><\/li>\n<li>Tr\u00e9sori\u00e8re : <a href=\"mailto:rueil@fub.fr\">Sylvie CHORON<\/a><\/li>\n<li>Tr\u00e9sori\u00e8re adjointe :<\/li>\n<li>Membres du bureau : <a href=\"mailto:rueil@fub.fr\">Maxime LESUEUR<\/a>,\u00a0 <a href=\"mailto:rueil@fub.fr\">Roddy CACCIALUPI<\/a>, <a href=\"mailto:rueil@fub.fr\">Herv\u00e9 BOURVEN<\/a>, <a href=\"mailto:rueil@fub.fr\">Tiffany LARA ROSALES <\/a>, <a href=\"mailto:rueil@fub.fr\">Nicolas DELAHAYE <\/a>et <a href=\"mailto:rueil@fub.fr\">Youness A\u00cfTLAASRI<\/a>.<\/li>\n<\/ul>\n<p><strong>Assembl\u00e9es G\u00e9n\u00e9rales :<\/strong><\/p>\n<p><strong>La derni\u00e8re<\/strong> <strong>Assembl\u00e9e G\u00e9n\u00e9rale s&rsquo;est tenue le 7 avril 2025<\/strong>. Vous pouvez consulter et t\u00e9l\u00e9charger ici\u00a0 <a title=\"20230313 RAV Proces Verbal AG vDef2\" href=\"https:\/\/rueilavelo.fr\/rav\/wp-content\/uploads\/2025\/05\/pv-ag-2025-signe-6.pdf\" target=\"_blank\" rel=\"noopener\">PV<\/a>\u00a0 le proc\u00e8s-verbal ainsi que le bilan d&rsquo;activit\u00e9 de l&rsquo;association pr\u00e9sent\u00e9 par son pr\u00e9sident : <a title=\"bilan RAV 2021 2023 final\" href=\"https:\/\/rueilavelo.fr\/rav\/wp-content\/uploads\/2025\/05\/bilan-rav-2023-2025-final-1.pdf\" target=\"_blank\" rel=\"noopener\">bilan RAV 2023 2025<\/a><\/p>\n<p><strong>Assembl\u00e9e G\u00e9n\u00e9rale du 13 juin 2023: <\/strong><a title=\"20230313 RAV Proces Verbal AG vDef2\" href=\"https:\/\/rueilavelo.fr\/rav\/wp-content\/uploads\/2023\/05\/20230313-rav-proces-verbal-ag-vdef2.pdf\" target=\"_blank\" rel=\"noopener\">PV<\/a><strong> , <\/strong><a title=\"bilan RAV 2021 2023 final\" href=\"https:\/\/rueilavelo.fr\/rav\/wp-content\/uploads\/2023\/05\/bilan-rav-2021-2023-final.pdf\" target=\"_blank\" rel=\"noopener\">bilan RAV 2021 2023<\/a><\/p>\n<p><strong>Assembl\u00e9e G\u00e9n\u00e9rale du 13 juin 2021:\u00a0 <\/strong>\u00a0<a title=\"20210623 RAV Proces Verbal AG vdef\" href=\"https:\/\/rueilavelo.fr\/rav\/wp-content\/uploads\/2021\/07\/20210623-rav-proces-verbal-ag-vdef.pdf\" target=\"_blank\" rel=\"noopener\">PV<\/a> , \u00a0<a title=\"bilan RAV 2019 2021\" href=\"https:\/\/rueilavelo.fr\/rav\/wp-content\/uploads\/2021\/07\/bilan-rav-2019-2021.pdf\" target=\"_blank\" rel=\"noopener\">bilan RAV 2019 2021<\/a>.\u00a0<\/p>\n<p><strong>Assembl\u00e9e G\u00e9n\u00e9rale du 16 avril 2019: <\/strong>\u00a0<a href=\"https:\/\/rueilavelo.fr\/rav\/wp-content\/uploads\/2019\/05\/pv-ag-rav-20190416.pdf\" target=\"_blank\" rel=\"noopener\">PV<\/a> , <a title=\"bilan RAV 2017 2019\" href=\"https:\/\/rueilavelo.fr\/rav\/wp-content\/uploads\/2019\/05\/bilan-rav-2017-2019.pdf\" target=\"_blank\" rel=\"noopener\">bilan RAV 2017 2019<\/a><\/p>\n<p><strong>Assembl\u00e9e G\u00e9n\u00e9rale du<\/strong> <strong>11 mai 2017:<\/strong>\u00a0<a title=\"bilan RAV 2015 2017\" href=\"https:\/\/rueilavelo.fr\/rav\/wp-content\/uploads\/2017\/12\/bilan-rav-2015-2017.pdf\" target=\"_blank\" rel=\"noopener\">bilan RAV 2015 2017<\/a>\u00a0<\/p>\n<p><strong>Assembl\u00e9e g\u00e9n\u00e9rale 9 Avril 2015<\/strong> :\u00a0 <a href=\"https:\/\/rueilavelo.fr\/rav\/wp-content\/uploads\/2012\/02\/pv-de-lassemblc3a9e-du-9-avril-2015.docx\" target=\"_blank\" rel=\"noopener\">PV<\/a>, <a href=\"https:\/\/rueilavelo.fr\/rav\/wp-content\/uploads\/2015\/05\/agbilanrav-2013-2015.pdf\">bilanRAV 2013 2015<\/a>\u00a0<\/p>","protected":false},"excerpt":{"rendered":"<p>Objectifs Constitu\u00e9e en 1998, Rueil \u00e0 V\u00e9lo est une association loi 1901, totalement ind\u00e9pendante des partis politiques et des autorit\u00e9s &hellip; <a href=\"https:\/\/rueilavelo.fr\/rav\/lassociation\/\" class=\"more-link\">Plus <span class=\"screen-reader-text\">L&rsquo;association<\/span> <span class=\"meta-nav\">&rarr;<\/span><\/a><\/p>\n","protected":false},"author":2,"featured_media":0,"parent":0,"menu_order":1,"comment_status":"closed","ping_status":"closed","template":"","meta":{"footnotes":""},"class_list":["post-67","page","type-page","status-publish","hentry"],"_links":{"self":[{"href":"https:\/\/rueilavelo.fr\/rav\/wp-json\/wp\/v2\/pages\/67","targetHints":{"allow":["GET"]}}],"collection":[{"href":"https:\/\/rueilavelo.fr\/rav\/wp-json\/wp\/v2\/pages"}],"about":[{"href":"https:\/\/rueilavelo.fr\/rav\/wp-json\/wp\/v2\/types\/page"}],"author":[{"embeddable":true,"href":"https:\/\/rueilavelo.fr\/rav\/wp-json\/wp\/v2\/users\/2"}],"replies":[{"embeddable":true,"href":"https:\/\/rueilavelo.fr\/rav\/wp-json\/wp\/v2\/comments?post=67"}],"version-history":[{"count":2,"href":"https:\/\/rueilavelo.fr\/rav\/wp-json\/wp\/v2\/pages\/67\/revisions"}],"predecessor-version":[{"id":5049,"href":"https:\/\/rueilavelo.fr\/rav\/wp-json\/wp\/v2\/pages\/67\/revisions\/5049"}],"wp:attachment":[{"href":"https:\/\/rueilavelo.fr\/rav\/wp-json\/wp\/v2\/media?parent=67"}],"curies":[{"name":"wp","href":"https:\/\/api.w.org\/{rel}","templated":true}]}}