{"id":713,"date":"2013-09-06T11:12:02","date_gmt":"2013-09-06T11:12:02","guid":{"rendered":"http:\/\/rueilavelo.fr\/rav\/?page_id=713"},"modified":"2013-09-06T11:12:02","modified_gmt":"2013-09-06T11:12:02","slug":"sortie-du-1er-sept-2013","status":"publish","type":"page","link":"https:\/\/rueilavelo.fr\/rav\/photos\/sortie-du-1er-sept-2013\/","title":{"rendered":"Sortie du 1er sept. 2013"},"content":{"rendered":"<p>Plus de 30 kms pour d\u00e9couvrir, sous le soleil, les nouveaux am\u00e9nagements v\u00e9los pour circuler jusqu&rsquo;au parc de Chanteraine.<\/p>\n<p><a style=\"color:#ff4b33;font-size:16px;line-height:24px;\" href=\"http:\/\/rueilavelo.fr\/rav\/wp-content\/uploads\/2013\/09\/p1110869.jpg\"><img loading=\"lazy\" decoding=\"async\" class=\"alignleft size-medium wp-image-716\" alt=\"P1110869\" src=\"http:\/\/rueilavelo.fr\/rav\/wp-content\/uploads\/2013\/09\/p1110869.jpg?w=300\" width=\"300\" height=\"224\" srcset=\"https:\/\/rueilavelo.fr\/rav\/wp-content\/uploads\/2013\/09\/p1110869.jpg 448w, https:\/\/rueilavelo.fr\/rav\/wp-content\/uploads\/2013\/09\/p1110869-300x225.jpg 300w\" sizes=\"auto, (max-width: 300px) 100vw, 300px\" \/><\/a><\/p>\n<p><span style=\"color:#ff4b33;\"><br \/>\n<\/span><img loading=\"lazy\" decoding=\"async\" class=\" wp-image-715 alignright\" alt=\"P1110867\" src=\"http:\/\/rueilavelo.fr\/rav\/wp-content\/uploads\/2013\/09\/p1110867.jpg?w=300\" width=\"300\" height=\"224\" srcset=\"https:\/\/rueilavelo.fr\/rav\/wp-content\/uploads\/2013\/09\/p1110867.jpg 448w, https:\/\/rueilavelo.fr\/rav\/wp-content\/uploads\/2013\/09\/p1110867-300x225.jpg 300w\" sizes=\"auto, (max-width: 300px) 100vw, 300px\" \/><\/p>\n<p><a href=\"http:\/\/rueilavelo.fr\/rav\/wp-content\/uploads\/2013\/09\/p1110871.jpg\"><img loading=\"lazy\" decoding=\"async\" class=\"alignleft size-medium wp-image-717\" alt=\"P1110871\" src=\"http:\/\/rueilavelo.fr\/rav\/wp-content\/uploads\/2013\/09\/p1110871.jpg?w=300\" width=\"300\" height=\"224\" srcset=\"https:\/\/rueilavelo.fr\/rav\/wp-content\/uploads\/2013\/09\/p1110871.jpg 448w, https:\/\/rueilavelo.fr\/rav\/wp-content\/uploads\/2013\/09\/p1110871-300x225.jpg 300w\" sizes=\"auto, (max-width: 300px) 100vw, 300px\" \/><\/a><a style=\"color:#ff4b33;\" href=\"http:\/\/rueilavelo.fr\/rav\/wp-content\/uploads\/2013\/09\/p1110872.jpg\"><img loading=\"lazy\" decoding=\"async\" class=\" wp-image-714 alignright\" alt=\"P1110872\" src=\"http:\/\/rueilavelo.fr\/rav\/wp-content\/uploads\/2013\/09\/p1110872.jpg?w=300\" width=\"300\" height=\"224\" srcset=\"https:\/\/rueilavelo.fr\/rav\/wp-content\/uploads\/2013\/09\/p1110872.jpg 448w, https:\/\/rueilavelo.fr\/rav\/wp-content\/uploads\/2013\/09\/p1110872-300x225.jpg 300w\" sizes=\"auto, (max-width: 300px) 100vw, 300px\" \/><\/a> <a href=\"http:\/\/rueilavelo.fr\/rav\/wp-content\/uploads\/2013\/09\/p1110883.jpg\"><img loading=\"lazy\" decoding=\"async\" class=\"alignleft size-medium wp-image-718\" alt=\"P1110883\" src=\"http:\/\/rueilavelo.fr\/rav\/wp-content\/uploads\/2013\/09\/p1110883.jpg?w=300\" width=\"300\" height=\"224\" srcset=\"https:\/\/rueilavelo.fr\/rav\/wp-content\/uploads\/2013\/09\/p1110883.jpg 448w, https:\/\/rueilavelo.fr\/rav\/wp-content\/uploads\/2013\/09\/p1110883-300x225.jpg 300w\" sizes=\"auto, (max-width: 300px) 100vw, 300px\" \/><\/a> <a href=\"http:\/\/rueilavelo.fr\/rav\/wp-content\/uploads\/2013\/09\/p1110879.jpg\"><img loading=\"lazy\" decoding=\"async\" class=\" wp-image-719 alignright\" alt=\"P1110879\" src=\"http:\/\/rueilavelo.fr\/rav\/wp-content\/uploads\/2013\/09\/p1110879.jpg?w=300\" width=\"300\" height=\"224\" srcset=\"https:\/\/rueilavelo.fr\/rav\/wp-content\/uploads\/2013\/09\/p1110879.jpg 448w, https:\/\/rueilavelo.fr\/rav\/wp-content\/uploads\/2013\/09\/p1110879-300x225.jpg 300w\" sizes=\"auto, (max-width: 300px) 100vw, 300px\" \/><\/a> <a href=\"http:\/\/rueilavelo.fr\/rav\/wp-content\/uploads\/2013\/09\/p1110882.jpg\"><img loading=\"lazy\" decoding=\"async\" class=\"alignleft size-medium wp-image-720\" alt=\"P1110882\" src=\"http:\/\/rueilavelo.fr\/rav\/wp-content\/uploads\/2013\/09\/p1110882.jpg?w=300\" width=\"300\" height=\"224\" srcset=\"https:\/\/rueilavelo.fr\/rav\/wp-content\/uploads\/2013\/09\/p1110882.jpg 448w, https:\/\/rueilavelo.fr\/rav\/wp-content\/uploads\/2013\/09\/p1110882-300x225.jpg 300w\" sizes=\"auto, (max-width: 300px) 100vw, 300px\" \/><\/a> <a href=\"http:\/\/rueilavelo.fr\/rav\/wp-content\/uploads\/2013\/09\/p1110886.jpg\"><img loading=\"lazy\" decoding=\"async\" class=\" wp-image-721 alignright\" alt=\"P1110886\" src=\"http:\/\/rueilavelo.fr\/rav\/wp-content\/uploads\/2013\/09\/p1110886.jpg?w=300\" width=\"300\" height=\"224\" srcset=\"https:\/\/rueilavelo.fr\/rav\/wp-content\/uploads\/2013\/09\/p1110886.jpg 448w, https:\/\/rueilavelo.fr\/rav\/wp-content\/uploads\/2013\/09\/p1110886-300x225.jpg 300w\" sizes=\"auto, (max-width: 300px) 100vw, 300px\" \/><\/a> <a href=\"http:\/\/rueilavelo.fr\/rav\/wp-content\/uploads\/2013\/09\/p1110889.jpg\"><img loading=\"lazy\" decoding=\"async\" class=\"alignleft size-medium wp-image-722\" alt=\"P1110889\" src=\"http:\/\/rueilavelo.fr\/rav\/wp-content\/uploads\/2013\/09\/p1110889.jpg?w=300\" width=\"300\" height=\"224\" srcset=\"https:\/\/rueilavelo.fr\/rav\/wp-content\/uploads\/2013\/09\/p1110889.jpg 448w, https:\/\/rueilavelo.fr\/rav\/wp-content\/uploads\/2013\/09\/p1110889-300x225.jpg 300w\" sizes=\"auto, (max-width: 300px) 100vw, 300px\" \/><\/a> <a href=\"http:\/\/rueilavelo.fr\/rav\/wp-content\/uploads\/2013\/09\/p1110891.jpg\"><img loading=\"lazy\" decoding=\"async\" class=\" wp-image-723 alignright\" alt=\"P1110891\" src=\"http:\/\/rueilavelo.fr\/rav\/wp-content\/uploads\/2013\/09\/p1110891.jpg?w=300\" width=\"300\" height=\"224\" srcset=\"https:\/\/rueilavelo.fr\/rav\/wp-content\/uploads\/2013\/09\/p1110891.jpg 448w, https:\/\/rueilavelo.fr\/rav\/wp-content\/uploads\/2013\/09\/p1110891-300x225.jpg 300w\" sizes=\"auto, (max-width: 300px) 100vw, 300px\" \/><\/a> <a href=\"http:\/\/rueilavelo.fr\/rav\/wp-content\/uploads\/2013\/09\/p1110892.jpg\"><img loading=\"lazy\" decoding=\"async\" class=\"alignleft size-medium wp-image-724\" alt=\"P1110892\" src=\"http:\/\/rueilavelo.fr\/rav\/wp-content\/uploads\/2013\/09\/p1110892.jpg?w=300\" width=\"300\" height=\"224\" srcset=\"https:\/\/rueilavelo.fr\/rav\/wp-content\/uploads\/2013\/09\/p1110892.jpg 448w, https:\/\/rueilavelo.fr\/rav\/wp-content\/uploads\/2013\/09\/p1110892-300x225.jpg 300w\" sizes=\"auto, (max-width: 300px) 100vw, 300px\" \/><\/a> <a href=\"http:\/\/rueilavelo.fr\/rav\/wp-content\/uploads\/2013\/09\/p1110888.jpg\"><img loading=\"lazy\" decoding=\"async\" class=\" wp-image-725 alignright\" alt=\"P1110888\" src=\"http:\/\/rueilavelo.fr\/rav\/wp-content\/uploads\/2013\/09\/p1110888.jpg?w=300\" width=\"300\" height=\"224\" srcset=\"https:\/\/rueilavelo.fr\/rav\/wp-content\/uploads\/2013\/09\/p1110888.jpg 448w, https:\/\/rueilavelo.fr\/rav\/wp-content\/uploads\/2013\/09\/p1110888-300x225.jpg 300w\" sizes=\"auto, (max-width: 300px) 100vw, 300px\" \/><\/a> <a href=\"http:\/\/rueilavelo.fr\/rav\/wp-content\/uploads\/2013\/09\/p1110897.jpg\"><img loading=\"lazy\" decoding=\"async\" class=\"alignleft size-medium wp-image-726\" alt=\"P1110897\" src=\"http:\/\/rueilavelo.fr\/rav\/wp-content\/uploads\/2013\/09\/p1110897.jpg?w=300\" width=\"300\" height=\"224\" srcset=\"https:\/\/rueilavelo.fr\/rav\/wp-content\/uploads\/2013\/09\/p1110897.jpg 448w, https:\/\/rueilavelo.fr\/rav\/wp-content\/uploads\/2013\/09\/p1110897-300x225.jpg 300w\" sizes=\"auto, (max-width: 300px) 100vw, 300px\" \/><\/a> <a href=\"http:\/\/rueilavelo.fr\/rav\/wp-content\/uploads\/2013\/09\/p1110894.jpg\"><img loading=\"lazy\" decoding=\"async\" class=\" wp-image-727 alignright\" alt=\"P1110894\" src=\"http:\/\/rueilavelo.fr\/rav\/wp-content\/uploads\/2013\/09\/p1110894.jpg?w=300\" width=\"300\" height=\"224\" srcset=\"https:\/\/rueilavelo.fr\/rav\/wp-content\/uploads\/2013\/09\/p1110894.jpg 448w, https:\/\/rueilavelo.fr\/rav\/wp-content\/uploads\/2013\/09\/p1110894-300x225.jpg 300w\" sizes=\"auto, (max-width: 300px) 100vw, 300px\" \/><\/a> <a href=\"http:\/\/rueilavelo.fr\/rav\/wp-content\/uploads\/2013\/09\/p1110896.jpg\"><img loading=\"lazy\" decoding=\"async\" class=\"alignleft size-medium wp-image-728\" alt=\"P1110896\" src=\"http:\/\/rueilavelo.fr\/rav\/wp-content\/uploads\/2013\/09\/p1110896.jpg?w=300\" width=\"300\" height=\"224\" srcset=\"https:\/\/rueilavelo.fr\/rav\/wp-content\/uploads\/2013\/09\/p1110896.jpg 448w, https:\/\/rueilavelo.fr\/rav\/wp-content\/uploads\/2013\/09\/p1110896-300x225.jpg 300w\" sizes=\"auto, (max-width: 300px) 100vw, 300px\" \/><\/a> <a href=\"http:\/\/rueilavelo.fr\/rav\/wp-content\/uploads\/2013\/09\/p1110901.jpg\"><img loading=\"lazy\" decoding=\"async\" class=\" wp-image-729 alignright\" alt=\"P1110901\" src=\"http:\/\/rueilavelo.fr\/rav\/wp-content\/uploads\/2013\/09\/p1110901.jpg?w=300\" width=\"300\" height=\"224\" srcset=\"https:\/\/rueilavelo.fr\/rav\/wp-content\/uploads\/2013\/09\/p1110901.jpg 448w, https:\/\/rueilavelo.fr\/rav\/wp-content\/uploads\/2013\/09\/p1110901-300x225.jpg 300w\" sizes=\"auto, (max-width: 300px) 100vw, 300px\" \/><\/a> <a href=\"http:\/\/rueilavelo.fr\/rav\/wp-content\/uploads\/2013\/09\/p1110899.jpg\"><img loading=\"lazy\" decoding=\"async\" class=\"alignleft size-medium wp-image-730\" alt=\"P1110899\" src=\"http:\/\/rueilavelo.fr\/rav\/wp-content\/uploads\/2013\/09\/p1110899.jpg?w=300\" width=\"300\" height=\"224\" srcset=\"https:\/\/rueilavelo.fr\/rav\/wp-content\/uploads\/2013\/09\/p1110899.jpg 448w, https:\/\/rueilavelo.fr\/rav\/wp-content\/uploads\/2013\/09\/p1110899-300x225.jpg 300w\" sizes=\"auto, (max-width: 300px) 100vw, 300px\" \/><\/a> <a href=\"http:\/\/rueilavelo.fr\/rav\/wp-content\/uploads\/2013\/09\/p1110900.jpg\"><img loading=\"lazy\" decoding=\"async\" class=\" wp-image-731 alignright\" alt=\"P1110900\" src=\"http:\/\/rueilavelo.fr\/rav\/wp-content\/uploads\/2013\/09\/p1110900.jpg?w=300\" width=\"300\" height=\"224\" srcset=\"https:\/\/rueilavelo.fr\/rav\/wp-content\/uploads\/2013\/09\/p1110900.jpg 448w, https:\/\/rueilavelo.fr\/rav\/wp-content\/uploads\/2013\/09\/p1110900-300x225.jpg 300w\" sizes=\"auto, (max-width: 300px) 100vw, 300px\" \/><\/a><\/p>\n","protected":false},"excerpt":{"rendered":"<p>Plus de 30 kms pour d\u00e9couvrir, sous le soleil, les nouveaux am\u00e9nagements v\u00e9los pour circuler jusqu&rsquo;au parc de Chanteraine.<\/p>\n","protected":false},"author":2,"featured_media":0,"parent":54,"menu_order":5,"comment_status":"closed","ping_status":"open","template":"","meta":{"footnotes":""},"class_list":["post-713","page","type-page","status-publish","hentry"],"_links":{"self":[{"href":"https:\/\/rueilavelo.fr\/rav\/wp-json\/wp\/v2\/pages\/713","targetHints":{"allow":["GET"]}}],"collection":[{"href":"https:\/\/rueilavelo.fr\/rav\/wp-json\/wp\/v2\/pages"}],"about":[{"href":"https:\/\/rueilavelo.fr\/rav\/wp-json\/wp\/v2\/types\/page"}],"author":[{"embeddable":true,"href":"https:\/\/rueilavelo.fr\/rav\/wp-json\/wp\/v2\/users\/2"}],"replies":[{"embeddable":true,"href":"https:\/\/rueilavelo.fr\/rav\/wp-json\/wp\/v2\/comments?post=713"}],"version-history":[{"count":0,"href":"https:\/\/rueilavelo.fr\/rav\/wp-json\/wp\/v2\/pages\/713\/revisions"}],"up":[{"embeddable":true,"href":"https:\/\/rueilavelo.fr\/rav\/wp-json\/wp\/v2\/pages\/54"}],"wp:attachment":[{"href":"https:\/\/rueilavelo.fr\/rav\/wp-json\/wp\/v2\/media?parent=713"}],"curies":[{"name":"wp","href":"https:\/\/api.w.org\/{rel}","templated":true}]}}