{"id":818,"date":"2014-04-30T16:51:34","date_gmt":"2014-04-30T16:51:34","guid":{"rendered":"http:\/\/rueilavelo.fr\/rav\/?page_id=818"},"modified":"2025-12-31T17:00:19","modified_gmt":"2025-12-31T16:00:19","slug":"sortie-du-6-avril","status":"publish","type":"page","link":"https:\/\/rueilavelo.fr\/rav\/photos\/sortie-du-6-avril\/","title":{"rendered":"Sortie du 6 avril 2014"},"content":{"rendered":"<p>Nous avons go\u00fbt\u00e9 l&rsquo;ambiance dominicale de la D\u00e9fense, explor\u00e9\u00a0l&rsquo;\u00eele de la Jatte, applaudi les marathoniens et musiciens au Bois de Boulogne, rendu visite \u00e0 un crocodile sur la Seine&#8230; Une \u00e9dition aux atmosph\u00e8res contrast\u00e9es.<\/p>\n<p><a href=\"http:\/\/rueilavelo.fr\/rav\/wp-content\/uploads\/2014\/04\/20140406_104259.jpg\"><img loading=\"lazy\" decoding=\"async\" class=\"aligncenter wp-image-819 size-large\" src=\"https:\/\/rueilavelo.fr\/rav\/wp-content\/uploads\/2014\/04\/20140406_104259-768x1024.jpg\" alt=\"20140406_104259\" width=\"768\" height=\"1024\" srcset=\"https:\/\/rueilavelo.fr\/rav\/wp-content\/uploads\/2014\/04\/20140406_104259-768x1024.jpg 768w, https:\/\/rueilavelo.fr\/rav\/wp-content\/uploads\/2014\/04\/20140406_104259-225x300.jpg 225w, https:\/\/rueilavelo.fr\/rav\/wp-content\/uploads\/2014\/04\/20140406_104259-1152x1536.jpg 1152w, https:\/\/rueilavelo.fr\/rav\/wp-content\/uploads\/2014\/04\/20140406_104259-1536x2048.jpg 1536w, https:\/\/rueilavelo.fr\/rav\/wp-content\/uploads\/2014\/04\/20140406_104259-scaled.jpg 1920w\" sizes=\"auto, (max-width: 768px) 100vw, 768px\" \/><\/a> <a href=\"http:\/\/rueilavelo.fr\/rav\/wp-content\/uploads\/2014\/04\/20140406_104248.jpg\"><img loading=\"lazy\" decoding=\"async\" class=\"aligncenter wp-image-820 size-large\" src=\"https:\/\/rueilavelo.fr\/rav\/wp-content\/uploads\/2014\/04\/20140406_104248-1024x768.jpg\" alt=\"20140406_104248\" width=\"825\" height=\"619\" srcset=\"https:\/\/rueilavelo.fr\/rav\/wp-content\/uploads\/2014\/04\/20140406_104248-1024x768.jpg 1024w, https:\/\/rueilavelo.fr\/rav\/wp-content\/uploads\/2014\/04\/20140406_104248-300x225.jpg 300w, https:\/\/rueilavelo.fr\/rav\/wp-content\/uploads\/2014\/04\/20140406_104248-768x576.jpg 768w, https:\/\/rueilavelo.fr\/rav\/wp-content\/uploads\/2014\/04\/20140406_104248-1536x1152.jpg 1536w, https:\/\/rueilavelo.fr\/rav\/wp-content\/uploads\/2014\/04\/20140406_104248-2048x1536.jpg 2048w\" sizes=\"auto, (max-width: 825px) 100vw, 825px\" \/><\/a> <a href=\"http:\/\/rueilavelo.fr\/rav\/wp-content\/uploads\/2014\/04\/20140406_104530.jpg\"><img loading=\"lazy\" decoding=\"async\" class=\"aligncenter wp-image-821 size-large\" src=\"https:\/\/rueilavelo.fr\/rav\/wp-content\/uploads\/2014\/04\/20140406_104530-1024x768.jpg\" alt=\"20140406_104530\" width=\"825\" height=\"619\" srcset=\"https:\/\/rueilavelo.fr\/rav\/wp-content\/uploads\/2014\/04\/20140406_104530-1024x768.jpg 1024w, https:\/\/rueilavelo.fr\/rav\/wp-content\/uploads\/2014\/04\/20140406_104530-300x225.jpg 300w, https:\/\/rueilavelo.fr\/rav\/wp-content\/uploads\/2014\/04\/20140406_104530-768x576.jpg 768w, https:\/\/rueilavelo.fr\/rav\/wp-content\/uploads\/2014\/04\/20140406_104530-1536x1152.jpg 1536w, https:\/\/rueilavelo.fr\/rav\/wp-content\/uploads\/2014\/04\/20140406_104530-2048x1536.jpg 2048w\" sizes=\"auto, (max-width: 825px) 100vw, 825px\" \/><\/a> <a href=\"http:\/\/rueilavelo.fr\/rav\/wp-content\/uploads\/2014\/04\/20140406_111033.jpg\"><img loading=\"lazy\" decoding=\"async\" class=\"aligncenter wp-image-822 size-large\" src=\"https:\/\/rueilavelo.fr\/rav\/wp-content\/uploads\/2014\/04\/20140406_111033-1024x768.jpg\" alt=\"20140406_111033\" width=\"825\" height=\"619\" srcset=\"https:\/\/rueilavelo.fr\/rav\/wp-content\/uploads\/2014\/04\/20140406_111033-1024x768.jpg 1024w, https:\/\/rueilavelo.fr\/rav\/wp-content\/uploads\/2014\/04\/20140406_111033-300x225.jpg 300w, https:\/\/rueilavelo.fr\/rav\/wp-content\/uploads\/2014\/04\/20140406_111033-768x576.jpg 768w, https:\/\/rueilavelo.fr\/rav\/wp-content\/uploads\/2014\/04\/20140406_111033-1536x1152.jpg 1536w, https:\/\/rueilavelo.fr\/rav\/wp-content\/uploads\/2014\/04\/20140406_111033-2048x1536.jpg 2048w\" sizes=\"auto, (max-width: 825px) 100vw, 825px\" \/><\/a> <a href=\"http:\/\/rueilavelo.fr\/rav\/wp-content\/uploads\/2014\/04\/20140406_114030.jpg\"><img loading=\"lazy\" decoding=\"async\" class=\"aligncenter wp-image-823 size-large\" src=\"https:\/\/rueilavelo.fr\/rav\/wp-content\/uploads\/2014\/04\/20140406_114030-1024x768.jpg\" alt=\"20140406_114030\" width=\"825\" height=\"619\" srcset=\"https:\/\/rueilavelo.fr\/rav\/wp-content\/uploads\/2014\/04\/20140406_114030-1024x768.jpg 1024w, https:\/\/rueilavelo.fr\/rav\/wp-content\/uploads\/2014\/04\/20140406_114030-300x225.jpg 300w, https:\/\/rueilavelo.fr\/rav\/wp-content\/uploads\/2014\/04\/20140406_114030-768x576.jpg 768w, https:\/\/rueilavelo.fr\/rav\/wp-content\/uploads\/2014\/04\/20140406_114030-1536x1152.jpg 1536w, https:\/\/rueilavelo.fr\/rav\/wp-content\/uploads\/2014\/04\/20140406_114030-2048x1536.jpg 2048w\" sizes=\"auto, (max-width: 825px) 100vw, 825px\" \/><\/a> <a href=\"http:\/\/rueilavelo.fr\/rav\/wp-content\/uploads\/2014\/04\/20140406_111139.jpg\"><img loading=\"lazy\" decoding=\"async\" class=\"aligncenter wp-image-824 size-large\" src=\"https:\/\/rueilavelo.fr\/rav\/wp-content\/uploads\/2014\/04\/20140406_111139-1024x768.jpg\" alt=\"20140406_111139\" width=\"825\" height=\"619\" srcset=\"https:\/\/rueilavelo.fr\/rav\/wp-content\/uploads\/2014\/04\/20140406_111139-1024x768.jpg 1024w, https:\/\/rueilavelo.fr\/rav\/wp-content\/uploads\/2014\/04\/20140406_111139-300x225.jpg 300w, https:\/\/rueilavelo.fr\/rav\/wp-content\/uploads\/2014\/04\/20140406_111139-768x576.jpg 768w, https:\/\/rueilavelo.fr\/rav\/wp-content\/uploads\/2014\/04\/20140406_111139-1536x1152.jpg 1536w, https:\/\/rueilavelo.fr\/rav\/wp-content\/uploads\/2014\/04\/20140406_111139-2048x1536.jpg 2048w\" sizes=\"auto, (max-width: 825px) 100vw, 825px\" \/><\/a> <a href=\"http:\/\/rueilavelo.fr\/rav\/wp-content\/uploads\/2014\/04\/20140406_111851.jpg\"><img loading=\"lazy\" decoding=\"async\" class=\"aligncenter wp-image-825 size-large\" src=\"https:\/\/rueilavelo.fr\/rav\/wp-content\/uploads\/2014\/04\/20140406_111851-1024x768.jpg\" alt=\"20140406_111851\" width=\"825\" height=\"619\" srcset=\"https:\/\/rueilavelo.fr\/rav\/wp-content\/uploads\/2014\/04\/20140406_111851-1024x768.jpg 1024w, https:\/\/rueilavelo.fr\/rav\/wp-content\/uploads\/2014\/04\/20140406_111851-300x225.jpg 300w, https:\/\/rueilavelo.fr\/rav\/wp-content\/uploads\/2014\/04\/20140406_111851-768x576.jpg 768w, https:\/\/rueilavelo.fr\/rav\/wp-content\/uploads\/2014\/04\/20140406_111851-1536x1152.jpg 1536w, https:\/\/rueilavelo.fr\/rav\/wp-content\/uploads\/2014\/04\/20140406_111851-2048x1536.jpg 2048w\" sizes=\"auto, (max-width: 825px) 100vw, 825px\" \/><\/a> <a href=\"http:\/\/rueilavelo.fr\/rav\/wp-content\/uploads\/2014\/04\/20140406_113737.jpg\"><img loading=\"lazy\" decoding=\"async\" class=\"aligncenter wp-image-826 size-large\" src=\"https:\/\/rueilavelo.fr\/rav\/wp-content\/uploads\/2014\/04\/20140406_113737-768x1024.jpg\" alt=\"20140406_113737\" width=\"768\" height=\"1024\" srcset=\"https:\/\/rueilavelo.fr\/rav\/wp-content\/uploads\/2014\/04\/20140406_113737-768x1024.jpg 768w, https:\/\/rueilavelo.fr\/rav\/wp-content\/uploads\/2014\/04\/20140406_113737-225x300.jpg 225w, https:\/\/rueilavelo.fr\/rav\/wp-content\/uploads\/2014\/04\/20140406_113737-1152x1536.jpg 1152w, https:\/\/rueilavelo.fr\/rav\/wp-content\/uploads\/2014\/04\/20140406_113737-1536x2048.jpg 1536w, https:\/\/rueilavelo.fr\/rav\/wp-content\/uploads\/2014\/04\/20140406_113737-scaled.jpg 1920w\" sizes=\"auto, (max-width: 768px) 100vw, 768px\" \/><\/a> <a href=\"http:\/\/rueilavelo.fr\/rav\/wp-content\/uploads\/2014\/04\/20140406_115131.jpg\"><img loading=\"lazy\" decoding=\"async\" class=\"aligncenter wp-image-827 size-large\" src=\"https:\/\/rueilavelo.fr\/rav\/wp-content\/uploads\/2014\/04\/20140406_115131-1024x768.jpg\" alt=\"20140406_115131\" width=\"825\" height=\"619\" srcset=\"https:\/\/rueilavelo.fr\/rav\/wp-content\/uploads\/2014\/04\/20140406_115131-1024x768.jpg 1024w, https:\/\/rueilavelo.fr\/rav\/wp-content\/uploads\/2014\/04\/20140406_115131-300x225.jpg 300w, https:\/\/rueilavelo.fr\/rav\/wp-content\/uploads\/2014\/04\/20140406_115131-768x576.jpg 768w, https:\/\/rueilavelo.fr\/rav\/wp-content\/uploads\/2014\/04\/20140406_115131-1536x1152.jpg 1536w, https:\/\/rueilavelo.fr\/rav\/wp-content\/uploads\/2014\/04\/20140406_115131-2048x1536.jpg 2048w\" sizes=\"auto, (max-width: 825px) 100vw, 825px\" \/><\/a> <a href=\"http:\/\/rueilavelo.fr\/rav\/wp-content\/uploads\/2014\/04\/20140406_114210.jpg\"><img loading=\"lazy\" decoding=\"async\" class=\"aligncenter wp-image-828 size-large\" src=\"https:\/\/rueilavelo.fr\/rav\/wp-content\/uploads\/2014\/04\/20140406_114210-1024x768.jpg\" alt=\"20140406_114210\" width=\"825\" height=\"619\" srcset=\"https:\/\/rueilavelo.fr\/rav\/wp-content\/uploads\/2014\/04\/20140406_114210-1024x768.jpg 1024w, https:\/\/rueilavelo.fr\/rav\/wp-content\/uploads\/2014\/04\/20140406_114210-300x225.jpg 300w, https:\/\/rueilavelo.fr\/rav\/wp-content\/uploads\/2014\/04\/20140406_114210-768x576.jpg 768w, https:\/\/rueilavelo.fr\/rav\/wp-content\/uploads\/2014\/04\/20140406_114210-1536x1152.jpg 1536w, https:\/\/rueilavelo.fr\/rav\/wp-content\/uploads\/2014\/04\/20140406_114210-2048x1536.jpg 2048w\" sizes=\"auto, (max-width: 825px) 100vw, 825px\" \/><\/a> <a href=\"http:\/\/rueilavelo.fr\/rav\/wp-content\/uploads\/2014\/04\/20140406_115449.jpg\"><img loading=\"lazy\" decoding=\"async\" class=\"aligncenter wp-image-829 size-large\" src=\"https:\/\/rueilavelo.fr\/rav\/wp-content\/uploads\/2014\/04\/20140406_115449-1024x768.jpg\" alt=\"20140406_115449\" width=\"825\" height=\"619\" srcset=\"https:\/\/rueilavelo.fr\/rav\/wp-content\/uploads\/2014\/04\/20140406_115449-1024x768.jpg 1024w, https:\/\/rueilavelo.fr\/rav\/wp-content\/uploads\/2014\/04\/20140406_115449-300x225.jpg 300w, https:\/\/rueilavelo.fr\/rav\/wp-content\/uploads\/2014\/04\/20140406_115449-768x576.jpg 768w, https:\/\/rueilavelo.fr\/rav\/wp-content\/uploads\/2014\/04\/20140406_115449-1536x1152.jpg 1536w, https:\/\/rueilavelo.fr\/rav\/wp-content\/uploads\/2014\/04\/20140406_115449-2048x1536.jpg 2048w\" sizes=\"auto, (max-width: 825px) 100vw, 825px\" \/><\/a> <a href=\"http:\/\/rueilavelo.fr\/rav\/wp-content\/uploads\/2014\/04\/20140406_115326.jpg\"><img loading=\"lazy\" decoding=\"async\" class=\"aligncenter wp-image-830 size-large\" src=\"https:\/\/rueilavelo.fr\/rav\/wp-content\/uploads\/2014\/04\/20140406_115326-1024x768.jpg\" alt=\"20140406_115326\" width=\"825\" height=\"619\" srcset=\"https:\/\/rueilavelo.fr\/rav\/wp-content\/uploads\/2014\/04\/20140406_115326-1024x768.jpg 1024w, https:\/\/rueilavelo.fr\/rav\/wp-content\/uploads\/2014\/04\/20140406_115326-300x225.jpg 300w, https:\/\/rueilavelo.fr\/rav\/wp-content\/uploads\/2014\/04\/20140406_115326-768x576.jpg 768w, https:\/\/rueilavelo.fr\/rav\/wp-content\/uploads\/2014\/04\/20140406_115326-1536x1152.jpg 1536w, https:\/\/rueilavelo.fr\/rav\/wp-content\/uploads\/2014\/04\/20140406_115326-2048x1536.jpg 2048w\" sizes=\"auto, (max-width: 825px) 100vw, 825px\" \/><\/a> <a href=\"http:\/\/rueilavelo.fr\/rav\/wp-content\/uploads\/2014\/04\/20140406_115609.jpg\"><img loading=\"lazy\" decoding=\"async\" class=\"aligncenter wp-image-831 size-large\" src=\"https:\/\/rueilavelo.fr\/rav\/wp-content\/uploads\/2014\/04\/20140406_115609-1024x768.jpg\" alt=\"20140406_115609\" width=\"825\" height=\"619\" srcset=\"https:\/\/rueilavelo.fr\/rav\/wp-content\/uploads\/2014\/04\/20140406_115609-1024x768.jpg 1024w, https:\/\/rueilavelo.fr\/rav\/wp-content\/uploads\/2014\/04\/20140406_115609-300x225.jpg 300w, https:\/\/rueilavelo.fr\/rav\/wp-content\/uploads\/2014\/04\/20140406_115609-768x576.jpg 768w, https:\/\/rueilavelo.fr\/rav\/wp-content\/uploads\/2014\/04\/20140406_115609-1536x1152.jpg 1536w, https:\/\/rueilavelo.fr\/rav\/wp-content\/uploads\/2014\/04\/20140406_115609-2048x1536.jpg 2048w\" sizes=\"auto, (max-width: 825px) 100vw, 825px\" \/><\/a> <a href=\"http:\/\/rueilavelo.fr\/rav\/wp-content\/uploads\/2014\/04\/20140406_115535.jpg\"><img loading=\"lazy\" decoding=\"async\" class=\"aligncenter wp-image-832 size-large\" src=\"https:\/\/rueilavelo.fr\/rav\/wp-content\/uploads\/2014\/04\/20140406_115535-1024x768.jpg\" alt=\"20140406_115535\" width=\"825\" height=\"619\" srcset=\"https:\/\/rueilavelo.fr\/rav\/wp-content\/uploads\/2014\/04\/20140406_115535-1024x768.jpg 1024w, https:\/\/rueilavelo.fr\/rav\/wp-content\/uploads\/2014\/04\/20140406_115535-300x225.jpg 300w, https:\/\/rueilavelo.fr\/rav\/wp-content\/uploads\/2014\/04\/20140406_115535-768x576.jpg 768w, https:\/\/rueilavelo.fr\/rav\/wp-content\/uploads\/2014\/04\/20140406_115535-1536x1152.jpg 1536w, https:\/\/rueilavelo.fr\/rav\/wp-content\/uploads\/2014\/04\/20140406_115535-2048x1536.jpg 2048w\" sizes=\"auto, (max-width: 825px) 100vw, 825px\" \/><\/a><\/p>\n","protected":false},"excerpt":{"rendered":"<p>Nous avons go\u00fbt\u00e9 l&rsquo;ambiance dominicale de la D\u00e9fense, explor\u00e9\u00a0l&rsquo;\u00eele de la Jatte, applaudi les marathoniens et musiciens au Bois de &hellip; <a href=\"https:\/\/rueilavelo.fr\/rav\/photos\/sortie-du-6-avril\/\" class=\"more-link\">Plus <span class=\"screen-reader-text\">Sortie du 6 avril 2014<\/span> <span class=\"meta-nav\">&rarr;<\/span><\/a><\/p>\n","protected":false},"author":2,"featured_media":0,"parent":54,"menu_order":2,"comment_status":"closed","ping_status":"open","template":"","meta":{"footnotes":""},"class_list":["post-818","page","type-page","status-publish","hentry"],"_links":{"self":[{"href":"https:\/\/rueilavelo.fr\/rav\/wp-json\/wp\/v2\/pages\/818","targetHints":{"allow":["GET"]}}],"collection":[{"href":"https:\/\/rueilavelo.fr\/rav\/wp-json\/wp\/v2\/pages"}],"about":[{"href":"https:\/\/rueilavelo.fr\/rav\/wp-json\/wp\/v2\/types\/page"}],"author":[{"embeddable":true,"href":"https:\/\/rueilavelo.fr\/rav\/wp-json\/wp\/v2\/users\/2"}],"replies":[{"embeddable":true,"href":"https:\/\/rueilavelo.fr\/rav\/wp-json\/wp\/v2\/comments?post=818"}],"version-history":[{"count":1,"href":"https:\/\/rueilavelo.fr\/rav\/wp-json\/wp\/v2\/pages\/818\/revisions"}],"predecessor-version":[{"id":5251,"href":"https:\/\/rueilavelo.fr\/rav\/wp-json\/wp\/v2\/pages\/818\/revisions\/5251"}],"up":[{"embeddable":true,"href":"https:\/\/rueilavelo.fr\/rav\/wp-json\/wp\/v2\/pages\/54"}],"wp:attachment":[{"href":"https:\/\/rueilavelo.fr\/rav\/wp-json\/wp\/v2\/media?parent=818"}],"curies":[{"name":"wp","href":"https:\/\/api.w.org\/{rel}","templated":true}]}}