{"id":836,"date":"2014-05-16T17:18:24","date_gmt":"2014-05-16T17:18:24","guid":{"rendered":"http:\/\/rueilavelo.fr\/rav\/?page_id=836"},"modified":"2014-05-16T17:18:24","modified_gmt":"2014-05-16T17:18:24","slug":"bourse-aux-velos-2014","status":"publish","type":"page","link":"https:\/\/rueilavelo.fr\/rav\/evenements-2\/bourse-aux-velos-2014\/","title":{"rendered":"Bourse aux v\u00e9los 2014"},"content":{"rendered":"<p>L\u2019\u00e9v\u00e9nement se d\u00e9roulera les 14 et 15 juin prochains.\u00a0<a href=\"http:\/\/rueilavelo.fr\/rav\/wp-content\/uploads\/2014\/05\/p1110378.jpg\"><img loading=\"lazy\" decoding=\"async\" class=\"alignright size-medium wp-image-837\" src=\"http:\/\/rueilavelo.fr\/rav\/wp-content\/uploads\/2014\/05\/p1110378.jpg?w=300\" alt=\"P1110378\" width=\"300\" height=\"224\" srcset=\"https:\/\/rueilavelo.fr\/rav\/wp-content\/uploads\/2014\/05\/p1110378.jpg 448w, https:\/\/rueilavelo.fr\/rav\/wp-content\/uploads\/2014\/05\/p1110378-300x225.jpg 300w\" sizes=\"auto, (max-width: 300px) 100vw, 300px\" \/><\/a><\/p>\n<p>Toutes les infos sont <a href=\"http:\/\/rueilavelo.fr\/rav\/wp-content\/uploads\/2014\/04\/bourse_aux_vc3a9los_vf.pdf\">ici<\/a>.<\/p>\n<p>Le r\u00e8glement d\u00e9taill\u00e9 est <a href=\"http:\/\/rueilavelo.fr\/rav\/wp-content\/uploads\/2014\/05\/reglement-bourse-aux-velos-2014-chartc3a9e.pdf\">l\u00e0<\/a>.<\/p>\n","protected":false},"excerpt":{"rendered":"<p>L\u2019\u00e9v\u00e9nement se d\u00e9roulera les 14 et 15 juin prochains.\u00a0 Toutes les infos sont ici. Le r\u00e8glement d\u00e9taill\u00e9 est l\u00e0.<\/p>\n","protected":false},"author":2,"featured_media":0,"parent":254,"menu_order":6,"comment_status":"closed","ping_status":"open","template":"","meta":{"footnotes":""},"class_list":["post-836","page","type-page","status-publish","hentry"],"_links":{"self":[{"href":"https:\/\/rueilavelo.fr\/rav\/wp-json\/wp\/v2\/pages\/836","targetHints":{"allow":["GET"]}}],"collection":[{"href":"https:\/\/rueilavelo.fr\/rav\/wp-json\/wp\/v2\/pages"}],"about":[{"href":"https:\/\/rueilavelo.fr\/rav\/wp-json\/wp\/v2\/types\/page"}],"author":[{"embeddable":true,"href":"https:\/\/rueilavelo.fr\/rav\/wp-json\/wp\/v2\/users\/2"}],"replies":[{"embeddable":true,"href":"https:\/\/rueilavelo.fr\/rav\/wp-json\/wp\/v2\/comments?post=836"}],"version-history":[{"count":0,"href":"https:\/\/rueilavelo.fr\/rav\/wp-json\/wp\/v2\/pages\/836\/revisions"}],"up":[{"embeddable":true,"href":"https:\/\/rueilavelo.fr\/rav\/wp-json\/wp\/v2\/pages\/254"}],"wp:attachment":[{"href":"https:\/\/rueilavelo.fr\/rav\/wp-json\/wp\/v2\/media?parent=836"}],"curies":[{"name":"wp","href":"https:\/\/api.w.org\/{rel}","templated":true}]}}