{"id":88,"date":"2012-02-07T21:15:33","date_gmt":"2012-02-07T21:15:33","guid":{"rendered":"http:\/\/rueilavelo.fr\/rav\/?page_id=88"},"modified":"2025-11-30T18:15:52","modified_gmt":"2025-11-30T17:15:52","slug":"sorties-decouvertes-du-dimanche","status":"publish","type":"page","link":"https:\/\/rueilavelo.fr\/rav\/action\/sorties-decouvertes-du-dimanche\/","title":{"rendered":"Sorties d\u00e9couvertes du dimanche"},"content":{"rendered":"<p>Rueil \u00e0 V\u00e9lo organise tous les 1ers dimanches de chaque mois une sortie matinale de 2h environ afin de permettre de d\u00e9couvrir des itin\u00e9raires \u00ab\u00a0verts\u00a0\u00bb et tranquilles \u00e0 Rueil et ses alentours. Sans objectif de performance, ces sorties sont ouvertes aux adultes et jeunes de plus de 13 ans, sans inscription et sans obligation de r\u00e9gularit\u00e9.<\/p>\n<p>Rendez-vous \u00e0 10h chaque 1ers dimanche du mois sur la place de l&rsquo;Eglise du centre-ville, pour 20 \u00e0 25 kms dans toutes les directions autour de Rueil.<\/p>\n<p>Plus de photos dans la rubrique <a title=\"Photos\" href=\"http:\/\/rueilavelo.fr\/rav\/photos\/\">Photos <\/a>!<a href=\"http:\/\/rueilavelo.fr\/rav\/wp-content\/uploads\/2012\/02\/pont-canal1.jpg\"><img loading=\"lazy\" decoding=\"async\" class=\"alignleft wp-image-91 size-medium\" title=\"pont canal\" src=\"https:\/\/rueilavelo.fr\/rav\/wp-content\/uploads\/2012\/02\/pont-canal1-300x225.jpg\" alt=\"\" width=\"300\" height=\"225\" srcset=\"https:\/\/rueilavelo.fr\/rav\/wp-content\/uploads\/2012\/02\/pont-canal1-300x225.jpg 300w, https:\/\/rueilavelo.fr\/rav\/wp-content\/uploads\/2012\/02\/pont-canal1-1024x768.jpg 1024w, https:\/\/rueilavelo.fr\/rav\/wp-content\/uploads\/2012\/02\/pont-canal1-768x576.jpg 768w, https:\/\/rueilavelo.fr\/rav\/wp-content\/uploads\/2012\/02\/pont-canal1-1536x1152.jpg 1536w, https:\/\/rueilavelo.fr\/rav\/wp-content\/uploads\/2012\/02\/pont-canal1-2048x1536.jpg 2048w\" sizes=\"auto, (max-width: 300px) 100vw, 300px\" \/><\/a><\/p>\n","protected":false},"excerpt":{"rendered":"<p>Rueil \u00e0 V\u00e9lo organise tous les 1ers dimanches de chaque mois une sortie matinale de 2h environ afin de permettre &hellip; <a href=\"https:\/\/rueilavelo.fr\/rav\/action\/sorties-decouvertes-du-dimanche\/\" class=\"more-link\">Plus <span class=\"screen-reader-text\">Sorties d\u00e9couvertes du dimanche<\/span> <span class=\"meta-nav\">&rarr;<\/span><\/a><\/p>\n","protected":false},"author":2,"featured_media":89,"parent":20,"menu_order":1,"comment_status":"closed","ping_status":"open","template":"","meta":{"footnotes":""},"class_list":["post-88","page","type-page","status-publish","has-post-thumbnail","hentry"],"_links":{"self":[{"href":"https:\/\/rueilavelo.fr\/rav\/wp-json\/wp\/v2\/pages\/88","targetHints":{"allow":["GET"]}}],"collection":[{"href":"https:\/\/rueilavelo.fr\/rav\/wp-json\/wp\/v2\/pages"}],"about":[{"href":"https:\/\/rueilavelo.fr\/rav\/wp-json\/wp\/v2\/types\/page"}],"author":[{"embeddable":true,"href":"https:\/\/rueilavelo.fr\/rav\/wp-json\/wp\/v2\/users\/2"}],"replies":[{"embeddable":true,"href":"https:\/\/rueilavelo.fr\/rav\/wp-json\/wp\/v2\/comments?post=88"}],"version-history":[{"count":2,"href":"https:\/\/rueilavelo.fr\/rav\/wp-json\/wp\/v2\/pages\/88\/revisions"}],"predecessor-version":[{"id":5052,"href":"https:\/\/rueilavelo.fr\/rav\/wp-json\/wp\/v2\/pages\/88\/revisions\/5052"}],"up":[{"embeddable":true,"href":"https:\/\/rueilavelo.fr\/rav\/wp-json\/wp\/v2\/pages\/20"}],"wp:featuredmedia":[{"embeddable":true,"href":"https:\/\/rueilavelo.fr\/rav\/wp-json\/wp\/v2\/media\/89"}],"wp:attachment":[{"href":"https:\/\/rueilavelo.fr\/rav\/wp-json\/wp\/v2\/media?parent=88"}],"curies":[{"name":"wp","href":"https:\/\/api.w.org\/{rel}","templated":true}]}}