{"id":901,"date":"2014-09-28T13:10:34","date_gmt":"2014-09-28T13:10:34","guid":{"rendered":"http:\/\/rueilavelo.fr\/rav\/?page_id=901"},"modified":"2025-12-31T16:51:05","modified_gmt":"2025-12-31T15:51:05","slug":"sortie-du-7-septembre-2014","status":"publish","type":"page","link":"https:\/\/rueilavelo.fr\/rav\/sortie-du-7-septembre-2014\/","title":{"rendered":"Sortie du 7 septembre 2014"},"content":{"rendered":"<p>Nous avons p\u00e9dal\u00e9 sur\u00a0les quais de Seine entre Puteaux et Asni\u00e8res, condamn\u00e9s aux v\u00e9hicules motoris\u00e9s sur 6 kms, livr\u00e9s \u00e0 toutes sortes d&rsquo;engins \u00e0 roulette. Une exp\u00e9rience plut\u00f4t incongrue au pied de la D\u00e9fense. Partag\u00e9e avec 2 chinois, repr\u00e9sentants de la nation cycliste par excellence !<\/p>\n<p><a href=\"http:\/\/rueilavelo.fr\/rav\/wp-content\/uploads\/2014\/09\/unset4.jpg\"><img loading=\"lazy\" decoding=\"async\" class=\"aligncenter wp-image-899 size-full\" src=\"https:\/\/rueilavelo.fr\/rav\/wp-content\/uploads\/2014\/09\/unset4.jpg\" alt=\"[UNSET](4)\" width=\"1024\" height=\"768\" srcset=\"https:\/\/rueilavelo.fr\/rav\/wp-content\/uploads\/2014\/09\/unset4.jpg 1024w, https:\/\/rueilavelo.fr\/rav\/wp-content\/uploads\/2014\/09\/unset4-300x225.jpg 300w, https:\/\/rueilavelo.fr\/rav\/wp-content\/uploads\/2014\/09\/unset4-768x576.jpg 768w\" sizes=\"auto, (max-width: 1024px) 100vw, 1024px\" \/><\/a><a href=\"http:\/\/rueilavelo.fr\/rav\/wp-content\/uploads\/2014\/09\/unset3.jpg\"><img loading=\"lazy\" decoding=\"async\" class=\"aligncenter wp-image-892 size-full\" src=\"https:\/\/rueilavelo.fr\/rav\/wp-content\/uploads\/2014\/09\/unset3.jpg\" alt=\"[UNSET](3)\" width=\"1024\" height=\"768\" srcset=\"https:\/\/rueilavelo.fr\/rav\/wp-content\/uploads\/2014\/09\/unset3.jpg 1024w, https:\/\/rueilavelo.fr\/rav\/wp-content\/uploads\/2014\/09\/unset3-300x225.jpg 300w, https:\/\/rueilavelo.fr\/rav\/wp-content\/uploads\/2014\/09\/unset3-768x576.jpg 768w\" sizes=\"auto, (max-width: 1024px) 100vw, 1024px\" \/><\/a><\/p>\n<p><a href=\"http:\/\/rueilavelo.fr\/rav\/wp-content\/uploads\/2014\/09\/unset6.jpg\"><img loading=\"lazy\" decoding=\"async\" class=\"aligncenter wp-image-900 size-full\" src=\"https:\/\/rueilavelo.fr\/rav\/wp-content\/uploads\/2014\/09\/unset6.jpg\" alt=\"[UNSET](6)\" width=\"1024\" height=\"768\" srcset=\"https:\/\/rueilavelo.fr\/rav\/wp-content\/uploads\/2014\/09\/unset6.jpg 1024w, https:\/\/rueilavelo.fr\/rav\/wp-content\/uploads\/2014\/09\/unset6-300x225.jpg 300w, https:\/\/rueilavelo.fr\/rav\/wp-content\/uploads\/2014\/09\/unset6-768x576.jpg 768w\" sizes=\"auto, (max-width: 1024px) 100vw, 1024px\" \/><\/a><\/p>\n<p><a href=\"http:\/\/rueilavelo.fr\/rav\/wp-content\/uploads\/2014\/09\/unset10.jpg\"><img loading=\"lazy\" decoding=\"async\" class=\"aligncenter wp-image-894 size-full\" src=\"https:\/\/rueilavelo.fr\/rav\/wp-content\/uploads\/2014\/09\/unset10.jpg\" alt=\"[UNSET](10)\" width=\"1024\" height=\"768\" srcset=\"https:\/\/rueilavelo.fr\/rav\/wp-content\/uploads\/2014\/09\/unset10.jpg 1024w, https:\/\/rueilavelo.fr\/rav\/wp-content\/uploads\/2014\/09\/unset10-300x225.jpg 300w, https:\/\/rueilavelo.fr\/rav\/wp-content\/uploads\/2014\/09\/unset10-768x576.jpg 768w\" sizes=\"auto, (max-width: 1024px) 100vw, 1024px\" \/><\/a><a href=\"http:\/\/rueilavelo.fr\/rav\/wp-content\/uploads\/2014\/09\/unset8.jpg\"><img loading=\"lazy\" decoding=\"async\" class=\"aligncenter wp-image-893 size-full\" src=\"https:\/\/rueilavelo.fr\/rav\/wp-content\/uploads\/2014\/09\/unset8.jpg\" alt=\"[UNSET](8)\" width=\"768\" height=\"1024\" srcset=\"https:\/\/rueilavelo.fr\/rav\/wp-content\/uploads\/2014\/09\/unset8.jpg 768w, https:\/\/rueilavelo.fr\/rav\/wp-content\/uploads\/2014\/09\/unset8-225x300.jpg 225w\" sizes=\"auto, (max-width: 768px) 100vw, 768px\" \/><\/a><a href=\"http:\/\/rueilavelo.fr\/rav\/wp-content\/uploads\/2014\/09\/unset11.jpg\"><img loading=\"lazy\" decoding=\"async\" class=\"aligncenter wp-image-895 size-full\" src=\"https:\/\/rueilavelo.fr\/rav\/wp-content\/uploads\/2014\/09\/unset11.jpg\" alt=\"[UNSET](11)\" width=\"1024\" height=\"768\" srcset=\"https:\/\/rueilavelo.fr\/rav\/wp-content\/uploads\/2014\/09\/unset11.jpg 1024w, https:\/\/rueilavelo.fr\/rav\/wp-content\/uploads\/2014\/09\/unset11-300x225.jpg 300w, https:\/\/rueilavelo.fr\/rav\/wp-content\/uploads\/2014\/09\/unset11-768x576.jpg 768w\" sizes=\"auto, (max-width: 1024px) 100vw, 1024px\" \/><\/a><a href=\"http:\/\/rueilavelo.fr\/rav\/wp-content\/uploads\/2014\/09\/unset13.jpg\"><img loading=\"lazy\" decoding=\"async\" class=\"aligncenter wp-image-896 size-full\" src=\"https:\/\/rueilavelo.fr\/rav\/wp-content\/uploads\/2014\/09\/unset13.jpg\" alt=\"[UNSET](13)\" width=\"1024\" height=\"768\" srcset=\"https:\/\/rueilavelo.fr\/rav\/wp-content\/uploads\/2014\/09\/unset13.jpg 1024w, https:\/\/rueilavelo.fr\/rav\/wp-content\/uploads\/2014\/09\/unset13-300x225.jpg 300w, https:\/\/rueilavelo.fr\/rav\/wp-content\/uploads\/2014\/09\/unset13-768x576.jpg 768w\" sizes=\"auto, (max-width: 1024px) 100vw, 1024px\" \/><\/a> <a href=\"http:\/\/rueilavelo.fr\/rav\/wp-content\/uploads\/2014\/09\/unset15.jpg\"><img loading=\"lazy\" decoding=\"async\" class=\"aligncenter wp-image-897 size-full\" src=\"https:\/\/rueilavelo.fr\/rav\/wp-content\/uploads\/2014\/09\/unset15.jpg\" alt=\"[UNSET](15)\" width=\"1024\" height=\"768\" srcset=\"https:\/\/rueilavelo.fr\/rav\/wp-content\/uploads\/2014\/09\/unset15.jpg 1024w, https:\/\/rueilavelo.fr\/rav\/wp-content\/uploads\/2014\/09\/unset15-300x225.jpg 300w, https:\/\/rueilavelo.fr\/rav\/wp-content\/uploads\/2014\/09\/unset15-768x576.jpg 768w\" sizes=\"auto, (max-width: 1024px) 100vw, 1024px\" \/><\/a> <a href=\"http:\/\/rueilavelo.fr\/rav\/wp-content\/uploads\/2014\/09\/unset16.jpg\"><img loading=\"lazy\" decoding=\"async\" class=\"aligncenter wp-image-898 size-full\" src=\"https:\/\/rueilavelo.fr\/rav\/wp-content\/uploads\/2014\/09\/unset16.jpg\" alt=\"[UNSET](16)\" width=\"768\" height=\"1024\" srcset=\"https:\/\/rueilavelo.fr\/rav\/wp-content\/uploads\/2014\/09\/unset16.jpg 768w, https:\/\/rueilavelo.fr\/rav\/wp-content\/uploads\/2014\/09\/unset16-225x300.jpg 225w\" sizes=\"auto, (max-width: 768px) 100vw, 768px\" \/><\/a><\/p>\n<p>&nbsp;<\/p>\n","protected":false},"excerpt":{"rendered":"<p>Nous avons p\u00e9dal\u00e9 sur\u00a0les quais de Seine entre Puteaux et Asni\u00e8res, condamn\u00e9s aux v\u00e9hicules motoris\u00e9s sur 6 kms, livr\u00e9s \u00e0 &hellip; <a href=\"https:\/\/rueilavelo.fr\/rav\/sortie-du-7-septembre-2014\/\" class=\"more-link\">Plus <span class=\"screen-reader-text\">Sortie du 7 septembre 2014<\/span> <span class=\"meta-nav\">&rarr;<\/span><\/a><\/p>\n","protected":false},"author":2,"featured_media":0,"parent":0,"menu_order":0,"comment_status":"closed","ping_status":"open","template":"","meta":{"footnotes":""},"class_list":["post-901","page","type-page","status-publish","hentry"],"_links":{"self":[{"href":"https:\/\/rueilavelo.fr\/rav\/wp-json\/wp\/v2\/pages\/901","targetHints":{"allow":["GET"]}}],"collection":[{"href":"https:\/\/rueilavelo.fr\/rav\/wp-json\/wp\/v2\/pages"}],"about":[{"href":"https:\/\/rueilavelo.fr\/rav\/wp-json\/wp\/v2\/types\/page"}],"author":[{"embeddable":true,"href":"https:\/\/rueilavelo.fr\/rav\/wp-json\/wp\/v2\/users\/2"}],"replies":[{"embeddable":true,"href":"https:\/\/rueilavelo.fr\/rav\/wp-json\/wp\/v2\/comments?post=901"}],"version-history":[{"count":1,"href":"https:\/\/rueilavelo.fr\/rav\/wp-json\/wp\/v2\/pages\/901\/revisions"}],"predecessor-version":[{"id":5249,"href":"https:\/\/rueilavelo.fr\/rav\/wp-json\/wp\/v2\/pages\/901\/revisions\/5249"}],"wp:attachment":[{"href":"https:\/\/rueilavelo.fr\/rav\/wp-json\/wp\/v2\/media?parent=901"}],"curies":[{"name":"wp","href":"https:\/\/api.w.org\/{rel}","templated":true}]}}